{"id":26728,"date":"2023-12-26T18:54:33","date_gmt":"2023-12-26T18:54:33","guid":{"rendered":"https:\/\/staging.registrarcorp.com\/business-model\/global-compliance-solutions\/canada\/"},"modified":"2024-09-26T21:40:06","modified_gmt":"2024-09-26T21:40:06","slug":"canada","status":"publish","type":"page","link":"https:\/\/staging.registrarcorp.com\/de\/business-model\/global-compliance-solutions\/canada\/","title":{"rendered":"Kanada"},"content":{"rendered":"<div class=\"wpb-content-wrapper\">[vc_section el_class=&#8221;banner-section&#8221;][vc_row full_width=&#8221;stretch_row&#8221; css=&#8221;.vc_custom_1726757342969{padding-top: 40px !important;padding-bottom: 20px !important;background-color: #f4f4f4 !important;}&#8221; el_class=&#8221;topContainer row-wdith hero-section&#8221; el_id=&#8221;headerRow&#8221;][vc_column width=&#8221;1\/2&#8243;][vc_column_text css=&#8221;&#8221; fnt_family=&#8221;Montserrat&#8221; fnt_size=&#8221;46&#8243;]\n<h1 style=\"font-weight: bold;\"><span style=\"color: #003873;\">Globale <strong>Compliance<\/strong><\/span><br \/>\n<strong><span style=\"color: #0081ff;\"> vereinfacht.<\/span><\/strong><\/h1>\n[\/vc_column_text][vc_column_text fnt_family=&#8221;Montserrat&#8221; fnt_size=&#8221;24&#8243; grad_text_color1=&#8221;#003873&#8243;]Bei uns geht es um mehr als nur die FDA-Konformit\u00e4t. Die regulatorischen Angebote von Registrar Corp gehen weit \u00fcber die Einhaltung der US-Import- und Exportstandards hinaus. Wir unterst\u00fctzen auch inl\u00e4ndische und internationale Unternehmen, die in L\u00e4nder und Agenturen weltweit exportieren, mit globalen, technologief\u00e4higen Dienstleistungen.[\/vc_column_text][vc_btn title=&#8221;Erfahren Sie mehr \u00fcber Global Compliance&#8221; color=&#8221;sky&#8221; i_align=&#8221;right&#8221; i_icon_fontawesome=&#8221;fas fa-arrow-right&#8221; add_icon=&#8221;true&#8221; el_class=&#8221;primary-btn&#8221; link=&#8221;url:%23compliance-section|&#8221;][\/vc_column][vc_column width=&#8221;1\/2&#8243; el_class=&#8221;container-right&#8221;][vc_single_image image=&#8221;3953&#8243; img_size=&#8221;595&#215;499&#8243; alignment=&#8221;center&#8221;][\/vc_column][\/vc_row][\/vc_section][vc_section full_width=&#8221;stretch_row&#8221; css=&#8221;.vc_custom_1686039165165{padding-bottom: 80px !important;background-color: #ffffff !important;}&#8221; el_id=&#8221;compliance-section&#8221;][vc_row full_width=&#8221;stretch_row&#8221; css=&#8221;.vc_custom_1685617778157{padding-top: 40px !important;padding-bottom: 20px !important;background-color: #ffffff !important;}&#8221;][vc_column width=&#8221;1\/2&#8243;][vc_single_image image=&#8221;3962&#8243; img_size=&#8221;518&#215;255&#8243;][\/vc_column][vc_column width=&#8221;1\/2&#8243;][vc_custom_heading text=&#8221;In allen L\u00e4ndern und Branchen sind wir Ihr Leitfaden zur Compliance.&#8221; font_container=&#8221;tag:h2|font_size:32px|text_align:left|color:%23003873|line_height:40px&#8221; google_fonts=&#8221;font_family:Montserrat%3Aregular%2C700|font_style:700%20bold%20regular%3A700%3Anormal&#8221;][vc_column_text fnt_family=&#8221;Montserrat&#8221; fnt_size=&#8221;18px&#8221; grad_text_color1=&#8221;#003873&#8243;]Als f\u00fchrende regulatorische Berater seit \u00fcber 20 Jahren sind unsere Compliance-Services weltweit vertreten. Von der Registrierung bei Regierungsbeh\u00f6rden bis hin zu umfassenden Softwarel\u00f6sungen, die regulatorische Datenbanken nutzen, k\u00f6nnen Sie Registrar Corp f\u00fcr alle globalen Compliance-Anforderungen Ihres Unternehmens vertrauen.[\/vc_column_text][\/vc_column][\/vc_row][vc_row full_width=&#8221;stretch_row&#8221; css=&#8221;.vc_custom_1685618914004{background-color: #ffffff !important;}&#8221;][vc_column width=&#8221;1\/2&#8243;][vc_row_inner][vc_column_inner][vc_single_image image=&#8221;3910&#8243; img_size=&#8221;full&#8221; alignment=&#8221;center&#8221; el_class=&#8221;heading-img&#8221;][vc_custom_heading text=&#8221;Lebensmittel und Getr\u00e4nke&#8221; font_container=&#8221;tag:h2|font_size:24px|text_align:left|color:%23003873|line_height:40px&#8221; google_fonts=&#8221;font_family:Montserrat%3Aregular%2C700|font_style:700%20bold%20regular%3A700%3Anormal&#8221;][vc_raw_html]PGRpdiBjbGFzcz0iZ2xvYmFsLXVsbGkiPgogICAgPHA+CiBFeHBvcnRpZXJlbiBTaWUgSWhyZSBLb25zdW1nw7x0ZXIgbWl0IFJlZ2lzdHJhciBDb3JwLiBuYWNoIENoaW5hLiBNaXQgZGVyIHJlY2lwZSBzb2Z0d2FyZSBsw7ZzdW5nIEEgbGEgQ2FsYyBrw7ZubmVuIEVpbnJpY2h0dW5nZW4gYXVjaCBlaW5mYWNoIGtvbmZvcm1lIGludGVybmF0aW9uYWxlIEVybsOkaHJ1bmdzZmFrdGVuZXRpa2V0dGVuIGVyc3RlbGxlbi4KICAgIDwvcD4KICAgIDxwIHN0eWxlPSJtYXJnaW4tYm90dG9tOiA1cHg7Ij5VbnNlcmUgZ2xvYmFsZW4gQ29tcGxpYW5jZS1TZXJ2aWNlcyBmw7xyIExlYmVuc21pdHRlbC0gdW5kIEdldHLDpG5rZWVpbnJpY2h0dW5nZW4gdW1mYXNzZW46PC9wPgogICAgPHVsPgogICAgICA8bGk+R0FDQy1SZWdpc3RyaWVydW5nIGbDvHIgVVMtYW1lcmlrYW5pc2NoZSB1bmQgaW50ZXJuYXRpb25hbGUgVW50ZXJuZWhtZW48L2xpPgogICAgICA8bGk+RWlucmVpY2h1bmcgbWVocmVyZXIgUHJvZHVrdGthdGVnb3JpZW48L2xpPgogICAgICA8bGk+QWt0dWFsaXNpZXJ1bmdlbiBkZXIgRXhwb3J0bGlzdGU8L2xpPgogICAgPC91bD4KPHAgc3R5bGU9Im1hcmdpbi1ib3R0b206IDVweDsiPk1pdCBBIGxhIENhbGMgZXJoYWx0ZW4gU2llOjwvcD4KPHVsPgo8bGk+SW50ZXJuYXRpb25hbGUgRGF0ZW5iYW5rIHp1IEluaGFsdHNzdG9mZmVuIHVuZCBiZWjDtnJkbGljaGVuIFZvcnNjaHJpZnRlbiAoRVUsIEdyb8OfYnJpdGFubmllbiwgVVNBKTwvbGk+CjxsaT5JbnRlZ3JpZXJ0ZSBpbnRlcm5hdGlvbmFsZSBSZWd1bGllcnVuZ3MtIHVuZCBadXRhdGVuc3RhbmRhcmRzIGbDvHIgZGllIFJlemVwdGVyc3RlbGx1bmc8L2xpPgo8bGk+Q29tcGxpYW5jZS1VbnRlcnN0w7x0enVuZyBmw7xyIEVVLSB1bmQgVUstRXJuw6RocnVuZ3NmYWt0ZW5ldGlrZXR0ZW48L2xpPgo8L3VsPgogIDwvZGl2Pg==[\/vc_raw_html][vc_btn title=&#8221;Entdecken Sie unsere Angebote&#8221; color=&#8221;white&#8221; i_align=&#8221;right&#8221; i_icon_fontawesome=&#8221;fas fa-arrow-right&#8221; add_icon=&#8221;true&#8221; link=&#8221;url:https%3A%2F%2Fstaging.registrarcorp.com%2Fde%2Findustries%2Ffood-beverage%2F|&#8221; el_class=&#8221;secondary-btn&#8221;][\/vc_column_inner][\/vc_row_inner][\/vc_column][vc_column width=&#8221;1\/2&#8243;][vc_row_inner][vc_column_inner][vc_single_image image=&#8221;3918&#8243; img_size=&#8221;full&#8221; alignment=&#8221;center&#8221; el_class=&#8221;heading-img&#8221;][vc_custom_heading text=&#8221;Nahrungserg\u00e4nzungsmittel&#8221; font_container=&#8221;tag:h2|font_size:24px|text_align:left|color:%23003873|line_height:40px&#8221; google_fonts=&#8221;font_family:Montserrat%3Aregular%2C700|font_style:700%20bold%20regular%3A700%3Anormal&#8221;][vc_raw_html]PGRpdiBjbGFzcz0iZ2xvYmFsLXVsbGkiPgogICAgPHA+CiBCcmluZ2VuIFNpZSByaXNpa29yZWljaGUgV2FyZW4gw7xiZXIgR0FDQyBhdWYgZGVuIGNoaW5lc2lzY2hlbiBNYXJrdCB1bmQgc3RlbGxlbiBTaWUgc2ljaGVyLCBkYXNzIElocmUgTsOkaHJ3ZXJ0ZXRpa2V0dGVuIG1pdCBBIGxhIENhbGMgaW50ZXJuYXRpb25hbGVuIFN0YW5kYXJkcyBlbnRzcHJlY2hlbi4KICAgIDwvcD4KICAgIDxwIHN0eWxlPSJtYXJnaW4tYm90dG9tOiA1cHg7Ij5VbnNlcmUgZ2xvYmFsZW4gQ29tcGxpYW5jZS1TZXJ2aWNlcyBmw7xyIE5haHJ1bmdzZXJnw6RuenVuZ3NtaXR0ZWwgdW1mYXNzZW46PC9wPgogICAgPHVsPgogICAgICA8bGk+R0FDQy0gdW5kIEZEQS1SZWdpc3RyaWVydW5nPC9saT4KICAgICAgPGxpPkVpbnJlaWNodW5nIG1laHJlcmVyIFByb2R1a3RrYXRlZ29yaWVuPC9saT4KICAgICAgPGxpPkFrdHVhbGlzaWVydW5nZW4gZGVyIEV4cG9ydGxpc3RlPC9saT4KICAgIDwvdWw+CjxwIHN0eWxlPSJtYXJnaW4tYm90dG9tOiA1cHg7Ij5NaXQgQSBsYSBDYWxjIGVyaGFsdGVuIFNpZTo8L3A+Cjx1bD4KPGxpPkludGVybmF0aW9uYWxlIERhdGVuYmFuayB6dSBJbmhhbHRzc3RvZmZlbiB1bmQgYmVow7ZyZGxpY2hlbiBWb3JzY2hyaWZ0ZW4gKEVVLCBHcm\/Dn2JyaXRhbm5pZW4sIFVTQSk8L2xpPgo8bGk+SW50ZWdyaWVydGUgaW50ZXJuYXRpb25hbGUgUmVndWxpZXJ1bmdzLSB1bmQgWnV0YXRlbnN0YW5kYXJkcyBmw7xyIGRpZSBSZXplcHRlcnN0ZWxsdW5nPC9saT4KPGxpPkNvbXBsaWFuY2UtVW50ZXJzdMO8dHp1bmcgZsO8ciBFVS0gdW5kIFVLLUVybsOkaHJ1bmdzZmFrdGVuZXRpa2V0dGVuPC9saT4KPC91bD4KICA8L2Rpdj4=[\/vc_raw_html][vc_btn title=&#8221;Entdecken Sie unsere Angebote&#8221; color=&#8221;white&#8221; i_align=&#8221;right&#8221; i_icon_fontawesome=&#8221;fas fa-arrow-right&#8221; add_icon=&#8221;true&#8221; link=&#8221;url:https%3A%2F%2Fstaging.registrarcorp.com%2Fde%2Findustries%2Fdietary-supplements%2F|&#8221; el_class=&#8221;secondary-btn&#8221;][\/vc_column_inner][\/vc_row_inner][\/vc_column][\/vc_row][vc_row full_width=&#8221;stretch_row&#8221; css=&#8221;.vc_custom_1685619618758{background-color: #ffffff !important;}&#8221;][vc_column width=&#8221;1\/2&#8243;][vc_row_inner][vc_column_inner][vc_single_image image=&#8221;3902&#8243; img_size=&#8221;full&#8221; alignment=&#8221;center&#8221; css=&#8221;.vc_custom_1686041214474{padding-top: 5px !important;}&#8221; el_class=&#8221;heading-img&#8221;][vc_custom_heading text=&#8221;Medikamente&#8221; font_container=&#8221;tag:h2|font_size:24px|text_align:left|color:%23003873|line_height:40px&#8221; google_fonts=&#8221;font_family:Montserrat%3Aregular%2C700|font_style:700%20bold%20regular%3A700%3Anormal&#8221;][vc_raw_html]PGRpdiBjbGFzcz0iZ2xvYmFsLXVsbGkiPgogICAgPHA+CiBCcmluZ2VuIFNpZSBrb25mb3JtZSByZXplcHRmcmVpZSAoT1RDKSBNZWRpa2FtZW50ZSBhdWYgZGVuIE1hcmt0LiBVbnNlcmUgcm9idXN0ZQogcmVndWxhdG9yaXNjaGUgdW5kIEZvcm11bGllcnVuZ3Nsw7ZzdW5nIENvc21ldHJpIHd1cmRlCiBlbnR3aWNrZWx0LCB1bSBJaG5lbiBkYWJlaSB6dSBoZWxmZW4sIHNpY2hlcmUgdW5kIGVmZmVrdGl2ZSBQcm9kdWt0ZSB6dSBlbnR3aWNrZWxuLCBkaWUgSWhyZW0KIFppZWxsYW5kIGVudHNwcmVjaGVuLgogICAgPC9wPgogICAgPHAgc3R5bGU9Im1hcmdpbi1ib3R0b206IDVweDsiPgogWnUgZGVuIGludGVybmF0aW9uYWxlbiBDb21wbGlhbmNlLUZ1bmt0aW9uZW4gdm9uIENvc21ldHJpIGdlaMO2cmVuOgogICAgPC9wPgogICAgPHVsPgogICAgICA8bGk+CiBSZWd1bGF0b3Jpc2NoZSBEYXRlbiBhdXMgbWVociBhbHMgNTUgTMOkbmRlcm4gKFVTQSwgU8O8ZGFtZXJpa2EsIEVVLCBDaGluYQosIEthbmFkYSB1bmQgU8O8ZG9zdGFzaWVuKQogICAgICA8L2xpPgogICAgICA8bGk+RXJzdGVsbHVuZyB2b24gVVMtLCBFVS0gdW5kIGludGVybmF0aW9uYWxlbiBQcm9kdWt0ZXRpa2V0dGVuPC9saT4KICAgICAgPGxpPlByb2R1a3Rkb3NzaWVycyBpbSBFVS0gb2RlciBBU0VBTi1Gb3JtYXQ8L2xpPgogICAgICA8bGk+w5xiZXJ3YWNodW5nIGRlciBJbmhhbHRzc3RvZmZlIHVuZCBDb21wbGlhbmNlLUNoZWNrZXI8L2xpPgogICAgICA8bGk+QmVudXR6ZXJkZWZpbmllcnRlIENvbXBsaWFuY2UtWm9uZW4gdW5kIC1SaWNodGxpbmllbjwvbGk+CiAgICA8L3VsPgogIDwvZGl2Pg==[\/vc_raw_html][vc_btn title=&#8221;Entdecken Sie unsere Angebote&#8221; color=&#8221;white&#8221; i_align=&#8221;right&#8221; i_icon_fontawesome=&#8221;fas fa-arrow-right&#8221; add_icon=&#8221;true&#8221; link=&#8221;url:https%3A%2F%2Fstaging.registrarcorp.com%2Fde%2Findustries%2Fdrugs%2F|&#8221; el_class=&#8221;secondary-btn&#8221;][\/vc_column_inner][\/vc_row_inner][\/vc_column][vc_column width=&#8221;1\/2&#8243;][vc_row_inner][vc_column_inner][vc_single_image image=&#8221;3926&#8243; img_size=&#8221;full&#8221; alignment=&#8221;center&#8221; el_class=&#8221;heading-img&#8221;][vc_custom_heading text=&#8221;Medizinische Ger\u00e4te&#8221; font_container=&#8221;tag:h2|font_size:24px|text_align:left|color:%23003873|line_height:40px&#8221; google_fonts=&#8221;font_family:Montserrat%3Aregular%2C700|font_style:700%20bold%20regular%3A700%3Anormal&#8221;][vc_raw_html]PGRpdiBjbGFzcz0iZ2xvYmFsLXVsbGkiPgogICAgPHAgc3R5bGU9Im1hcmdpbi1ib3R0b206IDVweDsiPgogQmVyZWl0ZW4gU2llIHNpY2ggZGFyYXVmIHZvciwgbWl0IFJlZ2lzdHJhciBDb3JwLiBpbiBkZW4ga2FuYWRpc2NoZW4gTWFya3QgZWluenV0cmV0ZW4uIFdpciB1bnRlcnN0w7x0emVuIEVpbnJpY2h0dW5nZW4gZsO8ciBtZWRpemluaXNjaGUgR2Vyw6R0ZSBiZWkgZGVyIEVyZsO8bGx1bmcgZGVyIHJlZ3VsYXRvcmlzY2hlbiBBbmZvcmRlcnVuZ2VuIHZvbiBIZWFsdGggQ2FuYWRhIG1pdCBEaWVuc3RsZWlzdHVuZ2VuLCBkYXJ1bnRlcjoKICAgIDwvcD4KICAgIDx1bD4KICAgICAgPGxpPgogQmVzdGltbXVuZyBkZXIgR2Vyw6R0ZWtsYXNzZQogICAgICA8L2xpPgogICAgICA8bGk+TGl6ZW56YW53ZW5kdW5nLCBBa3R1YWxpc2llcnVuZ2VuIHVuZCBFcm5ldWVydW5nPC9saT4KICAgICAgPGxpPkxpemVuemdlYsO8aHItRXJsZWljaHRlcnVuZzwvbGk+CiAgICAgIDxsaT5VbnRlcnN0w7x0enVuZyBkZXMgcmVndWxhdG9yaXNjaGVuIEtvcnJlc3BvbmRlbnp1bnRlcm5laG1lbnM8L2xpPgogICAgPC91bD4KICA8L2Rpdj4=[\/vc_raw_html][vc_btn title=&#8221;Entdecken Sie unsere Angebote&#8221; color=&#8221;white&#8221; i_align=&#8221;right&#8221; i_icon_fontawesome=&#8221;fas fa-arrow-right&#8221; add_icon=&#8221;true&#8221; link=&#8221;url:https%3A%2F%2Fstaging.registrarcorp.com%2Fde%2Findustries%2Fmedical-devices%2F|&#8221; el_class=&#8221;secondary-btn&#8221;][\/vc_column_inner][\/vc_row_inner][\/vc_column][\/vc_row][vc_row full_width=&#8221;stretch_row_content&#8221; content_placement=&#8221;middle&#8221; css=&#8221;.vc_custom_1685706829078{background-color: #ffffff !important;}&#8221;][vc_column width=&#8221;1\/4&#8243;][vc_single_image image=&#8221;4029&#8243; img_size=&#8221;258&#215;330&#8243;][\/vc_column][vc_column width=&#8221;1\/2&#8243;][vc_row_inner el_class=&#8221;compliance-details-col&#8221;][vc_column_inner][vc_single_image image=&#8221;3942&#8243; img_size=&#8221;full&#8221; alignment=&#8221;center&#8221; el_class=&#8221;heading-img&#8221;][vc_custom_heading text=&#8221;Kosmetika&#8221; font_container=&#8221;tag:h2|font_size:24px|text_align:left|color:%23003873|line_height:40px&#8221; google_fonts=&#8221;font_family:Montserrat%3Aregular%2C700|font_style:700%20bold%20regular%3A700%3Anormal&#8221;][vc_raw_html]PGRpdiBjbGFzcz0iZ2xvYmFsLXVsbGkiPgogICAgPHA+CiBIYWx0ZW4gU2llIGludGVybmF0aW9uYWxlIFZvcnNjaHJpZnRlbiBmw7xyIFNjaMO2bmhlaXRzcHJvZHVrdGUgZWluLiBDb3NtZXRyaSwgdW5zZXJlIHJlZ3VsYXRvcmlzY2hlIHVuZCBGb3JtdWxpZXJ1bmdzbMO2c3VuZywgYmlldGV0IHVtZmFuZ3JlaWNoZSBDb21wbGlhbmNlLSB1bmQgU2ljaGVyaGVpdHNmdW5rdGlvbmVuLCBkaWUgYXVmIGRpZSBWb3JzY2hyaWZ0ZW4gSWhyZXIgYXVzZ2V3w6RobHRlbiBNw6Rya3RlIHp1Z2VzY2huaXR0ZW4gc2luZC4KICAgIDwvcD4KPHAgc3R5bGU9Im1hcmdpbi1ib3R0b206IDVweDsiPlp1IGRlbiBpbnRlcm5hdGlvbmFsZW4gQ29tcGxpYW5jZS1GdW5rdGlvbmVuIHZvbiBDb3NtZXRyaSBnZWjDtnJlbjo8L3A+CiAgICA8dWw+CiAgICAgIDxsaT4KIFJlZ3VsYXRvcmlzY2hlIERhdGVuIGF1cyBtZWhyIGFscyA1NSBMw6RuZGVybiAoZWluc2NobGllw59saWNoIGFsbGVyIDI3IEVVLUzDpG5kZXIpCiAgICAgIDwvbGk+CiAgICAgIDxsaT5FcnN0ZWxsdW5nIHZvbiBVUy0sIEVVLSB1bmQgaW50ZXJuYXRpb25hbGVuIFByb2R1a3RldGlrZXR0ZW48L2xpPgogICAgICA8bGk+UHJvZHVrdGRvc3NpZXJzIGltIEVVLSBvZGVyIEFTRUFOLUZvcm1hdDwvbGk+CiAgICAgIDxsaT7DnGJlcndhY2h1bmcgZGVyIEluaGFsdHNzdG9mZmUgdW5kIENvbXBsaWFuY2UtQ2hlY2tlcjwvbGk+CjxsaT5CZW51dHplcmRlZmluaWVydGUgQ29tcGxpYW5jZS1ab25lbiB1bmQgLVJpY2h0bGluaWVuPC9saT4KICAgIDwvdWw+CiAgPC9kaXY+[\/vc_raw_html][vc_btn title=&#8221;Entdecken Sie unsere Angebote&#8221; color=&#8221;white&#8221; i_align=&#8221;right&#8221; i_icon_fontawesome=&#8221;fas fa-arrow-right&#8221; add_icon=&#8221;true&#8221; link=&#8221;url:https%3A%2F%2Fstaging.registrarcorp.com%2Fde%2Findustries%2Fcosmetics%2F|&#8221; el_class=&#8221;secondary-btn&#8221;][\/vc_column_inner][\/vc_row_inner][\/vc_column][vc_column width=&#8221;1\/4&#8243;][vc_single_image image=&#8221;4194&#8243; img_size=&#8221;258&#215;330&#8243; alignment=&#8221;right&#8221;][\/vc_column][\/vc_row][\/vc_section]\n<\/div>","protected":false},"excerpt":{"rendered":"<p>[vc_section el_class=&#8221;banner-section&#8221;][vc_row full_width=&#8221;stretch_row&#8221; css=&#8221;.vc_custom_1726757342969{padding-top: 40px !important;padding-bottom: 20px !important;background-color: #f4f4f4 !important;}&#8221; el_class=&#8221;topContainer row-wdith hero-section&#8221; el_id=&#8221;headerRow&#8221;][vc_column width=&#8221;1\/2&#8243;][vc_column_text css=&#8221;&#8221; fnt_family=&#8221;Montserrat&#8221; fnt_size=&#8221;46&#8243;] Globale Compliance vereinfacht. [\/vc_column_text][vc_column_text fnt_family=&#8221;Montserrat&#8221; fnt_size=&#8221;24&#8243; grad_text_color1=&#8221;#003873&#8243;]Bei uns geht es um mehr als nur die FDA-Konformit\u00e4t. Die regulatorischen Angebote von Registrar Corp gehen weit \u00fcber die Einhaltung der US-Import- und Exportstandards hinaus. Wir unterst\u00fctzen auch inl\u00e4ndische und<\/p>\n","protected":false},"author":33,"featured_media":0,"parent":13251,"menu_order":0,"comment_status":"closed","ping_status":"closed","template":"page-templates\/page-sidebar-none.php","meta":{"_acf_changed":false,"content-type":"","footnotes":""},"class_list":["post-26728","page","type-page","status-publish","hentry"],"acf":[],"_links":{"self":[{"href":"https:\/\/staging.registrarcorp.com\/de\/wp-json\/wp\/v2\/pages\/26728","targetHints":{"allow":["GET"]}}],"collection":[{"href":"https:\/\/staging.registrarcorp.com\/de\/wp-json\/wp\/v2\/pages"}],"about":[{"href":"https:\/\/staging.registrarcorp.com\/de\/wp-json\/wp\/v2\/types\/page"}],"author":[{"embeddable":true,"href":"https:\/\/staging.registrarcorp.com\/de\/wp-json\/wp\/v2\/users\/33"}],"replies":[{"embeddable":true,"href":"https:\/\/staging.registrarcorp.com\/de\/wp-json\/wp\/v2\/comments?post=26728"}],"version-history":[{"count":0,"href":"https:\/\/staging.registrarcorp.com\/de\/wp-json\/wp\/v2\/pages\/26728\/revisions"}],"up":[{"embeddable":true,"href":"https:\/\/staging.registrarcorp.com\/de\/wp-json\/wp\/v2\/pages\/13251"}],"wp:attachment":[{"href":"https:\/\/staging.registrarcorp.com\/de\/wp-json\/wp\/v2\/media?parent=26728"}],"curies":[{"name":"wp","href":"https:\/\/api.w.org\/{rel}","templated":true}]}}