{"id":24591,"date":"2023-09-12T10:47:17","date_gmt":"2023-09-12T10:47:17","guid":{"rendered":"https:\/\/staging.registrarcorp.com\/services\/adverse-event-reporting\/"},"modified":"2025-03-20T20:46:54","modified_gmt":"2025-03-20T20:46:54","slug":"adverse-event-reporting","status":"publish","type":"page","link":"https:\/\/staging.registrarcorp.com\/de\/services\/adverse-event-reporting\/","title":{"rendered":"Meldung unerw\u00fcnschter Ereignisse"},"content":{"rendered":"<div class=\"wpb-content-wrapper\">[vc_row full_width=&#8221;stretch_row&#8221; css=&#8221;.vc_custom_1726505073505{padding-top: 70px !important;padding-bottom: 50px !important;background-color: #ffffff !important;}&#8221; el_class=&#8221;vertical-text-align hero-section&#8221;][vc_column width=&#8221;1\/2&#8243;][vc_custom_heading text=&#8221;&amp; Kontaktdienste zur Meldung unerw\u00fcnschter Ereignisse der U.S. FDA&#8221; font_container=&#8221;tag:h1|font_size:46px|text_align:left|color:%23003873|line_height:56px&#8221; google_fonts=&#8221;font_family:Montserrat%3Aregular%2C700|font_style:700%20bold%20regular%3A700%3Anormal&#8221; css=&#8221;&#8221;][vc_column_text fnt_family=&#8221;Montserrat&#8221; fnt_size=&#8221;24px&#8221;]Mit einfacher, anpassbarer Technologie f\u00fcr die Meldung von unerw\u00fcnschten Ereignissen und dem Zugriff auf erfahrene Regulatory Specialists macht es Registrar Corp f\u00fcr Unternehmen schnell und einfach, die FDA-Vorschriften f\u00fcr unerw\u00fcnschte Ereignisse einzuhalten.[\/vc_column_text][vc_btn title=&#8221;Sehen Sie sich unsere Services an&#8221; style=&#8221;flat&#8221; shape=&#8221;square&#8221; color=&#8221;blue&#8221; size=&#8221;lg&#8221; align=&#8221;left&#8221; i_align=&#8221;right&#8221; i_icon_fontawesome=&#8221;fas fa-arrow-right&#8221; add_icon=&#8221;true&#8221; el_class=&#8221;primary-btn&#8221; link=&#8221;url:%23services|&#8221;][\/vc_column][vc_column width=&#8221;1\/2&#8243; el_class=&#8221;col-txt-center&#8221;][vc_single_image image=&#8221;23111&#8243; img_size=&#8221;large&#8221; alignment=&#8221;right&#8221;][\/vc_column][\/vc_row][vc_row full_width=&#8221;stretch_row&#8221; css=&#8221;.vc_custom_1694515424181{padding-top: 100px !important;padding-bottom: 100px !important;background-color: #eeefef !important;}&#8221; el_class=&#8221;vertical-text-align&#8221;][vc_column width=&#8221;1\/2&#8243;][vc_single_image image=&#8221;23120&#8243; img_size=&#8221;572&#215;496&#8243;][\/vc_column][vc_column width=&#8221;1\/2&#8243; el_class=&#8221;col-txt-center&#8221;][vc_custom_heading text=&#8221;Halten Sie die FDA davon ab, Ihre Produkte als \u201efalsch gebrandmarkt\u201c zu betrachten&#8221; font_container=&#8221;tag:h2|font_size:32px|text_align:left|color:%23003873|line_height:40px&#8221; google_fonts=&#8221;font_family:Montserrat%3Aregular%2C700|font_style:700%20bold%20regular%3A700%3Anormal&#8221;][vc_column_text fnt_family=&#8221;Montserrat&#8221; fnt_size=&#8221;18px&#8221;]Die FDA betrachtet ein unerw\u00fcnschtes Ereignis als jedes unerw\u00fcnschte medizinische Vorkommnis, das mit der Verwendung eines kosmetischen, Nahrungserg\u00e4nzungsmittels oder Medizinprodukts verbunden ist. Aufzeichnungen, die aus der Meldung unerw\u00fcnschter Ereignisse erfasst werden, stellen f\u00fcr die \u00d6ffentlichkeit entscheidende Sicherheitsinformationen dar und m\u00fcssen so schnell wie m\u00f6glich der FDA gemeldet werden.<\/p>\n<p>Wenn Sie unerw\u00fcnschte Ereignisse nicht rechtzeitig erfassen und der FDA melden, verdienen Sie Ihren Produkten ein Einreiseverbot in die Vereinigten Staaten.<\/p>\n<p>Mit den umfassenden Dienstleistungen von Registrar Corp zur Meldung unerw\u00fcnschter Ereignisse erfassen wir Berichte \u00fcber unerw\u00fcnschte Ereignisse f\u00fcr Sie, damit Sie Ihr Produkt in die richtige Richtung bringen k\u00f6nnen.[\/vc_column_text][\/vc_column][\/vc_row][vc_section el_id=&#8221;services&#8221;][vc_row full_width=&#8221;stretch_row&#8221; css=&#8221;.vc_custom_1704481497274{padding-top: 100px !important;background-color: #ffffff !important;}&#8221;][vc_column width=&#8221;1\/2&#8243;][vc_custom_heading text=&#8221;Kosmetische unerw\u00fcnschte Ereignisse&#8221; font_container=&#8221;tag:h2|font_size:32px|text_align:left|color:%23003873|line_height:40px&#8221; google_fonts=&#8221;font_family:Montserrat%3Aregular%2C700|font_style:700%20bold%20regular%3A700%3Anormal&#8221;][vc_column_text fnt_family=&#8221;Montserrat&#8221; fnt_size=&#8221;18px&#8221;]Einhaltung des Modernization of Cosmetics Regulation Act (MoCRA) der FDA.<\/p>\n<p>Aufgrund dieser historischen Ver\u00e4nderung in der US-Kosmetikindustrie m\u00fcssen Kosmetikunternehmen nun Berichte \u00fcber unerw\u00fcnschte Ereignisse bei der FDA sammeln, pflegen und einreichen. Je nach Ihren individuellen Bed\u00fcrfnissen k\u00f6nnen wir Sie entweder bei der Erf\u00fcllung der grundlegenden Compliance unterst\u00fctzen oder die Erfassung und rechtzeitige Meldung Ihrer unerw\u00fcnschten Ereignisse vollst\u00e4ndig bearbeiten.[\/vc_column_text][vc_btn title=&#8221;Entdecken Sie unerw\u00fcnschte Ereignisse f\u00fcr Kosmetika&#8221; style=&#8221;flat&#8221; shape=&#8221;square&#8221; color=&#8221;blue&#8221; size=&#8221;lg&#8221; align=&#8221;left&#8221; i_align=&#8221;right&#8221; i_icon_fontawesome=&#8221;fas fa-arrow-right&#8221; add_icon=&#8221;true&#8221; el_class=&#8221;primary-btn&#8221; link=&#8221;url:https%3A%2F%2Fstaging.registrarcorp.com%2Fde%2Fservices%2Fadverse-event-reporting%2Fcosmetics%2F|&#8221;][\/vc_column][vc_column width=&#8221;1\/2&#8243; css=&#8221;.vc_custom_1686658281177{padding-top: 20px !important;}&#8221;][vc_empty_space height=&#8221;25px&#8221;][vc_single_image image=&#8221;23129&#8243; img_size=&#8221;542&#215;367&#8243; alignment=&#8221;right&#8221;][\/vc_column][\/vc_row][vc_row full_width=&#8221;stretch_row&#8221; css=&#8221;.vc_custom_1683800569104{padding-top: 100px !important;padding-bottom: 100px !important;background-color: #ffffff !important;}&#8221;][vc_column width=&#8221;1\/2&#8243;][vc_single_image image=&#8221;23147&#8243; img_size=&#8221;539&#215;386&#8243;][\/vc_column][vc_column width=&#8221;1\/2&#8243;][vc_custom_heading text=&#8221;Unerw\u00fcnschte Ereignisse des Medizinprodukts&#8221; font_container=&#8221;tag:h2|font_size:32px|text_align:left|color:%23003873|line_height:40px&#8221; google_fonts=&#8221;font_family:Montserrat%3Aregular%2C700|font_style:700%20bold%20regular%3A700%3Anormal&#8221;][vc_column_text fnt_family=&#8221;Montserrat&#8221; fnt_size=&#8221;18px&#8221;]Die Meldung von unerw\u00fcnschten Ereignissen im Zusammenhang mit Medizinprodukten ist unerl\u00e4sslich, um ger\u00e4tebezogene Risiken f\u00fcr die \u00d6ffentlichkeit zu mindern. Um zuk\u00fcnftige Sch\u00e4den f\u00fcr Patienten zu beheben und zu verhindern, m\u00fcssen unerw\u00fcnschte Ereignisse, die Medizinprodukte betreffen, der U.S. FDA zur formalen Untersuchung gemeldet werden.[\/vc_column_text][vc_btn title=&#8221;Entdecken Sie, wie wir helfen k\u00f6nnen&#8221; style=&#8221;flat&#8221; shape=&#8221;square&#8221; color=&#8221;blue&#8221; size=&#8221;lg&#8221; align=&#8221;left&#8221; i_align=&#8221;right&#8221; i_icon_fontawesome=&#8221;fas fa-arrow-right&#8221; add_icon=&#8221;true&#8221; el_class=&#8221;primary-btn&#8221; link=&#8221;url:https%3A%2F%2Fstaging.registrarcorp.com%2Fde%2Fservices%2Fadverse-event-reporting%2Femdr%2F|&#8221;][\/vc_column][\/vc_row][vc_row full_width=&#8221;stretch_row&#8221; css=&#8221;.vc_custom_1694517071886{padding-bottom: 100px !important;background-color: #ffffff !important;}&#8221;][vc_column width=&#8221;1\/2&#8243;][vc_custom_heading text=&#8221;Unerw\u00fcnschte Ereignisse bei Nahrungserg\u00e4nzungsmittel&#8221; font_container=&#8221;tag:h2|font_size:32px|text_align:left|color:%23003873|line_height:40px&#8221; google_fonts=&#8221;font_family:Montserrat%3Aregular%2C700|font_style:700%20bold%20regular%3A700%3Anormal&#8221;][vc_column_text fnt_family=&#8221;Montserrat&#8221; fnt_size=&#8221;18px&#8221;]Seit 2007 m\u00fcssen Hersteller und Vertriebsh\u00e4ndler von Nahrungserg\u00e4nzungsmittel unerw\u00fcnschte Ereignisse f\u00fcr fertige Nahrungserg\u00e4nzungsmittel zusammen mit einer Kopie des Produktetiketts an die FDA melden. Registrar Corp kann dabei helfen, Berichte \u00fcber unerw\u00fcnschte Ereignisse von Verbrauchern zu sammeln.[\/vc_column_text][vc_btn title=&#8221;Kontaktieren Sie uns f\u00fcr weitere Informationen&#8221; style=&#8221;flat&#8221; shape=&#8221;square&#8221; color=&#8221;blue&#8221; size=&#8221;lg&#8221; align=&#8221;left&#8221; i_align=&#8221;right&#8221; i_icon_fontawesome=&#8221;fas fa-arrow-right&#8221; add_icon=&#8221;true&#8221; el_class=&#8221;primary-btn&#8221; link=&#8221;url:https%3A%2F%2Fstaging.registrarcorp.com%2Fde%2Fcontact%2F|&#8221;][\/vc_column][vc_column width=&#8221;1\/2&#8243; css=&#8221;.vc_custom_1686658281177{padding-top: 20px !important;}&#8221;][vc_empty_space height=&#8221;25px&#8221;][vc_single_image image=&#8221;23138&#8243; img_size=&#8221;546&#215;345&#8243; alignment=&#8221;right&#8221;][\/vc_column][\/vc_row][\/vc_section]\n<\/div>","protected":false},"excerpt":{"rendered":"<p>[vc_row full_width=&#8221;stretch_row&#8221; css=&#8221;.vc_custom_1726505073505{padding-top: 70px !important;padding-bottom: 50px !important;background-color: #ffffff !important;}&#8221; el_class=&#8221;vertical-text-align hero-section&#8221;][vc_column width=&#8221;1\/2&#8243;][vc_custom_heading text=&#8221;&amp; Kontaktdienste zur Meldung unerw\u00fcnschter Ereignisse der U.S. FDA&#8221; font_container=&#8221;tag:h1|font_size:46px|text_align:left|color:%23003873|line_height:56px&#8221; google_fonts=&#8221;font_family:Montserrat%3Aregular%2C700|font_style:700%20bold%20regular%3A700%3Anormal&#8221; css=&#8221;&#8221;][vc_column_text fnt_family=&#8221;Montserrat&#8221; fnt_size=&#8221;24px&#8221;]Mit einfacher, anpassbarer Technologie f\u00fcr die Meldung von unerw\u00fcnschten Ereignissen und dem Zugriff auf erfahrene Regulatory Specialists macht es Registrar Corp f\u00fcr Unternehmen schnell und einfach, die FDA-Vorschriften f\u00fcr unerw\u00fcnschte<\/p>\n","protected":false},"author":33,"featured_media":0,"parent":14829,"menu_order":0,"comment_status":"closed","ping_status":"closed","template":"page-templates\/page-sidebar-none.php","meta":{"_acf_changed":false,"content-type":"","footnotes":""},"class_list":["post-24591","page","type-page","status-publish","hentry"],"acf":[],"_links":{"self":[{"href":"https:\/\/staging.registrarcorp.com\/de\/wp-json\/wp\/v2\/pages\/24591","targetHints":{"allow":["GET"]}}],"collection":[{"href":"https:\/\/staging.registrarcorp.com\/de\/wp-json\/wp\/v2\/pages"}],"about":[{"href":"https:\/\/staging.registrarcorp.com\/de\/wp-json\/wp\/v2\/types\/page"}],"author":[{"embeddable":true,"href":"https:\/\/staging.registrarcorp.com\/de\/wp-json\/wp\/v2\/users\/33"}],"replies":[{"embeddable":true,"href":"https:\/\/staging.registrarcorp.com\/de\/wp-json\/wp\/v2\/comments?post=24591"}],"version-history":[{"count":0,"href":"https:\/\/staging.registrarcorp.com\/de\/wp-json\/wp\/v2\/pages\/24591\/revisions"}],"up":[{"embeddable":true,"href":"https:\/\/staging.registrarcorp.com\/de\/wp-json\/wp\/v2\/pages\/14829"}],"wp:attachment":[{"href":"https:\/\/staging.registrarcorp.com\/de\/wp-json\/wp\/v2\/media?parent=24591"}],"curies":[{"name":"wp","href":"https:\/\/api.w.org\/{rel}","templated":true}]}}