{"id":14987,"date":"2023-03-15T17:24:39","date_gmt":"2023-03-15T17:24:39","guid":{"rendered":"https:\/\/staging.registrarcorp.com\/roles\/"},"modified":"2024-09-27T13:23:14","modified_gmt":"2024-09-27T13:23:14","slug":"roles","status":"publish","type":"page","link":"https:\/\/staging.registrarcorp.com\/de\/roles\/","title":{"rendered":"Rollen"},"content":{"rendered":"<div class=\"wpb-content-wrapper\">[vc_row full_width=&#8221;stretch_row&#8221; css=&#8221;.vc_custom_1726760550789{padding-top: 100px !important;background-color: #f4f4f4 !important;}&#8221; el_class=&#8221;topContainer row-wdith hero-section&#8221; el_id=&#8221;headerRow&#8221;][vc_column width=&#8221;1\/2&#8243;][vc_column_text fnt_family=&#8221;Montserrat&#8221; fnt_family_h1=&#8221;Montserrat&#8221; fnt_size_h1=&#8221;56&#8243;]\n<h1><span style=\"color: #003873;\"><strong>Finden Sie die richtigen <\/strong><\/span><span style=\"color: #0081ff;\"><strong>Compliance-L\u00f6sungen <\/strong><\/span><span style=\"color: #003873;\"><strong>f\u00fcr Ihre Rolle.<\/strong><\/span><\/h1>\n[\/vc_column_text][vc_column_text fnt_family=&#8221;Montserrat&#8221; fnt_size=&#8221;24&#8243;]Registrar Corp wurde von Regulierungsexperten f\u00fcr Regulierungsexperten entwickelt. Wir haben Dienstleistungen, Softwarel\u00f6sungen und Schulungsprogramme entwickelt, die auf Ihre Bed\u00fcrfnisse zugeschnitten sind, damit Sie Ihr Unternehmen konform halten und reibungslos laufen k\u00f6nnen.[\/vc_column_text][vc_btn title=&#8221;Rollen erkunden&#8221; color=&#8221;sky&#8221; i_align=&#8221;right&#8221; i_icon_fontawesome=&#8221;fas fa-arrow-right&#8221; css=&#8221;.vc_custom_1681739171513{margin-top: 30px !important;}&#8221; add_icon=&#8221;true&#8221; link=&#8221;url:%23tabSection|&#8221; el_class=&#8221;primary-btn&#8221;][\/vc_column][vc_column width=&#8221;1\/2&#8243; el_class=&#8221;container-right&#8221;][vc_single_image image=&#8221;708&#8243; img_size=&#8221;full&#8221; alignment=&#8221;center&#8221;][\/vc_column][\/vc_row][vc_section disable_element=&#8221;yes&#8221; css=&#8221;.vc_custom_1699275551203{padding-top: 50px !important;padding-right: 0px !important;padding-bottom: 50px !important;padding-left: 0px !important;}&#8221;][vc_row el_class=&#8221;count-wrap&#8221;][vc_column width=&#8221;1\/2&#8243;][vc_column_text el_class=&#8221;text-col&#8221;]\n<p style=\"font-size: 20px; font-weight: bold; text-align: left;\">Registrar Corp bringt \u00fcber 20 Jahre Erfahrung und Expertise in die Einhaltung gesetzlicher Vorschriften ein.<\/p>\n[\/vc_column_text][\/vc_column][vc_column width=&#8221;1\/2&#8243;][vc_row_inner el_class=&#8221;stats-count&#8221; css=&#8221;.vc_custom_1685446330345{padding-right: 0px !important;padding-left: 0px !important;}&#8221;][vc_column_inner width=&#8221;1\/4&#8243;][vc_column_text]\n<p style=\"text-align: center; font-size: 32px; font-weight: bold; margin-bottom: unset;\">19<\/p>\n<p style=\"text-align: center; font-size: 24px;\">Weltweite<br \/>\nNiederlassungen<\/p>\n[\/vc_column_text][\/vc_column_inner][vc_column_inner width=&#8221;1\/4&#8243;][vc_column_text]\n<p style=\"text-align: center; font-size: 32px; font-weight: bold; margin-bottom: unset;\">175+<\/p>\n<p style=\"text-align: center; font-size: 24px;\">L\u00e4nder<\/p>\n[\/vc_column_text][\/vc_column_inner][vc_column_inner width=&#8221;1\/4&#8243;][vc_column_text]\n<p style=\"text-align: center; font-size: 32px; font-weight: bold; margin-bottom: unset;\">\u00dcber 30.000<\/p>\n<p style=\"text-align: center; font-size: 24px;\">Kunden<\/p>\n[\/vc_column_text][\/vc_column_inner][vc_column_inner width=&#8221;1\/4&#8243;][vc_column_text]\n<p style=\"text-align: center; font-size: 32px; font-weight: bold; margin-bottom: unset;\">4.7<\/p>\n<p style=\"text-align: center; font-size: 24px;\">Trustpilot-<br \/>\nScore<\/p>\n[\/vc_column_text][\/vc_column_inner][\/vc_row_inner][\/vc_column][\/vc_row][\/vc_section][vc_section css=&#8221;.vc_custom_1685446271065{padding-top: 50px !important;padding-right: 0px !important;padding-bottom: 50px !important;padding-left: 0px !important;}&#8221;][vc_row el_class=&#8221;count-wrap&#8221; el_id=&#8221;dataRow&#8221;][vc_column][vc_row_inner el_class=&#8221;stats-count&#8221; css=&#8221;.vc_custom_1685446330345{padding-right: 0px !important;padding-left: 0px !important;}&#8221;][vc_column_inner width=&#8221;1\/5&#8243;][vc_single_image image=&#8221;24448&#8243; img_size=&#8221;114&#215;65&#8243; alignment=&#8221;center&#8221;][\/vc_column_inner][vc_column_inner width=&#8221;1\/5&#8243;][vc_single_image image=&#8221;24458&#8243; img_size=&#8221;81&#215;81&#8243; alignment=&#8221;center&#8221;][\/vc_column_inner][vc_column_inner width=&#8221;1\/5&#8243;][vc_single_image image=&#8221;24476&#8243; img_size=&#8221;70&#215;72&#8243; alignment=&#8221;center&#8221;][\/vc_column_inner][vc_column_inner width=&#8221;1\/5&#8243;][vc_single_image image=&#8221;24503&#8243; img_size=&#8221;81&#215;81&#8243; alignment=&#8221;center&#8221;][\/vc_column_inner][vc_column_inner width=&#8221;1\/5&#8243;][vc_single_image image=&#8221;24494&#8243; img_size=&#8221;61&#215;81&#8243; alignment=&#8221;center&#8221;][\/vc_column_inner][\/vc_row_inner][vc_row_inner el_class=&#8221;stats-count&#8221; css=&#8221;.vc_custom_1685446330345{padding-right: 0px !important;padding-left: 0px !important;}&#8221;][vc_column_inner width=&#8221;1\/5&#8243;][vc_column_text css=&#8221;&#8221;]\n<p style=\"text-align: center; font-size: 40px; line-height: 60px; color: #003873; font-weight: bold; margin-bottom: unset;\">\u00dcber 30.000<span style=\"color: #f54f45;\"><\/span><\/p>\n<p style=\"text-align: center; font-size: 24px;\">Kunden<\/p>\n[\/vc_column_text][\/vc_column_inner][vc_column_inner width=&#8221;1\/5&#8243;][vc_column_text css=&#8221;&#8221;]\n<p style=\"text-align: center; font-size: 40px; line-height: 60px; color: #003873; font-weight: bold; margin-bottom: unset;\">175<span style=\"color: #f54f45;\">+<\/span><\/p>\n<p style=\"text-align: center; font-size: 24px;\">L\u00e4nder<\/p>\n[\/vc_column_text][\/vc_column_inner][vc_column_inner width=&#8221;1\/5&#8243;][vc_column_text css=&#8221;&#8221;]\n<p style=\"text-align: center; font-size: 40px; line-height: 60px; color: #003873; font-weight: bold; margin-bottom: unset;\">20<\/p>\n<p style=\"text-align: center; font-size: 24px;\">Weltweite Niederlassungen<\/p>\n[\/vc_column_text][\/vc_column_inner][vc_column_inner width=&#8221;1\/5&#8243;][vc_column_text css=&#8221;&#8221;]\n<p style=\"text-align: center; font-size: 40px; line-height: 60px; color: #003873; font-weight: bold; margin-bottom: unset;\">4.7\/5<\/p>\n<p style=\"text-align: center; font-size: 24px;\">Kundenbewertung<\/p>\n[\/vc_column_text][\/vc_column_inner][vc_column_inner width=&#8221;1\/5&#8243;][vc_column_text css=&#8221;&#8221;]\n<p style=\"text-align: center; font-size: 40px; line-height: 60px; color: #003873; font-weight: bold; margin-bottom: unset;\">20<span style=\"color: #f54f45;\">+<\/span><\/p>\n<p style=\"text-align: center; font-size: 24px;\">Dienstjahre<\/p>\n[\/vc_column_text][\/vc_column_inner][\/vc_row_inner][\/vc_column][\/vc_row][\/vc_section][vc_section][vc_row full_width=&#8221;stretch_row&#8221; css=&#8221;.vc_custom_1689781988716{background-color: #ffffff !important;}&#8221; el_class=&#8221;tabs-section&#8221; el_id=&#8221;tabSection&#8221;][vc_column][vc_tta_tabs section_title_tag=&#8221;h2&#8243; style=&#8221;flat&#8221; shape=&#8221;square&#8221; color=&#8221;white&#8221; alignment=&#8221;center&#8221; active_section=&#8221;1&#8243; css=&#8221;.vc_custom_1681805628851{background-color: #ffffff !important;}&#8221;][vc_tta_section tab_id=&#8221;regulatory-compliance&#8221; el_class=&#8221;pr-0&#8243; title=&#8221;Einhaltung gesetzlicher Vorschriften&#8221;][vc_row_inner content_placement=&#8221;middle&#8221; css=&#8221;.vc_custom_1679910686166{background-color: #ffffff !important;}&#8221; el_class=&#8221;pr-0&#8243;][vc_column_inner width=&#8221;1\/2&#8243;][vc_column_text]\n<h2>Einhaltung gesetzlicher Vorschriften<\/h2>\n<p><span data-contrast=\"auto\">Compliance ist mehr als nur eine Vollzeitstelle<\/span><span data-contrast=\"none\">\u2013<\/span><span data-contrast=\"auto\">es ist eine Teamarbeit. Das breite Angebot von Registrar Corp erm\u00f6glicht Ihnen, den \u00dcberblick \u00fcber die Arbeitslast zu behalten. Importeure k\u00f6nnen FSVP-Pl\u00e4ne erstellen und implementieren, die Einhaltung der Lieferantenvorschriften automatisieren und Produkte mit Unterst\u00fctzung eines professionellen Regulierungsteams ins Ausland versenden.<\/span>[\/vc_column_text][vc_column_text el_class=&#8221;image-text-content&#8221;]<img decoding=\"async\" class=\"size-full wp-image-177 alignleft\" src=\"\/wp-content\/uploads\/2023\/07\/import-export_Secured-1.png\" alt=\"\" width=\"50\" height=\"39\"><strong>Wenn Sie planen, Produkte in die USA zu exportieren, bieten wir regulatorische Registrierung und Erneuerung, Unterst\u00fctzung bei der Beschlagnahme sowie robuste Software und Online-Schulungsplattformen an.<\/strong>[\/vc_column_text][vc_btn title=&#8221;L\u00f6sungen zur Einhaltung gesetzlicher Vorschriften&#8221; color=&#8221;sky&#8221; i_align=&#8221;right&#8221; i_icon_fontawesome=&#8221;fas fa-arrow-right&#8221; css=&#8221;.vc_custom_1681739318907{margin-top: 30px !important;}&#8221; add_icon=&#8221;true&#8221; link=&#8221;url:https%3A%2F%2Fstaging.registrarcorp.com%2Fde%2Froles%2Fregulatory-compliance%2F|&#8221; el_class=&#8221;primary-btn&#8221;][\/vc_column_inner][vc_column_inner el_class=&#8221;pr-0&#8243; width=&#8221;1\/2&#8243;][vc_single_image image=&#8221;700&#8243; img_size=&#8221;full&#8221; alignment=&#8221;center&#8221; css=&#8221;.vc_custom_1681739331970{padding-top: 20px !important;}&#8221;][\/vc_column_inner][\/vc_row_inner][\/vc_tta_section][vc_tta_section title=&#8221;Qualit\u00e4tssicherung&#8221; tab_id=&#8221;quality-assurance&#8221; el_class=&#8221;pr-0&#8243;][vc_row_inner content_placement=&#8221;middle&#8221; el_class=&#8221;pr-0&#8243;][vc_column_inner width=&#8221;1\/2&#8243;][vc_column_text]\n<h2>Qualit\u00e4tssicherung<\/h2>\n<p><span data-contrast=\"auto\">Sie ben\u00f6tigen L\u00f6sungen, die Ihrem Unternehmen helfen k\u00f6nnen, Qualit\u00e4tsstandards w\u00e4hrend des gesamten Produktionsprozesses zu erf\u00fcllen und aufrechtzuerhalten. Sicherstellung der Produktkonformit\u00e4t mit Dienstleistungen wie Farbzusatzunterst\u00fctzung, Scheininspektionen und Einreichungen von Masterdateien. Erleichtern Sie bessere Produktionsstandards mit einer Komplettl\u00f6sung f\u00fcr regulatorische Vorschriften und Formulierungen, die eine kollaborative Entwicklung erm\u00f6glicht.<\/span><span data-ccp-props=\"{&quot;201341983&quot;:0,&quot;335559685&quot;:0,&quot;335559731&quot;:0,&quot;335559740&quot;:276}\"><\/span>[\/vc_column_text][vc_column_text el_class=&#8221;image-text-content&#8221;]<img decoding=\"async\" class=\"size-full wp-image-177 alignleft\" src=\"\/wp-content\/uploads\/2023\/07\/foodbev_food-5682630.png\" alt=\"\" width=\"50\" height=\"39\"><strong>Registrar Corp wird auch eines der ersten Unternehmen sein, das die Registrierung von FDA-Kosmetikprodukten und Produktlisten anbietet.<\/strong>[\/vc_column_text][vc_btn title=&#8221;L\u00f6sungen zur Qualit\u00e4tssicherung&#8221; color=&#8221;sky&#8221; i_align=&#8221;right&#8221; i_icon_fontawesome=&#8221;fas fa-arrow-right&#8221; css=&#8221;.vc_custom_1681739414782{margin-top: 30px !important;}&#8221; add_icon=&#8221;true&#8221; link=&#8221;url:https%3A%2F%2Fstaging.registrarcorp.com%2Fde%2Froles%2Fquality-assurance%2F|&#8221; el_class=&#8221;primary-btn&#8221;][\/vc_column_inner][vc_column_inner width=&#8221;1\/2&#8243;][vc_single_image image=&#8221;692&#8243; img_size=&#8221;full&#8221; alignment=&#8221;center&#8221; css=&#8221;.vc_custom_1681739423148{padding-top: 20px !important;}&#8221;][\/vc_column_inner][\/vc_row_inner][\/vc_tta_section][vc_tta_section title=&#8221;Sicherheitsrollen&#8221; tab_id=&#8221;safety-roles&#8221; el_class=&#8221;pr-0&#8243;][vc_row_inner content_placement=&#8221;middle&#8221; css=&#8221;.vc_custom_1679910718025{background-color: #ffffff !important;}&#8221; el_class=&#8221;pr-0&#8243;][vc_column_inner width=&#8221;1\/2&#8243;][vc_column_text]\n<h2>Sicherheitsrollen<\/h2>\n<p><span data-contrast=\"auto\">Sch\u00fctzen Sie Ihre Verbraucher<\/span><span data-contrast=\"none\">\u2013<\/span><span data-contrast=\"auto\">und Ihr Unternehmen<\/span><span data-contrast=\"none\">\u2013,<\/span><span data-contrast=\"auto\">indem Sie bei jedem Schritt des Produktionsprozesses regulatorische Standards einhalten. \u00dcberwachen Sie die Compliance Ihrer Einrichtungen und verfolgen Sie Sendungen in Echtzeit mit der automatisierten Compliance-Plattform von Registrar.<\/span><span data-ccp-props=\"{&quot;201341983&quot;:0,&quot;335559685&quot;:0,&quot;335559731&quot;:0,&quot;335559740&quot;:276}\"><\/span>[\/vc_column_text][vc_column_text el_class=&#8221;image-text-content&#8221;]<img decoding=\"async\" class=\"size-full wp-image-177 alignleft\" src=\"\/wp-content\/uploads\/2023\/07\/foodbev_lab-test-5682636.png\" alt=\"\" width=\"50\" height=\"39\"><strong>W\u00e4hlen Sie ma\u00dfgeschneiderte Compliance-Services, wie die Registrierung von Lebensmitteleinrichtungen, die Ernennung von US-Agenten sowie Pl\u00e4ne und Implementierungen f\u00fcr Lebensmittelsicherheit. Kosteng\u00fcnstige Schulungen f\u00fcr Mitarbeiter an vorderster Stelle, zu bew\u00e4hrten Verfahren f\u00fcr die Lebensmittelsicherheit.<\/strong>[\/vc_column_text][vc_btn title=&#8221;Sicherheitsl\u00f6sungen&#8221; color=&#8221;sky&#8221; i_align=&#8221;right&#8221; i_icon_fontawesome=&#8221;fas fa-arrow-right&#8221; css=&#8221;.vc_custom_1681739497244{margin-top: 30px !important;}&#8221; add_icon=&#8221;true&#8221; link=&#8221;url:https%3A%2F%2Fstaging.registrarcorp.com%2Fde%2Froles%2Fsafety%2F|&#8221; el_class=&#8221;primary-btn&#8221;][\/vc_column_inner][vc_column_inner width=&#8221;1\/2&#8243;][vc_single_image image=&#8221;684&#8243; img_size=&#8221;full&#8221; alignment=&#8221;center&#8221;][\/vc_column_inner][\/vc_row_inner][\/vc_tta_section][vc_tta_section title=&#8221;Reichweite und Entwicklung&#8221; tab_id=&#8221;reseach-and-development&#8221; el_class=&#8221;pr-0&#8243;][vc_row_inner content_placement=&#8221;middle&#8221;][vc_column_inner width=&#8221;1\/2&#8243;][vc_column_text]\n<h2>Forschung und Entwicklung<\/h2>\n<p><span data-contrast=\"auto\">Das Jonglieren mit mehreren Formulierungssystemen kann zu weniger als idealen Ergebnissen f\u00fchren. Bringen Sie Ihr&amp; RD-Team und Ihre Prozesse auf einer einzigen, sicheren Plattform zusammen. Mit unseren Softwarel\u00f6sungen k\u00f6nnen Sie die Produktion \u00fcberwachen und Lieferanten verwalten, an der Entwicklung kosmetischer Produkte zusammenarbeiten <\/span><span data-contrast=\"auto\">und die Etikettierungs-Compliance einfach und effizient aufrechterhalten.<\/span><span data-ccp-props=\"{&quot;201341983&quot;:0,&quot;335559740&quot;:276}\"><\/span>[\/vc_column_text][vc_column_text el_class=&#8221;image-text-content&#8221;]<img decoding=\"async\" class=\"size-full wp-image-177 alignleft\" src=\"\/wp-content\/uploads\/2023\/07\/Pharma_test-samples-1113244.png\" alt=\"\" width=\"50\" height=\"39\"><strong>Wir k\u00f6nnen Ihnen auch helfen, indem wir potenzielle Compliance-Probleme mit unserem Service zur \u00dcberpr\u00fcfung von Etiketten und Inhaltsstoffen identifizieren.<\/strong>[\/vc_column_text][vc_btn title=&#8221;R&amp;D-L\u00f6sungen&#8221; color=&#8221;sky&#8221; i_align=&#8221;right&#8221; i_icon_fontawesome=&#8221;fas fa-arrow-right&#8221; css=&#8221;.vc_custom_1681739581179{margin-top: 30px !important;}&#8221; add_icon=&#8221;true&#8221; link=&#8221;url:https%3A%2F%2Fstaging.registrarcorp.com%2Fde%2Froles%2Fresearch-development%2F|&#8221; el_class=&#8221;primary-btn&#8221;][\/vc_column_inner][vc_column_inner width=&#8221;1\/2&#8243;][vc_single_image image=&#8221;676&#8243; img_size=&#8221;full&#8221; alignment=&#8221;center&#8221; css=&#8221;.vc_custom_1681739589565{padding-top: 20px !important;}&#8221;][\/vc_column_inner][\/vc_row_inner][\/vc_tta_section][vc_tta_section title=&#8221;F\u00fchrungskr\u00e4fte&#8221; tab_id=&#8221;executives&#8221; el_class=&#8221;pr-0&#8243;][vc_row_inner content_placement=&#8221;middle&#8221;][vc_column_inner width=&#8221;1\/2&#8243;][vc_column_text]\n<h2>F\u00fchrungskr\u00e4fte<\/h2>\n<p><span data-contrast=\"auto\">Bauen Sie ein erfolgreiches, konformes Unternehmen auf. Die umfassenden L\u00f6sungen von Registrar Corp rationalisieren den internen Betrieb, sodass Sie sich auf das Wachstum konzentrieren k\u00f6nnen. Beschleunigen Sie die Effizienz mit professioneller Unterst\u00fctzung bei der FDA-Registrierung, Lebensmittelsicherheitspl\u00e4nen, Vorabmitteilungen und mehr.<\/span><span data-ccp-props=\"{&quot;201341983&quot;:0,&quot;335559685&quot;:0,&quot;335559731&quot;:0,&quot;335559740&quot;:276}\"><\/span>[\/vc_column_text][vc_column_text el_class=&#8221;image-text-content&#8221;]<img decoding=\"async\" class=\"size-full wp-image-177 alignleft\" src=\"\/wp-content\/uploads\/2023\/07\/Tabletphones_smartphone-3311727.png\" alt=\"\" width=\"50\" height=\"39\"><strong>Nutzen Sie unsere Softwarel\u00f6sungen, um die Einhaltung der Lieferantenvorschriften zu vereinfachen, die regulatorische Schulung f\u00fcr Ihre Mitarbeiter zu erh\u00f6hen und die Entwicklung kosmetischer Produkte zu optimieren.<\/strong>[\/vc_column_text][vc_btn title=&#8221;L\u00f6sungen f\u00fcr F\u00fchrungskr\u00e4fte&#8221; color=&#8221;sky&#8221; i_align=&#8221;right&#8221; i_icon_fontawesome=&#8221;fas fa-arrow-right&#8221; css=&#8221;.vc_custom_1681739658805{margin-top: 30px !important;}&#8221; add_icon=&#8221;true&#8221; link=&#8221;url:https%3A%2F%2Fstaging.registrarcorp.com%2Fde%2Froles%2Fexecutives%2F|&#8221; el_class=&#8221;primary-btn&#8221;][\/vc_column_inner][vc_column_inner width=&#8221;1\/2&#8243;][vc_single_image image=&#8221;668&#8243; img_size=&#8221;full&#8221; alignment=&#8221;center&#8221; css=&#8221;.vc_custom_1681739665977{padding-top: 20px !important;}&#8221;][\/vc_column_inner][\/vc_row_inner][\/vc_tta_section][\/vc_tta_tabs][\/vc_column][\/vc_row][\/vc_section][vc_section el_class=&#8221;lorem-ipsum-section&#8221;][vc_row][vc_column]<div id=\"section-338\" class=\"el-109495435264ad9058464f4 ss-element gusta-section-vc-element \"><div class=\"section-container\">[vc_row el_class=\"lorem-ipsum-section\"][vc_column css=\".vc_custom_1689087893301{padding-top: 60px !important;padding-bottom: 60px !important;}\"][vc_row_inner][vc_column_inner width=\"2\/3\"][vc_column_text css=\"\"]\r\n<h2 style=\"color: #003873; font-size: 40px; font-weight: bold;\">Unsere Ressourcenbibliothek<\/h2>\r\n<span style=\"color: #003873; font-size: 18px;\">Mit mehr als 20 Jahren Erfahrung in der Regulierung haben wir alles, was Sie brauchen, um Ihren Import- und Exportanforderungen gerecht zu werden.\r\n<\/span>\r\n\r\n<span style=\"color: #003873; font-size: 18px;\">Unsere umfassende Suite an Dienstleistungen, Software und Online-Schulungen vereinfacht die Compliance, damit Sie Ihre Gesch\u00e4fte verbessern k\u00f6nnen.\r\n<\/span>[\/vc_column_text][\/vc_column_inner][vc_column_inner width=\"1\/3\"]\n            <link rel=\"stylesheet\" href=\"\/wp-content\/plugins\/mpc-massive\/assets\/fonts\/mi\/mi.min.css\">\n            <div id=\"icon-list-resources\" class=\"mpc-icon-list mpc-icon--right mpc-inited\"><ul class=\"mpc-list__ul\"><li class=\"mpc-list__item mpc-parent-hover mpc-transition\">\n                        <div class=\"mpc-list__icon\">\n                            <div class=\"mpc-icon mpc-transition mpc-effect-none mpc-icon-hover mpc-inited icon-arrow\">\n                            <div class=\"mpc-icon-wrap\">\n                                <i class=\"mpc-icon-part mpc-regular mpc-transition mi mi-arrow_forward\"><\/i>\n                                <i class=\"mpc-icon-part mpc-hover mpc-transition mi mi-arrow_forward\"><\/i>\n                            <\/div>\n                            <\/div>\n                        <\/div>\n                        <span class=\"mpc-list__title\">\n                            <a href=\"https:\/\/staging.registrarcorp.com\/blog\/\">Blog<\/a>\n                        <\/span>\n                    <\/li><li class=\"mpc-list__item mpc-parent-hover mpc-transition\">\n                        <div class=\"mpc-list__icon\">\n                            <div class=\"mpc-icon mpc-transition mpc-effect-none mpc-icon-hover mpc-inited icon-arrow\">\n                            <div class=\"mpc-icon-wrap\">\n                                <i class=\"mpc-icon-part mpc-regular mpc-transition mi mi-arrow_forward\"><\/i>\n                                <i class=\"mpc-icon-part mpc-hover mpc-transition mi mi-arrow_forward\"><\/i>\n                            <\/div>\n                            <\/div>\n                        <\/div>\n                        <span class=\"mpc-list__title\">\n                            <a href=\"https:\/\/staging.registrarcorp.com\/resources\/events\/\">Webinar\/Veranstaltungen<\/a>\n                        <\/span>\n                    <\/li><li class=\"mpc-list__item mpc-parent-hover mpc-transition\">\n                        <div class=\"mpc-list__icon\">\n                            <div class=\"mpc-icon mpc-transition mpc-effect-none mpc-icon-hover mpc-inited icon-arrow\">\n                            <div class=\"mpc-icon-wrap\">\n                                <i class=\"mpc-icon-part mpc-regular mpc-transition mi mi-arrow_forward\"><\/i>\n                                <i class=\"mpc-icon-part mpc-hover mpc-transition mi mi-arrow_forward\"><\/i>\n                            <\/div>\n                            <\/div>\n                        <\/div>\n                        <span class=\"mpc-list__title\">\n                            <a href=\"https:\/\/staging.registrarcorp.com\/resources\/case-studies\/\">Fallstudien<\/a>\n                        <\/span>\n                    <\/li><\/ul><\/div>[\/vc_column_inner][\/vc_row_inner][\/vc_column][\/vc_row]<\/div><\/div>[\/vc_column][\/vc_row][\/vc_section][vc_row css=&#8221;.vc_custom_1681739690722{margin-top: -35px !important;}&#8221;][vc_column]<div id=\"section-292\" class=\"el-1587595336643d4fae30eff ss-element gusta-section-vc-element \"><div class=\"section-container\">[vc_row full_width=\"stretch_row\" el_id=\"bottomRow\" css=\".vc_custom_1738666549366{padding-top: 45px !important;padding-bottom: 45px !important;background-color: #8ed6ff !important;}\"][vc_column_text css=\"\" el_class=\"are-you-ready-heading\"]\r\n<div style=\"color: #003873;\">Sind Sie bereit f\u00fcr eine bessere Compliance?<\/div>\r\n[vc_btn title=\"Loslegen\" shape=\"square\" color=\"default\" align=\"left\" i_align=\"right\" i_icon_fontawesome=\"fas fa-arrow-right\" add_icon=\"true\" link=\"url:https%3A%2F%2Fstaging.registrarcorp.com%2Fde%2Fcontact%2F%23contact-us|\" el_class=\"get-started-btn\"][\/vc_column_text][\/vc_row]<\/div><\/div>[\/vc_column][\/vc_row]\n<\/div>","protected":false},"excerpt":{"rendered":"<p>[vc_row full_width=&#8221;stretch_row&#8221; css=&#8221;.vc_custom_1726760550789{padding-top: 100px !important;background-color: #f4f4f4 !important;}&#8221; el_class=&#8221;topContainer row-wdith hero-section&#8221; el_id=&#8221;headerRow&#8221;][vc_column width=&#8221;1\/2&#8243;][vc_column_text fnt_family=&#8221;Montserrat&#8221; fnt_family_h1=&#8221;Montserrat&#8221; fnt_size_h1=&#8221;56&#8243;] Finden Sie die richtigen Compliance-L\u00f6sungen f\u00fcr Ihre Rolle. [\/vc_column_text][vc_column_text fnt_family=&#8221;Montserrat&#8221; fnt_size=&#8221;24&#8243;]Registrar Corp wurde von Regulierungsexperten f\u00fcr Regulierungsexperten entwickelt. Wir haben Dienstleistungen, Softwarel\u00f6sungen und Schulungsprogramme entwickelt, die auf Ihre Bed\u00fcrfnisse zugeschnitten sind, damit Sie Ihr Unternehmen konform halten und reibungslos laufen<\/p>\n","protected":false},"author":40,"featured_media":0,"parent":0,"menu_order":0,"comment_status":"closed","ping_status":"closed","template":"page-templates\/page-sidebar-none.php","meta":{"_acf_changed":false,"content-type":"","footnotes":""},"class_list":["post-14987","page","type-page","status-publish","hentry"],"acf":[],"_links":{"self":[{"href":"https:\/\/staging.registrarcorp.com\/de\/wp-json\/wp\/v2\/pages\/14987","targetHints":{"allow":["GET"]}}],"collection":[{"href":"https:\/\/staging.registrarcorp.com\/de\/wp-json\/wp\/v2\/pages"}],"about":[{"href":"https:\/\/staging.registrarcorp.com\/de\/wp-json\/wp\/v2\/types\/page"}],"author":[{"embeddable":true,"href":"https:\/\/staging.registrarcorp.com\/de\/wp-json\/wp\/v2\/users\/40"}],"replies":[{"embeddable":true,"href":"https:\/\/staging.registrarcorp.com\/de\/wp-json\/wp\/v2\/comments?post=14987"}],"version-history":[{"count":0,"href":"https:\/\/staging.registrarcorp.com\/de\/wp-json\/wp\/v2\/pages\/14987\/revisions"}],"wp:attachment":[{"href":"https:\/\/staging.registrarcorp.com\/de\/wp-json\/wp\/v2\/media?parent=14987"}],"curies":[{"name":"wp","href":"https:\/\/api.w.org\/{rel}","templated":true}]}}