{"id":14865,"date":"2023-03-15T18:05:37","date_gmt":"2023-03-15T18:05:37","guid":{"rendered":"https:\/\/staging.registrarcorp.com\/products\/"},"modified":"2025-06-05T20:19:36","modified_gmt":"2025-06-05T20:19:36","slug":"software","status":"publish","type":"page","link":"https:\/\/staging.registrarcorp.com\/de\/software\/","title":{"rendered":"Software"},"content":{"rendered":"<div class=\"wpb-content-wrapper\">[vc_row full_width=&#8221;stretch_row&#8221; css=&#8221;.vc_custom_1726759688505{padding-top: 50px !important;background-color: #f4f4f4 !important;}&#8221; el_class=&#8221;topContainer row-wdith hero-section&#8221; el_id=&#8221;headerRow&#8221;][vc_column width=&#8221;1\/2&#8243;][vc_column_text css=&#8221;&#8221; fnt_family_h1=&#8221;Montserrat&#8221; fnt_size_h1=&#8221;56&#8243;]\n<h1><span style=\"color: #003873;\"><strong>Unsere Software.<\/strong><\/span><br \/><span style=\"color: #0081ff;\"><strong> Ihre L\u00f6sung.<\/strong><\/span><\/h1>\n[\/vc_column_text][vc_column_text]Behalten Sie mit der sicheren Software von Registrar Corp den \u00dcberblick \u00fcber beh\u00f6rdliche Vorschriften. Unsere umfassende Suite an kosteng\u00fcnstigen, benutzerfreundlichen L\u00f6sungen beschleunigt die Compliance und optimiert das Lieferkettenmanagement.[\/vc_column_text][vc_btn title=&#8221;Entdecken Sie unsere Produkte&#8221; color=&#8221;sky&#8221; i_align=&#8221;right&#8221; i_icon_fontawesome=&#8221;fas fa-arrow-right&#8221; css=&#8221;.vc_custom_1689067563361{margin-top: 30px !important;}&#8221; add_icon=&#8221;true&#8221; link=&#8221;url:%23tabSection|&#8221; el_class=&#8221;primary-btn&#8221;][\/vc_column][vc_column width=&#8221;1\/2&#8243; el_class=&#8221;container-right&#8221;][vc_single_image image=&#8221;660&#8243; img_size=&#8221;full&#8221; alignment=&#8221;center&#8221;][\/vc_column][\/vc_row][vc_section disable_element=&#8221;yes&#8221; css=&#8221;.vc_custom_1699276967612{padding-top: 50px !important;padding-right: 0px !important;padding-bottom: 50px !important;padding-left: 0px !important;}&#8221;][vc_row el_class=&#8221;count-wrap&#8221;][vc_column width=&#8221;1\/2&#8243;][vc_column_text el_class=&#8221;text-col&#8221;]\n<p style=\"font-size: 20px; font-weight: bold; text-align: left;\">Registrar Corp bringt \u00fcber 20 Jahre Erfahrung und Expertise in die Einhaltung gesetzlicher Vorschriften ein.<\/p>\n[\/vc_column_text][\/vc_column][vc_column width=&#8221;1\/2&#8243;][vc_row_inner el_class=&#8221;stats-count&#8221; css=&#8221;.vc_custom_1685446330345{padding-right: 0px !important;padding-left: 0px !important;}&#8221;][vc_column_inner width=&#8221;1\/4&#8243;][vc_column_text]\n<p style=\"text-align: center; font-size: 32px; font-weight: bold; margin-bottom: unset;\">19<\/p>\n<p style=\"text-align: center; font-size: 24px;\">Weltweit<br \/>B\u00fcros<\/p>\n[\/vc_column_text][\/vc_column_inner][vc_column_inner width=&#8221;1\/4&#8243;][vc_column_text]\n<p style=\"text-align: center; font-size: 32px; font-weight: bold; margin-bottom: unset;\">175+<\/p>\n<p style=\"text-align: center; font-size: 24px;\">L\u00e4nder<\/p>\n[\/vc_column_text][\/vc_column_inner][vc_column_inner width=&#8221;1\/4&#8243;][vc_column_text]\n<p style=\"text-align: center; font-size: 32px; font-weight: bold; margin-bottom: unset;\">\u00dcber 30.000<\/p>\n<p style=\"text-align: center; font-size: 24px;\">Kunden<\/p>\n[\/vc_column_text][\/vc_column_inner][vc_column_inner width=&#8221;1\/4&#8243;][vc_column_text]\n<p style=\"text-align: center; font-size: 32px; font-weight: bold; margin-bottom: unset;\">4.7<\/p>\n<p style=\"text-align: center; font-size: 24px;\">Trustpilot<br \/>Punktzahl[\/vc_column_text][\/vc_column_inner][\/vc_row_inner][\/vc_column][\/vc_row][\/vc_section][vc_section css=&#8221;.vc_custom_1685446271065{padding-top: 50px !important;padding-right: 0px !important;padding-bottom: 50px !important;padding-left: 0px !important;}&#8221;][vc_row el_class=&#8221;count-wrap&#8221; el_id=&#8221;dataRow&#8221;][vc_column][vc_row_inner css=&#8221;.vc_custom_1700590040031{padding-right: 0px !important;padding-left: 0px !important;}&#8221;][vc_column_inner width=&#8221;1\/5&#8243;][vc_single_image image=&#8221;24448&#8243; img_size=&#8221;114&#215;65&#8243; alignment=&#8221;center&#8221;][vc_column_text css=&#8221;&#8221;]\n<p style=\"text-align: center; font-size: 40px; line-height: 60px; color: #003873; font-weight: bold; margin-bottom: unset;\">\u00dcber 30.000<span style=\"color: #f54f45;\"><\/span><\/p>\n<p style=\"text-align: center; font-size: 24px;\">Kunden<\/p>\n[\/vc_column_text][\/vc_column_inner][vc_column_inner width=&#8221;1\/5&#8243;][vc_single_image image=&#8221;24458&#8243; img_size=&#8221;81&#215;81&#8243; alignment=&#8221;center&#8221;][vc_column_text css=&#8221;&#8221;]\n<p style=\"text-align: center; font-size: 40px; line-height: 60px; color: #003873; font-weight: bold; margin-bottom: unset;\">175<span style=\"color: #f54f45;\">+<\/span><\/p>\n<p style=\"text-align: center; font-size: 24px;\">L\u00e4nder<\/p>\n[\/vc_column_text][\/vc_column_inner][vc_column_inner width=&#8221;1\/5&#8243;][vc_single_image image=&#8221;24476&#8243; img_size=&#8221;70&#215;72&#8243; alignment=&#8221;center&#8221;][vc_column_text css=&#8221;&#8221;]\n<p style=\"text-align: center; font-size: 40px; line-height: 60px; color: #003873; font-weight: bold; margin-bottom: unset;\">20<\/p>\n<p style=\"text-align: center; font-size: 24px;\">Weltweite Niederlassungen<\/p>\n[\/vc_column_text][\/vc_column_inner][vc_column_inner width=&#8221;1\/5&#8243;][vc_single_image image=&#8221;24503&#8243; img_size=&#8221;81&#215;81&#8243; alignment=&#8221;center&#8221;][vc_column_text css=&#8221;&#8221;]\n<p style=\"text-align: center; font-size: 40px; line-height: 60px; color: #003873; font-weight: bold; margin-bottom: unset;\">4.7\/5<\/p>\n<p style=\"text-align: center; font-size: 24px;\">Kundenbewertung<\/p>\n[\/vc_column_text][\/vc_column_inner][vc_column_inner width=&#8221;1\/5&#8243;][vc_single_image image=&#8221;24494&#8243; img_size=&#8221;61&#215;81&#8243; alignment=&#8221;center&#8221;][vc_column_text css=&#8221;&#8221;]\n<p style=\"text-align: center; font-size: 40px; line-height: 60px; color: #003873; font-weight: bold; margin-bottom: unset;\">20<span style=\"color: #f54f45;\">+<\/span><\/p>\n<p style=\"text-align: center; font-size: 24px;\">Dienstjahre<\/p>\n[\/vc_column_text][\/vc_column_inner][\/vc_row_inner][\/vc_column][\/vc_row][\/vc_section][vc_row full_width=&#8221;stretch_row&#8221; content_placement=&#8221;middle&#8221; el_id=&#8221;helpRow&#8221; css=&#8221;.vc_custom_1686308745414{padding-top: 30px !important;padding-bottom: 80px !important;background-color: #ffffff !important;}&#8221;][vc_column width=&#8221;1\/2&#8243;][vc_single_image image=&#8221;652&#8243; img_size=&#8221;full&#8221;][\/vc_column][vc_column width=&#8221;1\/2&#8243;][vc_custom_heading text=&#8221;Wie wir helfen&#8221; font_container=&#8221;tag:h2|text_align:left|color:%23003873&#8243; google_fonts=&#8221;font_family:Montserrat%3Aregular%2C700|font_style:700%20bold%20regular%3A700%3Anormal&#8221; css=&#8221;&#8221;][vc_column_text fnt_family=&#8221;Montserrat&#8221; fnt_size=&#8221;18&#8243; el_class=&#8221;how-we-help-text&#8221;]Als seit 2003 f\u00fchrender regulatorischer Beratungspartner k\u00f6nnen unsere Softwarel\u00f6sungen Ihnen helfen, Ihre Lieferanten zu verwalten, sich mit aktuellen und potenziellen Branchenexperten zu verbinden und die Compliance schnell und effizient zu \u00fcberwachen und aufrechtzuerhalten.[\/vc_column_text][\/vc_column][\/vc_row][vc_row full_width=&#8221;stretch_row&#8221; css_animation=&#8221;fadeIn&#8221; el_id=&#8221;tabSection&#8221; css=&#8221;.vc_custom_1687297168043{padding-bottom: 30px !important;background-color: #ffffff !important;}&#8221; el_class=&#8221;tabs-section&#8221;][vc_column css=&#8221;.vc_custom_1686571213247{padding-bottom: 0px !important;}&#8221;][vc_tta_tabs section_title_tag=&#8221;h2&#8243; style=&#8221;flat&#8221; shape=&#8221;square&#8221; color=&#8221;white&#8221; alignment=&#8221;center&#8221; active_section=&#8221;1&#8243; css=&#8221;.vc_custom_1686315256478{background-color: #ffffff !important;}&#8221;][vc_tta_section title=&#8221;ComplyHub\u2122&#8221; tab_id=&#8221;comply-hub&#8221;][vc_row_inner content_placement=&#8221;middle&#8221; css=&#8221;.vc_custom_1686553221874{padding-top: 25px !important;padding-bottom: 25px !important;}&#8221;][vc_column_inner width=&#8221;1\/2&#8243;][vc_column_text]\n<h2>ComplyHub\u2122<\/h2>\n<p>Die weltweit umfassendste Software f\u00fcr die FSVP-Compliance rund um die Uhr. Die leistungsstarke Software von ComplyHub erm\u00f6glicht es US-amerikanischen Lebensmittel- und Getr\u00e4nkeimporteuren, die dem Foreign Supplier Verification Program (FSVP) der FDA unterliegen, die FDA-FSVP-Konformit\u00e4t zu erreichen und aufrechtzuerhalten.[\/vc_column_text][vc_btn title=&#8221;Demo Automatisierte Compliance&#8221; color=&#8221;sky&#8221; i_align=&#8221;right&#8221; i_icon_fontawesome=&#8221;fas fa-arrow-right&#8221; css=&#8221;.vc_custom_1736426446062{margin-top: 30px !important;}&#8221; add_icon=&#8221;true&#8221; link=&#8221;url:https%3A%2F%2Fstaging.registrarcorp.com%2Fde%2Fsoftware%2Fcomplyhub%2F|&#8221; el_class=&#8221;primary-btn&#8221;][\/vc_column_inner][vc_column_inner width=&#8221;1\/2&#8243;][vc_single_image image=&#8221;644&#8243; img_size=&#8221;full&#8221; alignment=&#8221;right&#8221;][\/vc_column_inner][\/vc_row_inner][\/vc_tta_section][vc_tta_section title=&#8221;Online-Training&#8221; tab_id=&#8221;online-training&#8221;][vc_row_inner content_placement=&#8221;middle&#8221; css=&#8221;.vc_custom_1686553238315{padding-top: 25px !important;padding-bottom: 25px !important;}&#8221;][vc_column_inner width=&#8221;1\/2&#8243;][vc_column_text]\n<h2>Online-Training<\/h2>\n<p>Bereiten Sie sich und Ihr Team mit den selbstgesteuerten Online-Schulungsangeboten von Registrar Corp auf eine bessere Compliance vor. Wir bieten Hunderte von Kursen an, darunter HACCP, SQF Practitioner, PCQI, FSSC 22000, BRCGS, ISO 22000, ISO 13485 und ISO 9001.[\/vc_column_text][vc_btn title=&#8221;Schulung starten&#8221; color=&#8221;sky&#8221; i_align=&#8221;right&#8221; i_icon_fontawesome=&#8221;fas fa-arrow-right&#8221; css=&#8221;.vc_custom_1681738323395{margin-top: 30px !important;}&#8221; add_icon=&#8221;true&#8221; link=&#8221;url:https%3A%2F%2Fstaging.registrarcorp.com%2Fde%2Fabout-us%2Fpartners%2Fattachment%2Fonline-training-2%2F|&#8221; el_class=&#8221;primary-btn&#8221;][\/vc_column_inner][vc_column_inner width=&#8221;1\/2&#8243;][vc_single_image image=&#8221;9937&#8243; img_size=&#8221;full&#8221; alignment=&#8221;right&#8221;][\/vc_column_inner][\/vc_row_inner][\/vc_tta_section][vc_tta_section title=&#8221;Mit Cosmetri&#8221; tab_id=&#8221;Cosmetri&#8221;][vc_row_inner content_placement=&#8221;middle&#8221; css=&#8221;.vc_custom_1686313202789{padding-top: 25px !important;padding-bottom: 25px !important;}&#8221;][vc_column_inner width=&#8221;1\/2&#8243;][vc_column_text]\n<h2>Mit Cosmetri<\/h2>\n<p>Herstellung sicherer und effektiver K\u00f6rperpflegeprodukte. Cosmetri von Registrar Corp bietet eine robuste regulatorische und Formulierungsl\u00f6sung f\u00fcr Kosmetikhersteller und F&#038;E-Labore, die es ihnen erm\u00f6glicht, zusammenzuarbeiten und konforme Kosmetikprodukte zu entwickeln.[\/vc_column_text][vc_btn title=&#8221;Erfahren Sie mehr \u00fcber Cosmetri&#8221; color=&#8221;sky&#8221; i_align=&#8221;right&#8221; i_icon_fontawesome=&#8221;fas fa-arrow-right&#8221; css=&#8221;.vc_custom_1681738300399{margin-top: 30px !important;}&#8221; add_icon=&#8221;true&#8221; link=&#8221;url:https%3A%2F%2Fwww.cosmetri.com%2F|target:_blank|&#8221; el_class=&#8221;primary-btn&#8221;][\/vc_column_inner][vc_column_inner width=&#8221;1\/2&#8243;][vc_single_image image=&#8221;636&#8243; img_size=&#8221;full&#8221; alignment=&#8221;right&#8221;][\/vc_column_inner][\/vc_row_inner][\/vc_tta_section][vc_tta_section title=&#8221;A la Calc&#8221; tab_id=&#8221;a-la-calc&#8221;][vc_row_inner content_placement=&#8221;middle&#8221; css=&#8221;.vc_custom_1686571128420{padding-top: 25px !important;padding-bottom: 0px !important;}&#8221;][vc_column_inner width=&#8221;1\/2&#8243;][vc_column_text]\n<h2>A la Calc<\/h2>\n<p>Behalten Sie die Einhaltung der N\u00e4hrwertangaben bei. Die propriet\u00e4re Rezeptsoftwarel\u00f6sung wird von \u00fcber 10.000 Fachleuten der Lebensmittelindustrie eingesetzt und bietet eine sichere Plattform f\u00fcr Rezeptanalysen und -kalkulationen, Ern\u00e4hrungsberechnungen, Allergendeklarationen und mehr.[\/vc_column_text][vc_btn title=&#8221;Entdecken Sie \u00e0 la Calc&#8221; color=&#8221;sky&#8221; i_align=&#8221;right&#8221; i_icon_fontawesome=&#8221;fas fa-arrow-right&#8221; css=&#8221;.vc_custom_1736426716294{margin-top: 30px !important;margin-bottom: 0px !important;}&#8221; add_icon=&#8221;true&#8221; link=&#8221;url:https%3A%2F%2Fstaging.registrarcorp.com%2Fde%2Fsoftware%2Frecipe-analysis-and-nutrition-software%2F|&#8221; el_class=&#8221;primary-btn&#8221;][\/vc_column_inner][vc_column_inner width=&#8221;1\/2&#8243;][vc_single_image image=&#8221;628&#8243; img_size=&#8221;full&#8221; alignment=&#8221;right&#8221;][\/vc_column_inner][\/vc_row_inner][\/vc_tta_section][\/vc_tta_tabs][\/vc_column][\/vc_row][vc_row full_width=&#8221;stretch_row&#8221; css=&#8221;.vc_custom_1684831987836{padding-bottom: 50px !important;background-color: #ffffff !important;}&#8221; el_class=&#8221;business-model-tabs&#8221;][vc_column][vc_row_inner content_placement=&#8221;middle&#8221;][vc_column_inner width=&#8221;1\/4&#8243;][vc_single_image image=&#8221;2547&#8243; img_size=&#8221;large&#8221; css=&#8221;.vc_custom_1700590218428{margin-bottom: 35px !important;}&#8221;][\/vc_column_inner][vc_column_inner width=&#8221;1\/2&#8243;][vc_custom_heading text=&#8221;20 Jahre lang schnelle und einfache Compliance.&#8221; font_container=&#8221;tag:h2|text_align:left|color:%23003873&#8243; google_fonts=&#8221;font_family:Montserrat%3Aregular%2C700|font_style:700%20bold%20regular%3A700%3Anormal&#8221;][vc_column_text fnt_family=&#8221;Montserrat&#8221; fnt_size=&#8221;18&#8243;]Seit 2003 arbeitet unser engagiertes Team von Compliance- und Branchenexperten unerm\u00fcdlich daran, die Lieferketten gesund zu halten. Wir helfen Ihnen noch heute dabei, die Einhaltung gesetzlicher Vorschriften zu vereinfachen.[\/vc_column_text][\/vc_column_inner][vc_column_inner width=&#8221;1\/4&#8243;][vc_single_image image=&#8221;2547&#8243; img_size=&#8221;large&#8221; css=&#8221;.vc_custom_1700590262521{margin-bottom: 35px !important;}&#8221;][\/vc_column_inner][\/vc_row_inner][\/vc_column][\/vc_row][vc_section css=&#8221;.vc_custom_1684404283119{padding-top: 0px !important;}&#8221;][vc_row full_width=&#8221;stretch_row&#8221; el_id=&#8221;bottomRow&#8221; css=&#8221;.vc_custom_1684406733405{padding-top: 45px !important;padding-bottom: 45px !important;background-color: #00ed9e !important;}&#8221;][vc_column width=&#8221;2\/3&#8243;][vc_column_text el_class=&#8221;are-you-ready-heading&#8221;]<span style=\"color: #003873;\">Sind Sie bereit f\u00fcr eine bessere Compliance?<\/span>[\/vc_column_text][\/vc_column][vc_column width=&#8221;1\/3&#8243;][vc_btn title=&#8221;Loslegen&#8221; shape=&#8221;square&#8221; color=&#8221;default&#8221; align=&#8221;center&#8221; i_align=&#8221;right&#8221; i_icon_fontawesome=&#8221;fas fa-arrow-right&#8221; add_icon=&#8221;true&#8221; link=&#8221;url:%23|&#8221; el_class=&#8221;get-started-btn&#8221;][\/vc_column][\/vc_row][\/vc_section]\n<\/div>","protected":false},"excerpt":{"rendered":"<p>[vc_row full_width=&#8221;stretch_row&#8221; css=&#8221;.vc_custom_1726759688505{padding-top: 50px !important;background-color: #f4f4f4 !important;}&#8221; el_class=&#8221;topContainer row-wdith hero-section&#8221; el_id=&#8221;headerRow&#8221;][vc_column width=&#8221;1\/2&#8243;][vc_column_text css=&#8221;&#8221; fnt_family_h1=&#8221;Montserrat&#8221; fnt_size_h1=&#8221;56&#8243;] Unsere Software. Ihre L\u00f6sung. [\/vc_column_text][vc_column_text]Behalten Sie mit der sicheren Software von Registrar Corp den \u00dcberblick \u00fcber beh\u00f6rdliche Vorschriften. Unsere umfassende Suite an kosteng\u00fcnstigen, benutzerfreundlichen L\u00f6sungen beschleunigt die Compliance und optimiert das Lieferkettenmanagement.[\/vc_column_text][vc_btn title=&#8221;Entdecken Sie unsere Produkte&#8221; color=&#8221;sky&#8221; i_align=&#8221;right&#8221; i_icon_fontawesome=&#8221;fas fa-arrow-right&#8221;<\/p>\n","protected":false},"author":40,"featured_media":0,"parent":0,"menu_order":0,"comment_status":"closed","ping_status":"closed","template":"page-templates\/page-sidebar-none.php","meta":{"_acf_changed":false,"content-type":"","footnotes":""},"class_list":["post-14865","page","type-page","status-publish","hentry"],"acf":[],"_links":{"self":[{"href":"https:\/\/staging.registrarcorp.com\/de\/wp-json\/wp\/v2\/pages\/14865","targetHints":{"allow":["GET"]}}],"collection":[{"href":"https:\/\/staging.registrarcorp.com\/de\/wp-json\/wp\/v2\/pages"}],"about":[{"href":"https:\/\/staging.registrarcorp.com\/de\/wp-json\/wp\/v2\/types\/page"}],"author":[{"embeddable":true,"href":"https:\/\/staging.registrarcorp.com\/de\/wp-json\/wp\/v2\/users\/40"}],"replies":[{"embeddable":true,"href":"https:\/\/staging.registrarcorp.com\/de\/wp-json\/wp\/v2\/comments?post=14865"}],"version-history":[{"count":0,"href":"https:\/\/staging.registrarcorp.com\/de\/wp-json\/wp\/v2\/pages\/14865\/revisions"}],"wp:attachment":[{"href":"https:\/\/staging.registrarcorp.com\/de\/wp-json\/wp\/v2\/media?parent=14865"}],"curies":[{"name":"wp","href":"https:\/\/api.w.org\/{rel}","templated":true}]}}