{"id":14150,"date":"2023-05-09T08:39:29","date_gmt":"2023-05-09T08:39:29","guid":{"rendered":"https:\/\/staging.registrarcorp.com\/history\/"},"modified":"2024-09-19T19:38:49","modified_gmt":"2024-09-19T19:38:49","slug":"history","status":"publish","type":"page","link":"https:\/\/staging.registrarcorp.com\/de\/about-us\/history\/","title":{"rendered":"Verlauf"},"content":{"rendered":"<div class=\"wpb-content-wrapper\">[vc_row full_width=&#8221;stretch_row&#8221; css=&#8221;.vc_custom_1726759393483{padding-top: 50px !important;padding-bottom: 50px !important;background-color: #ffffff !important;}&#8221; el_class=&#8221;vertical-text-align hero-section&#8221;][vc_column width=&#8221;1\/2&#8243; el_class=&#8221;history-rt-col&#8221;][vc_custom_heading text=&#8221;Zeitplan von Registrar Corp.&#8221; font_container=&#8221;tag:h1|font_size:72|text_align:left|color:%23003873&#8243; google_fonts=&#8221;font_family:Montserrat%3Aregular%2C700|font_style:700%20bold%20regular%3A700%3Anormal&#8221;][vc_column_text fnt_family=&#8221;Montserrat&#8221; fnt_size=&#8221;20px&#8221;]Registrar Corp. wuchs aus der Notwendigkeit, dass Unternehmen sich st\u00e4ndig \u00e4ndernde regulatorischen Standards erf\u00fcllen m\u00fcssen. In den letzten 20 Jahren haben wir uns neben der Einhaltung gesetzlicher Vorschriften in den USA weiterentwickelt und unsere Dienstleistungsangebote erweitert und angepasst, wenn neue Bed\u00fcrfnisse entstehen. Heute k\u00f6nnen wir mit Stolz auf diese Geschichte zur\u00fcckblicken.[\/vc_column_text][\/vc_column][vc_column width=&#8221;1\/2&#8243;][vc_single_image image=&#8221;1725&#8243; img_size=&#8221;large&#8221;][\/vc_column][\/vc_row][vc_row full_width=&#8221;stretch_row&#8221; css=&#8221;.vc_custom_1684232423826{background-color: #ffffff !important;}&#8221; el_class=&#8221;history-entries&#8221;][vc_column][vc_column_text]\n<div class=\"timeline\">\n<div class=\"t-container t-left\">\n<div class=\"t-content\">\n<h2><span class=\"number-color\">2003 \u2013<\/span> Einf\u00fchrung von Registrar Corp.<\/h2>\n<div class=\"border-div\"><\/div>\n<p>Nachdem <a href=\"https:\/\/www.cbp.gov\/trade\/priority-issues\/import-safety\/bioterrorism\" target=\"_blank\" rel=\"noopener\">der Bioterrorism Act<\/a><span data-contrast=\"auto\"> nach dem 11. September verabschiedet wurde, sehen unsere Mitbegr\u00fcnder die Notwendigkeit einer Compliance-Beh\u00f6rde, die in der Lage ist, erschwingliche Dienstleistungen zu erbringen. Sie starten  Registrar Corp., um Lebensmitteleinrichtungen bei der Einhaltung neuer FDA-Zulassungs- und Zollvorschriften zu unterst\u00fctzen und unsere Lieferkette zu sch\u00fctzen.<\/span><\/div>\n<\/div>\n<div class=\"t-container t-right\">\n<div class=\"t-content\">\n<h2><span class=\"number-color\">2004 &#8211;<\/span> Registrar Corp f\u00fcgt Dienstleistungen zur \u00dcberpr\u00fcfung von Etiketten und Inhaltsstoffen hinzu<\/h2>\n<div class=\"right-border-div\"><\/div>\n<p>Mit der Verabschiedung des <a href=\"https:\/\/www.fda.gov\/food\/food-allergensgluten-free-guidance-documents-regulatory-information\/food-allergen-labeling-and-consumer-protection-act-2004-falcpa\" target=\"_blank\" rel=\"noopener\">Food Allergen Labeling and Consumer Protection Act von 2004<\/a> (FALCPA) beginnt Registrar Corp, Etiketten- und Inhaltsstoffpr\u00fcfungen anzubieten, die die Einhaltung der Lebensmittelkennzeichnung unterst\u00fctzen.<\/div>\n<\/div>\n<div class=\"t-container t-left\">\n<div class=\"t-content\">\n<h2><span class=\"number-color\">2005 &#8211;<\/span> Registrar Corp f\u00fcgt FCE-Dienstleistungen (Food Canning Establishment) hinzu<\/h2>\n<div class=\"border-div\"><\/div>\n<p>Als Anforderungen und Ablagesysteme f\u00fcr die Verschiebung von saueren und s\u00e4urearmen Dosen (AF\/LACF) verschiebt sich die Registrar Corp, um Unterst\u00fctzung f\u00fcr die Registrierung von Lebensmitteldosen zu bieten.<\/p><\/div>\n<\/div>\n<div class=\"t-container t-right\">\n<div class=\"t-content\">\n<h2><span class=\"number-color\">2006 \u2013<\/span> Registrar Corp. erweitert die Compliance mit Medizinprodukten<\/h2>\n<div class=\"right-border-div\"><\/div>\n<p>Registrar Corp erkennt den Bedarf an Compliance-Unterst\u00fctzung in allen Branchen und f\u00fcgt unserer Kundenliste eine neue Branche hinzu: Einrichtungen f\u00fcr medizinische Ger\u00e4te.<\/p><\/div>\n<\/div>\n<div class=\"t-container t-left\">\n<div class=\"t-content\">\n<h2><span class=\"number-color\">2009 \u2013<\/span> Registrar Corp. erweitert Arzneimittel-Compliance<\/h2>\n<div class=\"border-div\"><\/div>\n<p>Nur drei Jahre sp\u00e4ter beschleunigen wir unser Wachstum noch weiter, indem wir gezielte Compliance-Services f\u00fcr Arzneimittelbetriebe anbieten.<\/p><\/div>\n<\/div>\n<div class=\"t-container t-right\">\n<div class=\"t-content\">\n<h2><span class=\"number-color\">2011 &#8211;<\/span> Registrar Corp f\u00fcgt Lebensmittelsicherheitsdienste hinzu<\/h2>\n<div class=\"right-border-div\"><\/div>\n<p><span data-contrast=\"auto\">Wir erweitern unsere Lebensmittelsicherheitsangebote als Reaktion auf den FDA <\/span><a href=\"https:\/\/www.fda.gov\/food\/guidance-regulation-food-and-dietary-supplements\/food-safety-modernization-act-fsma\" target=\"_blank\" rel=\"noopener\"><span data-contrast=\"none\">Food Safety and Modernization Act<\/span><\/a><span data-contrast=\"auto\"> (FSMA),<\/span> <span data-contrast=\"auto\">der die Lebensmittelsicherheitsstandards f\u00fcr Haushaltswaren in den USA erh\u00f6ht.<\/span><span data-ccp-props=\"{&quot;201341983&quot;:0,&quot;335559740&quot;:276}\"><\/span><\/div>\n<\/div>\n<div class=\"t-container t-left\">\n<div class=\"t-content\">\n<h2><span class=\"number-color\">2015 \u2013 Registrar Corp f\u00fcgt FSVP-<\/span>Services hinzu<\/h2>\n<div class=\"border-div\"><\/div>\n<p>Das <a href=\"https:\/\/fsvp.com\/what-is-fsvp\/#:~:text=On%20November%2027%2C%202015%20FDA,by%20President%20Obama%20in%202011\" target=\"_blank\" rel=\"noopener\">Foreign Supplier Verification Program<\/a> (FSVP) macht Importeure und ausl\u00e4ndische Lieferanten f\u00fcr importierte Lebensmittelsicherheitsstandards verantwortlich und f\u00fchrt Registrar Corp dazu, FSVP-Plan- und Implementierungsunterst\u00fctzung anzubieten.<\/div>\n<\/div>\n<div class=\"t-container t-right\">\n<div class=\"t-content\">\n<h2><span class=\"number-color\">2018 \u2013 Einf\u00fchrung der Compliance Monitor-<\/span>Software<\/h2>\n<div class=\"right-border-div\"><\/div>\n<p>Registrar Corp f\u00fchrt seine erste propriet\u00e4re Softwareplattform ein, um Importeuren dabei zu helfen, ihre Lieferanten und Exporteure zu \u00fcberwachen, um ihre Einrichtungen zu \u00fcberwachen, um die FSVP-Vorschriften einzuhalten.<\/p><\/div>\n<\/div>\n<div class=\"t-container t-left\">\n<div class=\"t-content\">\n<h2><span class=\"number-color\">2018 \u2013<\/span> Bertram Capital investiert in die Registrar Corp.<\/h2>\n<div class=\"border-div\"><\/div>\n<p><span data-contrast=\"none\">Durch die Partnerschaft mit der Private-Equity-Firma Bertram Capital,<\/span><span data-contrast=\"auto\"> kann Registrar Corp. das kontinuierliche Wachstum unterst\u00fctzen und unsere Entwicklung neuer Produkte und Dienstleistungen beschleunigen.<\/span><span data-ccp-props=\"{&quot;201341983&quot;:0,&quot;335559740&quot;:276}\"><\/span><\/div>\n<\/div>\n<div class=\"t-container t-right\">\n<div class=\"t-content\">\n<h2><span class=\"number-color\">2020 \u2013<\/span> Registrar Corp \u00fcbernimmt<br \/>Vinca, LLC<\/h2>\n<div class=\"right-border-div\"><\/div>\n<p>Vinca, LLC, ein f\u00fchrender Anbieter von Online-Schulungen zum Lebensmittelsicherheitsmanagement, wird zur Grundlage f\u00fcr die branchen\u00fcbergreifende Online-Schulungsplattform und die abonnementbasierte eLibrary von Registrar Corp., RegiLearn.<\/p><\/div>\n<\/div>\n<div class=\"t-container t-left\">\n<div class=\"t-content\">\n<h2><span class=\"number-color\">2021 \u2013<\/span> Paine Schwartz Partners investiert in Registrar Corp<\/h2>\n<div class=\"border-div\"><\/div>\n<p>Bereit f\u00fcr die n\u00e4chste Wachstumsphase, gehen wir eine neue Partnerschaft ein, die diesmal <a href=\"https:\/\/www.prnewswire.com\/news-releases\/paine-schwartz-creates-new-platform-with-investment-in-registrar-corp-the-leading-provider-of-supply-chain-compliance-software-and-services-301363966.html\" target=\"_blank\" rel=\"noopener\">mit Paine Schwartz Partners, dem weltweit f\u00fchrenden Unternehmen f\u00fcr nachhaltiges Investieren in die Lebensmittelkette, durchgef\u00fchrt wird<\/a>.<\/div>\n<\/div>\n<div class=\"t-container t-right\">\n<div class=\"t-content\">\n<h2><span class=\"number-color\">2022<\/span> \u2013 Registrar Corp erwirbt Cosmetri<\/h2>\n<div class=\"right-border-div\"><\/div>\n<p>Cosmetri ist eine regulatorische und Formulierungsl\u00f6sung f\u00fcr Kosmetikhersteller und&amp; RD-Labore, die es ihnen erm\u00f6glicht, konforme Produkte gemeinsam zu entwickeln und zu regulieren.<\/p><\/div>\n<\/div>\n<div class=\"t-container t-left\">\n<div class=\"t-content\">\n<h2><span class=\"number-color\">2022 \u2013<\/span> Registrar Corp erwirbt<br \/>A la Calc<\/h2>\n<div class=\"border-div\"><\/div>\n<p>A la Calc, eine propriet\u00e4re Rezeptsoftwarel\u00f6sung, erm\u00f6glicht Fachleuten in der Lebensmittelindustrie eine sichere Plattform f\u00fcr Rezept- und Ern\u00e4hrungsanalysen, Kostenkalkulation und Erstellung von N\u00e4hrwertangaben.<\/p><\/div>\n<div class=\"arrow down\"><\/div>\n<\/div>\n<\/div>\n[\/vc_column_text][\/vc_column][\/vc_row][vc_row full_width=&#8221;stretch_row&#8221; css=&#8221;.vc_custom_1683889747822{padding-bottom: 50px !important;background-color: #ffffff !important;}&#8221;][vc_column width=&#8221;1\/4&#8243;][vc_single_image image=&#8221;1331&#8243; img_size=&#8221;full&#8221;][\/vc_column][vc_column width=&#8221;1\/2&#8243;][vc_custom_heading text=&#8221;Die Zukunft von Registrar Corp&#8221; font_container=&#8221;tag:h2|font_size:32|text_align:center|color:%23003873|line_height:40px&#8221; google_fonts=&#8221;font_family:Montserrat%3Aregular%2C700|font_style:700%20bold%20regular%3A700%3Anormal&#8221;][vc_column_text fnt_family=&#8221;Montserrat&#8221; fnt_size=&#8221;20px&#8221;]\n<p style=\"text-align: center;\">Die Registrar Corp. ist seit zwei Jahrzehnten weit gekommen \u2013 und das ist erst der Anfang. W\u00e4hrend wir als f\u00fchrendes Unternehmen im Bereich Compliance weiter wachsen und uns weiterentwickeln, wird unser Fortschritt immer an unserer F\u00e4higkeit gemessen, unsere Kunden zu unterst\u00fctzen, die Verbrauchersicherheit zu f\u00f6rdern und unsere Lieferkette gesund zu halten.<\/p>\n[\/vc_column_text][vc_btn title=&#8221;Schlie\u00dfen Sie sich uns an&#8221; style=&#8221;flat&#8221; shape=&#8221;square&#8221; color=&#8221;blue&#8221; size=&#8221;lg&#8221; align=&#8221;center&#8221; i_align=&#8221;right&#8221; i_icon_fontawesome=&#8221;fas fa-arrow-right&#8221; add_icon=&#8221;true&#8221; el_class=&#8221;primary-btn&#8221; link=&#8221;url:https%3A%2F%2Fstaging.registrarcorp.com%2Fde%2Fcareers%2F|&#8221;][\/vc_column][vc_column width=&#8221;1\/4&#8243;][vc_single_image image=&#8221;1339&#8243; img_size=&#8221;full&#8221; alignment=&#8221;right&#8221;][\/vc_column][\/vc_row]\n<\/div>","protected":false},"excerpt":{"rendered":"<p>[vc_row full_width=&#8221;stretch_row&#8221; css=&#8221;.vc_custom_1726759393483{padding-top: 50px !important;padding-bottom: 50px !important;background-color: #ffffff !important;}&#8221; el_class=&#8221;vertical-text-align hero-section&#8221;][vc_column width=&#8221;1\/2&#8243; el_class=&#8221;history-rt-col&#8221;][vc_custom_heading text=&#8221;Zeitplan von Registrar Corp.&#8221; font_container=&#8221;tag:h1|font_size:72|text_align:left|color:%23003873&#8243; google_fonts=&#8221;font_family:Montserrat%3Aregular%2C700|font_style:700%20bold%20regular%3A700%3Anormal&#8221;][vc_column_text fnt_family=&#8221;Montserrat&#8221; fnt_size=&#8221;20px&#8221;]Registrar Corp. wuchs aus der Notwendigkeit, dass Unternehmen sich st\u00e4ndig \u00e4ndernde regulatorischen Standards erf\u00fcllen m\u00fcssen. In den letzten 20 Jahren haben wir uns neben der Einhaltung gesetzlicher Vorschriften in den USA weiterentwickelt und unsere Dienstleistungsangebote<\/p>\n","protected":false},"author":33,"featured_media":0,"parent":14931,"menu_order":0,"comment_status":"closed","ping_status":"closed","template":"page-templates\/page-sidebar-none.php","meta":{"_acf_changed":false,"content-type":"","footnotes":""},"class_list":["post-14150","page","type-page","status-publish","hentry"],"acf":[],"_links":{"self":[{"href":"https:\/\/staging.registrarcorp.com\/de\/wp-json\/wp\/v2\/pages\/14150","targetHints":{"allow":["GET"]}}],"collection":[{"href":"https:\/\/staging.registrarcorp.com\/de\/wp-json\/wp\/v2\/pages"}],"about":[{"href":"https:\/\/staging.registrarcorp.com\/de\/wp-json\/wp\/v2\/types\/page"}],"author":[{"embeddable":true,"href":"https:\/\/staging.registrarcorp.com\/de\/wp-json\/wp\/v2\/users\/33"}],"replies":[{"embeddable":true,"href":"https:\/\/staging.registrarcorp.com\/de\/wp-json\/wp\/v2\/comments?post=14150"}],"version-history":[{"count":0,"href":"https:\/\/staging.registrarcorp.com\/de\/wp-json\/wp\/v2\/pages\/14150\/revisions"}],"up":[{"embeddable":true,"href":"https:\/\/staging.registrarcorp.com\/de\/wp-json\/wp\/v2\/pages\/14931"}],"wp:attachment":[{"href":"https:\/\/staging.registrarcorp.com\/de\/wp-json\/wp\/v2\/media?parent=14150"}],"curies":[{"name":"wp","href":"https:\/\/api.w.org\/{rel}","templated":true}]}}