{"id":13404,"date":"2023-06-01T07:23:29","date_gmt":"2023-06-01T07:23:29","guid":{"rendered":"https:\/\/staging.registrarcorp.com\/exporter-solutions\/"},"modified":"2024-09-27T13:21:42","modified_gmt":"2024-09-27T13:21:42","slug":"exporter-solutions","status":"publish","type":"page","link":"https:\/\/staging.registrarcorp.com\/de\/business-model\/exporter-solutions\/","title":{"rendered":"L\u00f6sungen f\u00fcr Exporteure"},"content":{"rendered":"<div class=\"wpb-content-wrapper\">[vc_section el_class=&#8221;banner-section&#8221; css=&#8221;.vc_custom_1685621691370{padding-top: 80px !important;padding-bottom: 50px !important;}&#8221;][vc_row full_width=&#8221;stretch_row&#8221; el_class=&#8221;topContainer row-wdith hero-section&#8221; el_id=&#8221;headerRow&#8221;][vc_column width=&#8221;1\/2&#8243;][vc_column_text fnt_family=&#8221;Montserrat&#8221; fnt_size=&#8221;46&#8243;]\n<h1 style=\"font-weight: bold;\"><strong><span style=\"color: #003873;\">Einhaltung gesetzlicher Vorschriften<\/span><\/strong><br \/>\n<strong><span style=\"color: #0081ff;\">f\u00fcr Exporteure weltweit.<\/span><\/strong><\/h1>\n[\/vc_column_text][vc_column_text fnt_family=&#8221;Montserrat&#8221; fnt_size=&#8221;24&#8243;]Die Einhaltung umfangreicher FDA-Vorschriften ist nur eine von vielen Herausforderungen, mit denen Exporteure konfrontiert sind, wenn sie versuchen, in den US-Markt einzudringen. Als f\u00fchrender Compliance-Berater f\u00fcr mehr als 30.000 Unternehmen weltweit verf\u00fcgen wir \u00fcber die Erfahrung und das Fachwissen, um Sie bei der Vorbereitung Ihrer Produkte auf den US-Markt zu unterst\u00fctzen.[\/vc_column_text][vc_btn title=&#8221;W\u00e4hlen Sie Ihre Branche&#8221; color=&#8221;sky&#8221; i_align=&#8221;right&#8221; i_icon_fontawesome=&#8221;fas fa-arrow-right&#8221; add_icon=&#8221;true&#8221; el_class=&#8221;primary-btn&#8221; link=&#8221;url:%23exporters|&#8221;][\/vc_column][vc_column width=&#8221;1\/2&#8243; el_class=&#8221;container-right&#8221;][vc_single_image image=&#8221;3679&#8243; img_size=&#8221;596&#215;499&#8243; alignment=&#8221;center&#8221;][\/vc_column][\/vc_row][\/vc_section][vc_section full_width=&#8221;stretch_row&#8221; css=&#8221;.vc_custom_1689097172732{padding-bottom: 80px !important;background-color: #ffffff !important;}&#8221; el_id=&#8221;exporters&#8221;][vc_row full_width=&#8221;stretch_row&#8221; css=&#8221;.vc_custom_1685610365935{border-top-width: 40px !important;padding-top: 40px !important;padding-bottom: 20px !important;background-color: #ffffff !important;}&#8221;][vc_column width=&#8221;1\/2&#8243;][vc_single_image image=&#8221;3695&#8243; img_size=&#8221;589&#215;217&#8243;][\/vc_column][vc_column width=&#8221;1\/2&#8243;][vc_custom_heading text=&#8221;Globale bis lokale Compliance&#8221; font_container=&#8221;tag:h2|font_size:32px|text_align:left|color:%23003873|line_height:40px&#8221; google_fonts=&#8221;font_family:Montserrat%3Aregular%2C700|font_style:700%20bold%20regular%3A700%3Anormal&#8221;][vc_column_text fnt_family=&#8221;Montserrat&#8221; fnt_size=&#8221;18px&#8221; grad_text_color1=&#8221;#003873&#8243;]Mit 19 globalen Niederlassungen und mehr als 20 Jahren T\u00e4tigkeit f\u00fcr U.S. und internationale Unternehmen hat sich unser Team dazu verpflichtet, Ihnen bei der Navigation durch US-Vorschriften als ausl\u00e4ndischer Lieferant zu helfen. Die regulatorischen Spezialisten von Registrar Corp bedienen Exporteure in der Lebensmittel- und Getr\u00e4nke-, Nahrungserg\u00e4nzungsmittel-, Arzneimittel-, Medizinprodukte- und Kosmetikindustrie.[\/vc_column_text][\/vc_column][\/vc_row][vc_row full_width=&#8221;stretch_row&#8221; css=&#8221;.vc_custom_1685610255607{background-color: #FFFFFF !important;}&#8221;][vc_column width=&#8221;1\/2&#8243;][vc_row_inner el_class=&#8221;compliance-details-col&#8221;][vc_column_inner][vc_single_image image=&#8221;3910&#8243; img_size=&#8221;616&#215;120&#8243; alignment=&#8221;center&#8221;][vc_custom_heading text=&#8221;Lebensmittel und Getr\u00e4nke&#8221; font_container=&#8221;tag:h2|font_size:24px|text_align:left|color:%23003873|line_height:40px&#8221; google_fonts=&#8221;font_family:Montserrat%3Aregular%2C700|font_style:700%20bold%20regular%3A700%3Anormal&#8221;][vc_raw_html]IDxkaXYgY2xhc3M9IkZvb2QtYW5kLUJldmVyYWdlLXVsbGkiPgogICAgPHA+CiBXaXIgdmVyZsO8Z2VuIMO8YmVyIGphaHJ6ZWhudGVsYW5nZSBFcmZhaHJ1bmcgaW4gZGVyIEVpbmhhbHR1bmcgdm9uIExlYmVuc21pdHRlbHZvcnNjaHJpZnRlbi4gUmVnaXN0cmFyCiBDb3JwIHVudGVyc3TDvHR6dCBFeHBvcnRldXJlIHZvbiBMZWJlbnNtaXR0ZWxuIHVuZCBHZXRyw6Rua2VuIG1pdCBVUy1BZ2VudGVuZGllbnN0ZW4sCiBJbXBvcnR3YXJudW5nc2Jlc2VpdGlndW5nc2FudHLDpGdlbiB1bmQgRXRpa2V0dGllcnVuZ3MtQ29tcGxpYW5jZS1EaWVuc3Rlbi4KICAgIDwvcD4KICAgIDxwIHN0eWxlPSJtYXJnaW4tYm90dG9tOiA1cHg7Ij5adSB1bnNlcmVuIEFuZ2Vib3RlbiBmw7xyIExlYmVuc21pdHRlbC0gdW5kIEdldHLDpG5rZWV4cG9ydGV1cmUgZ2Vow7ZyZW46PC9wPgogICAgPHVsPgogICAgICA8bGk+UmVnaXN0cmllcnVuZyB1bmQgRXJuZXVlcnVuZyB2b24gRkRBLUVpbnJpY2h0dW5nZW48L2xpPgogICAgICA8bGk+RGllbnN0ZSB6dXIgVW50ZXJzdMO8dHp1bmcgYmVpIGRlciBCZXNjaGxhZ25haG1lIHVuZCB6dXIgRWluZnVocndhcm51bmc8L2xpPgogICAgICA8bGk+QmV3ZXJ0dW5nZW4gdm9uIEV0aWtldHRlbiB1bmQgSW5oYWx0c3N0b2ZmZW48L2xpPgogICAgICA8bGk+Rm9vZCBDYW5uaW5nIEVzdGFibGlzaG1lbnQgKEZDRSkgRGllbnN0bGVpc3R1bmdlbjwvbGk+CiAgICAgIDxsaT5FaW5yZWljaHVuZyBkZXIgVm9yYW5tZWxkdW5nPC9saT4KICAgICAgPGxpPkEtbGEtQ2FsYy1Tb2Z0d2FyZXBsYXR0Zm9ybSBmw7xyIFJlemVwdGFuYWx5c2UgdW5kIE7DpGhyd2VydGFuZ2FiZW48L2xpPgogICAgICA8bGk+T25saW5lLVNjaHVsdW5nc3BsYXR0Zm9ybWVuIG1pdCBzZWxic3RnZXN0ZXVlcnRlbiwgemVydGlmaXppZXJ0ZW4gS3Vyc2VuPC9saT4KICAgICAgPGxpPkF1dG9tYXRpc2llcnRlIENvbXBsaWFuY2UgZsO8ciBFeHBvcnRldXJlOiB1bnNlcmUgQ29tcGxpYW5jZS3DnGJlcndhY2h1bmdzc29mdHdhcmVwbGF0dGZvcm0gdW5kIGRlciBFeHBvcnRldXJtYXJrdDwvbGk+CiAgICA8L3VsPgogIDwvZGl2Pg==[\/vc_raw_html][vc_btn title=&#8221;Entdecken Sie unsere Angebote&#8221; color=&#8221;white&#8221; i_align=&#8221;right&#8221; i_icon_fontawesome=&#8221;fas fa-arrow-right&#8221; add_icon=&#8221;true&#8221; link=&#8221;url:https%3A%2F%2Fstaging.registrarcorp.com%2Fde%2Findustries%2Ffood-beverage%2F|&#8221; el_class=&#8221;secondary-btn&#8221;][\/vc_column_inner][\/vc_row_inner][\/vc_column][vc_column width=&#8221;1\/2&#8243;][vc_row_inner el_class=&#8221;compliance-details-col&#8221;][vc_column_inner][vc_single_image image=&#8221;3918&#8243; img_size=&#8221;616&#215;120&#8243; alignment=&#8221;center&#8221;][vc_custom_heading text=&#8221;Nahrungserg\u00e4nzungsmittel&#8221; font_container=&#8221;tag:h2|font_size:24px|text_align:left|color:%23003873|line_height:40px&#8221; google_fonts=&#8221;font_family:Montserrat%3Aregular%2C700|font_style:700%20bold%20regular%3A700%3Anormal&#8221;][vc_raw_html]IDxkaXYgY2xhc3M9IkZvb2QtYW5kLUJldmVyYWdlLXVsbGkiPgogICAgPHA+CiBWZXJzZW5kZW4gU2llIGtvbmZvcm1lLCB3aXJrc2FtZSBQcm9kdWt0ZS4gV2lyIGFyYmVpdGVuIG1pdCBkZW4gRXhwb3J0ZXVyZW4gdm9uIE5haHJ1bmdzZXJnw6RuenVuZ3NtaXR0ZWxuIHp1c2FtbWVuLCB1bSBpaHJlIEVpbnJpY2h0dW5nZW4gYmVpIGRlciBGREEgenUgcmVnaXN0cmllcmVuLCBWb3JhYnZlcnNhbmRtaXR0ZWlsdW5nZW4gZWluenVyZWljaGVuIHVuZCB2aWVsZXMgbWVoci4KICAgIDwvcD4KICAgIDxwIHN0eWxlPSJtYXJnaW4tYm90dG9tOiA1cHg7Ij5adSB1bnNlcmVuIEFuZ2Vib3RlbiBmw7xyIE5haHJ1bmdzZXJnw6RuenVuZ3NtaXR0ZWxleHBvcnRldXJlIGdlaMO2cmVuOjwvcD4KICAgIDx1bD4KICAgICAgPGxpPlJlZ2lzdHJpZXJ1bmcgdW5kIEVybmV1ZXJ1bmcgdm9uIEZEQS1FaW5yaWNodHVuZ2VuPC9saT4KICAgICAgPGxpPkV0aWtldHRlbi0gdW5kIFp1dGF0ZW5iZXdlcnR1bmdlbjwvbGk+CiAgICAgIDxsaT5EaWVuc3RlIHp1ciBVbnRlcnN0w7x0enVuZyBiZWkgZGVyIEJlc2NobGFnbmFobWUgdW5kIHp1ciBFaW5mdWhyd2FybnVuZzwvbGk+CiAgICAgIDxsaT5FaW5yZWljaHVuZyBkZXIgVm9yYWJhbmvDvG5kaWd1bmc8L2xpPgogICAgICA8bGk+T25saW5lLVNjaHVsdW5nc3BsYXR0Zm9ybWVuIG1pdCBzZWxic3RnZXN0ZXVlcnRlbiwgemVydGlmaXppZXJ0ZW4gS3Vyc2VuPC9saT4KICAgICAgPGxpPkF1dG9tYXRpc2llcnRlIENvbXBsaWFuY2UgZsO8ciBFeHBvcnRldXJlOiB1bnNlcmUgQ29tcGxpYW5jZS3DnGJlcndhY2h1bmdzc29mdHdhcmVwbGF0dGZvcm0gdW5kIGRlciBFeHBvcnRldXJtYXJrdDwvbGk+CiAgICA8L3VsPgogIDwvZGl2Pg==[\/vc_raw_html][vc_btn title=&#8221;Entdecken Sie unsere Angebote&#8221; color=&#8221;white&#8221; i_align=&#8221;right&#8221; i_icon_fontawesome=&#8221;fas fa-arrow-right&#8221; add_icon=&#8221;true&#8221; link=&#8221;url:https%3A%2F%2Fstaging.registrarcorp.com%2Fde%2Findustries%2Fdietary-supplements%2F|&#8221; el_class=&#8221;secondary-btn&#8221;][\/vc_column_inner][\/vc_row_inner][\/vc_column][\/vc_row][vc_row full_width=&#8221;stretch_row&#8221; css=&#8221;.vc_custom_1685611950480{background-color: #ffffff !important;}&#8221;][vc_column width=&#8221;1\/2&#8243;][vc_row_inner el_class=&#8221;compliance-details-col&#8221;][vc_column_inner][vc_single_image image=&#8221;3902&#8243; img_size=&#8221;616&#215;120&#8243; alignment=&#8221;center&#8221;][vc_custom_heading text=&#8221;Medikamente&#8221; font_container=&#8221;tag:h2|font_size:24px|text_align:left|color:%23003873|line_height:40px&#8221; google_fonts=&#8221;font_family:Montserrat%3Aregular%2C700|font_style:700%20bold%20regular%3A700%3Anormal&#8221;][vc_raw_html]IDxkaXYgY2xhc3M9IkZvb2QtYW5kLUJldmVyYWdlLXVsbGkiPgogICAgPHA+CiBHZXfDpGhybGVpc3RlbiBTaWUgZGllIFZlcmJyYXVjaGVyc2ljaGVyaGVpdCBtaXQgUmVnaXN0cmFyIENvcnAuIFVuc2VyIGVuZ2FnaWVydGVzIFRlYW0gYmVnbGVpdGV0IFNpZSBiZWkgZGVyIEVpbnJlaWNodW5nIHZvbiBQcm9kdWt0bGlzdGVuLCBkZXIgRXJzdGVsbHVuZyBGREEta29uZm9ybWVyIFByb2R1a3RldGlrZXR0ZW4gdW5kIGRlbSBWZXJzYW5kIHZvbiBNYXN0ZXJkYXRlaWVuIGFuIEF1ZnNpY2h0c2JlaMO2cmRlbi4KICAgIDwvcD4KICAgIDxwIHN0eWxlPSJtYXJnaW4tYm90dG9tOiA1cHg7Ij5adSB1bnNlcmVuIEFuZ2Vib3RlbiBmw7xyIEFyem5laW1pdHRlbGV4cG9ydGV1cmUgZ2Vow7ZyZW46PC9wPgogICAgPHVsPgogICAgICA8bGk+RkRBLUVpbnJpY2h0dW5nc3JlZ2lzdHJpZXJ1bmcgdW5kIEVpbnJlaWNodW5nIHZvbiBQcm9kdWt0bGlzdGVuPC9saT4KICAgICAgPGxpPkJld2VydHVuZ2VuIHZvbiBFdGlrZXR0ZW4gdW5kIEluaGFsdHNzdG9mZmVuPC9saT4KICAgICAgPGxpPlVudGVyc3TDvHR6dW5nIGbDvHIgRHJ1ZyBNYXN0ZXIgRmlsZSAoRE1GKTwvbGk+CiAgICA8L3VsPgogIDwvZGl2Pg==[\/vc_raw_html][vc_btn title=&#8221;Entdecken Sie unsere Angebote&#8221; color=&#8221;white&#8221; i_align=&#8221;right&#8221; i_icon_fontawesome=&#8221;fas fa-arrow-right&#8221; add_icon=&#8221;true&#8221; link=&#8221;url:https%3A%2F%2Fstaging.registrarcorp.com%2Fde%2Findustries%2Fdrugs%2F|&#8221; el_class=&#8221;secondary-btn&#8221;][\/vc_column_inner][\/vc_row_inner][\/vc_column][vc_column width=&#8221;1\/2&#8243;][vc_row_inner el_class=&#8221;compliance-details-col&#8221;][vc_column_inner][vc_single_image image=&#8221;3926&#8243; img_size=&#8221;616&#215;120&#8243; alignment=&#8221;center&#8221;][vc_custom_heading text=&#8221;Medizinische Ger\u00e4te&#8221; font_container=&#8221;tag:h2|font_size:24px|text_align:left|color:%23003873|line_height:40px&#8221; google_fonts=&#8221;font_family:Montserrat%3Aregular%2C700|font_style:700%20bold%20regular%3A700%3Anormal&#8221;][vc_raw_html]IDxkaXYgY2xhc3M9IkZvb2QtYW5kLUJldmVyYWdlLXVsbGkiPgogICAgPHA+CiBIYWx0ZW4gU2llIGRpZSB1bWZhbmdyZWljaGVuIFVTLVZvcnNjaHJpZnRlbiBmw7xyIE1lZGl6aW5wcm9kdWt0ZSBlaW4uIE1pdCBSZWdpc3RyYXIgQ29ycCBrw7ZubmVuIFNpZSBwcm9ibGVtbG9zIGVsZWt0cm9uaXNjaGUgQmVyaWNodGUgw7xiZXIgbWVkaXppbmlzY2hlIEdlcsOkdGUgZWlucmVpY2hlbiwgc2ljaGVyc3RlbGxlbiwgZGFzcyBJaHJlIEdlcsOkdGVrZW5uemVpY2hudW5nIHVuZCBQcm9kdWt0ZSBkZW4gZ2VzZXR6bGljaGVuIEFuZm9yZGVydW5nZW4gZW50c3ByZWNoZW4gdW5kIHZpZWxlcyBtZWhyLgogICAgPC9wPgogICAgPHAgc3R5bGU9Im1hcmdpbi1ib3R0b206IDVweDsiPlp1IHVuc2VyZW4gQW5nZWJvdGVuIGbDvHIgRXhwb3J0ZXVyZSB2b24gTWVkaXppbnByb2R1a3RlbiBnZWjDtnJlbjo8L3A+CiAgICA8dWw+CiAgICAgIDxsaT5SZWdpc3RyaWVydW5nIHVuZCBFcm5ldWVydW5nIHZvbiBGREEtRWlucmljaHR1bmdlbjwvbGk+CiAgICAgIDxsaT5CZXdlcnR1bmdlbiB2b24gRXRpa2V0dGVuIHVuZCBJbmhhbHRzc3RvZmZlbjwvbGk+CiAgICAgIDxsaT5FbGVrdHJvbmlzY2hlIE1lZGl6aW5wcm9kdWt0ZWJlcmljaHRlcnN0YXR0dW5nIChlTURSKTwvbGk+CiAgICAgIDxsaT5VbnRlcnN0w7x0enVuZyBkZXIgTWFzdGVyLURhdGVpIChNQUYpIGbDvHIgbWVkaXppbmlzY2hlIEdlcsOkdGU8L2xpPgo8bGk+QXV0b21hdGlzaWVydGUgQ29tcGxpYW5jZSBmw7xyIEV4cG9ydGV1cmU6IHVuc2VyZSBDb21wbGlhbmNlLcOcYmVyd2FjaHVuZ3Nzb2Z0d2FyZXBsYXR0Zm9ybSB1bmQgZGVyIEV4cG9ydGV1cm1hcmt0PC9saT4KICAgIDwvdWw+CiAgPC9kaXY+[\/vc_raw_html][vc_btn title=&#8221;Entdecken Sie unsere Angebote&#8221; color=&#8221;white&#8221; i_align=&#8221;right&#8221; i_icon_fontawesome=&#8221;fas fa-arrow-right&#8221; add_icon=&#8221;true&#8221; link=&#8221;url:https%3A%2F%2Fstaging.registrarcorp.com%2Fde%2Findustries%2Fmedical-devices%2F|&#8221; el_class=&#8221;secondary-btn&#8221;][\/vc_column_inner][\/vc_row_inner][\/vc_column][\/vc_row][vc_row full_width=&#8221;stretch_row_content&#8221; content_placement=&#8221;middle&#8221; css=&#8221;.vc_custom_1685624486837{background-color: #ffffff !important;}&#8221;][vc_column width=&#8221;1\/4&#8243; css=&#8221;.vc_custom_1685613086416{border-bottom-width: 20px !important;padding-top: 20px !important;}&#8221;][vc_single_image image=&#8221;3878&#8243; img_size=&#8221;258&#215;330&#8243;][\/vc_column][vc_column width=&#8221;1\/2&#8243;][vc_row_inner el_class=&#8221;compliance-details-col&#8221;][vc_column_inner][vc_single_image image=&#8221;3942&#8243; img_size=&#8221;616&#215;120&#8243; alignment=&#8221;center&#8221;][vc_custom_heading text=&#8221;Kosmetika&#8221; font_container=&#8221;tag:h2|font_size:24px|text_align:left|color:%23003873|line_height:40px&#8221; google_fonts=&#8221;font_family:Montserrat%3Aregular%2C700|font_style:700%20bold%20regular%3A700%3Anormal&#8221;][vc_raw_html]IDxkaXYgY2xhc3M9IkZvb2QtYW5kLUJldmVyYWdlLXVsbGkiPgogICAgPHA+CiBFcmbDvGxsZW4gU2llIG5ldWUgRkRBLUtvc21ldGlrc3RhbmRhcmRzLiBSZWdpc3RyYXIgQ29ycCBpc3QgZWluZXIgZGVyIGVyc3RlbiByZWd1bGF0b3Jpc2NoZW4gQmVyYXRlciwgZGVyIHNlaW4gQW5nZWJvdCBhbiBLb3NtZXRpay1Db21wbGlhbmNlLURpZW5zdGxlaXN0dW5nZW4gZsO8ciBMaWVmZXJhbnRlbiBlcndlaXRlcnQsIGRpZSBpbiBkaWUgVVNBIGV4cG9ydGllcmVuLgogICAgPC9wPgogICAgPHAgc3R5bGU9Im1hcmdpbi1ib3R0b206IDVweDsiPlp1IHVuc2VyZW4gQW5nZWJvdGVuIGbDvHIgS29zbWV0aWtleHBvcnRldXJlIGdlaMO2cmVuOjwvcD4KICAgIDx1bD4KICAgICAgPGxpPkZEQS1FaW5yaWNodHVuZ3NyZWdpc3RyaWVydW5nIHVuZCBFaW5yZWljaHVuZyB2b24gUHJvZHVrdGxpc3RlbjwvbGk+CiAgICAgIDxsaT7DnGJlcnByw7xmdW5nIHZvbiBFdGlrZXR0ZW4gdW5kIEluaGFsdHNzdG9mZmVuPC9saT4KICAgICAgPGxpPkNvc21ldHJpOiB1bnNlcmUgaW5ub3ZhdGl2ZSBLb3NtZXRpa2Zvcm11bGllcnVuZyB1bmQgcmVndWxhdG9yaXNjaGUgU29mdHdhcmVwbGF0dGZvcm08L2xpPgogICAgPC91bD4KICA8L2Rpdj4=[\/vc_raw_html][vc_btn title=&#8221;Entdecken Sie unsere Angebote&#8221; color=&#8221;white&#8221; i_align=&#8221;right&#8221; i_icon_fontawesome=&#8221;fas fa-arrow-right&#8221; add_icon=&#8221;true&#8221; link=&#8221;url:https%3A%2F%2Fstaging.registrarcorp.com%2Fde%2Findustries%2Fcosmetics%2F|&#8221; el_class=&#8221;secondary-btn&#8221;][\/vc_column_inner][\/vc_row_inner][\/vc_column][vc_column width=&#8221;1\/4&#8243;][vc_single_image image=&#8221;3894&#8243; img_size=&#8221;258&#215;330&#8243; alignment=&#8221;right&#8221;][\/vc_column][\/vc_row][\/vc_section]\n<\/div>","protected":false},"excerpt":{"rendered":"<p>[vc_section el_class=&#8221;banner-section&#8221; css=&#8221;.vc_custom_1685621691370{padding-top: 80px !important;padding-bottom: 50px !important;}&#8221;][vc_row full_width=&#8221;stretch_row&#8221; el_class=&#8221;topContainer row-wdith hero-section&#8221; el_id=&#8221;headerRow&#8221;][vc_column width=&#8221;1\/2&#8243;][vc_column_text fnt_family=&#8221;Montserrat&#8221; fnt_size=&#8221;46&#8243;] Einhaltung gesetzlicher Vorschriften f\u00fcr Exporteure weltweit. [\/vc_column_text][vc_column_text fnt_family=&#8221;Montserrat&#8221; fnt_size=&#8221;24&#8243;]Die Einhaltung umfangreicher FDA-Vorschriften ist nur eine von vielen Herausforderungen, mit denen Exporteure konfrontiert sind, wenn sie versuchen, in den US-Markt einzudringen. Als f\u00fchrender Compliance-Berater f\u00fcr mehr als 30.000 Unternehmen weltweit verf\u00fcgen<\/p>\n","protected":false},"author":33,"featured_media":0,"parent":14654,"menu_order":0,"comment_status":"closed","ping_status":"closed","template":"page-templates\/page-sidebar-none.php","meta":{"_acf_changed":false,"content-type":"","footnotes":""},"class_list":["post-13404","page","type-page","status-publish","hentry"],"acf":[],"_links":{"self":[{"href":"https:\/\/staging.registrarcorp.com\/de\/wp-json\/wp\/v2\/pages\/13404","targetHints":{"allow":["GET"]}}],"collection":[{"href":"https:\/\/staging.registrarcorp.com\/de\/wp-json\/wp\/v2\/pages"}],"about":[{"href":"https:\/\/staging.registrarcorp.com\/de\/wp-json\/wp\/v2\/types\/page"}],"author":[{"embeddable":true,"href":"https:\/\/staging.registrarcorp.com\/de\/wp-json\/wp\/v2\/users\/33"}],"replies":[{"embeddable":true,"href":"https:\/\/staging.registrarcorp.com\/de\/wp-json\/wp\/v2\/comments?post=13404"}],"version-history":[{"count":0,"href":"https:\/\/staging.registrarcorp.com\/de\/wp-json\/wp\/v2\/pages\/13404\/revisions"}],"up":[{"embeddable":true,"href":"https:\/\/staging.registrarcorp.com\/de\/wp-json\/wp\/v2\/pages\/14654"}],"wp:attachment":[{"href":"https:\/\/staging.registrarcorp.com\/de\/wp-json\/wp\/v2\/media?parent=13404"}],"curies":[{"name":"wp","href":"https:\/\/api.w.org\/{rel}","templated":true}]}}