{"id":13278,"date":"2023-06-02T05:19:00","date_gmt":"2023-06-02T05:19:00","guid":{"rendered":"https:\/\/staging.registrarcorp.com\/us-importer-solutions\/"},"modified":"2024-09-27T13:24:29","modified_gmt":"2024-09-27T13:24:29","slug":"us-importer-solutions","status":"publish","type":"page","link":"https:\/\/staging.registrarcorp.com\/de\/business-model\/us-importer-solutions\/","title":{"rendered":"L\u00f6sungen f\u00fcr US-Importeure"},"content":{"rendered":"<div class=\"wpb-content-wrapper\">[vc_section el_class=&#8221;banner-section&#8221;][vc_row full_width=&#8221;stretch_row&#8221; css=&#8221;.vc_custom_1726756964127{padding-top: 40px !important;padding-bottom: 20px !important;background-color: #eeefef !important;}&#8221; el_class=&#8221;topContainer row-wdith hero-section&#8221; el_id=&#8221;headerRow&#8221;][vc_column width=&#8221;1\/2&#8243;][vc_column_text fnt_family=&#8221;Montserrat&#8221; fnt_size=&#8221;46px&#8221;]\n<h1 style=\"font-weight: bold;\"><span style=\"color: #003873;\"><strong>Compliance-L\u00f6sungen f\u00fcr Importeure.<\/strong><\/span> <strong><span style=\"color: #0081ff;\">Jeder Schritt des Weges.<\/span><\/strong><\/h1>\n[\/vc_column_text][vc_column_text fnt_family=&#8221;Montserrat&#8221; fnt_size=&#8221;24&#8243;]Der Import von Waren in die USA bedeutet, f\u00fcr die Compliance Ihres Unternehmens \u2013 und Ihrer Lieferanten \u2013 verantwortlich zu sein. Mit der regulatorischen Expertise von Registrar Corp und f\u00fchrenden Softwareplattformen k\u00f6nnen Sie die Compliance sicher erreichen und aufrechterhalten.[\/vc_column_text][vc_btn title=&#8221;Loslegen&#8221; color=&#8221;sky&#8221; i_align=&#8221;right&#8221; i_icon_fontawesome=&#8221;fas fa-arrow-right&#8221; add_icon=&#8221;true&#8221; el_class=&#8221;primary-btn&#8221; link=&#8221;url:%23importers|&#8221;][\/vc_column][vc_column width=&#8221;1\/2&#8243; el_class=&#8221;container-right&#8221;][vc_single_image image=&#8221;4079&#8243; img_size=&#8221;full&#8221; alignment=&#8221;center&#8221;][\/vc_column][\/vc_row][\/vc_section][vc_section full_width=&#8221;stretch_row&#8221; css=&#8221;.vc_custom_1689097681676{padding-bottom: 80px !important;background-color: #ffffff !important;}&#8221; el_id=&#8221;importers&#8221;][vc_row full_width=&#8221;stretch_row&#8221; css=&#8221;.vc_custom_1685688058054{padding-top: 40px !important;padding-bottom: 20px !important;background-color: #ffffff !important;}&#8221;][vc_column width=&#8221;1\/2&#8243;][vc_single_image image=&#8221;4087&#8243; img_size=&#8221;577&#215;264&#8243;][\/vc_column][vc_column width=&#8221;1\/2&#8243;][vc_custom_heading text=&#8221;Unabh\u00e4ngig von der Branche, wir geben Ihnen Deckung&#8221; font_container=&#8221;tag:h2|font_size:32px|text_align:left|color:%23003873&#8243; google_fonts=&#8221;font_family:Montserrat%3Aregular%2C700|font_style:700%20bold%20regular%3A700%3Anormal&#8221;][vc_column_text fnt_family=&#8221;Montserrat&#8221; fnt_size=&#8221;18px&#8221; grad_text_color1=&#8221;#003873&#8243;]Das engagierte Team von Registrar Corp kann Sie durch die regulatorischen Anforderungen der Importeure f\u00fcr den US-Markt f\u00fchren. Wir unterst\u00fctzen Importeure in der Lebensmittel- und Getr\u00e4nke-, Nahrungserg\u00e4nzungsmittel-, Arzneimittel-, Medizinprodukte- und Kosmetikindustrie.[\/vc_column_text][\/vc_column][\/vc_row][vc_row full_width=&#8221;stretch_row&#8221; css=&#8221;.vc_custom_1685684688276{background-color: #ffffff !important;}&#8221;][vc_column width=&#8221;1\/2&#8243;][vc_row_inner el_class=&#8221;compliance-details-col&#8221;][vc_column_inner][vc_single_image image=&#8221;3910&#8243; img_size=&#8221;616&#215;120&#8243;][vc_custom_heading text=&#8221;Lebensmittel und Getr\u00e4nke&#8221; font_container=&#8221;tag:h2|font_size:24px|text_align:left|color:%23003873|line_height:40px&#8221; google_fonts=&#8221;font_family:Montserrat%3Aregular%2C700|font_style:700%20bold%20regular%3A700%3Anormal&#8221;][vc_raw_html]PGRpdiBjbGFzcz0iVXMtaW1wb3J0ZXJzLXVsbGkiPgogICAgPHA+CiBSZWdpc3RyYXIgQ29ycCBpc3QgYXVmIExlYmVuc21pdHRlbHNpY2hlcmhlaXQgdW5kIENvbXBsaWFuY2Ugc3BlemlhbGlzaWVydC4gV2lyIGvDtm5uZW4gU2llIGJlaSBhbGwgSWhyZW4gQW5mb3JkZXJ1bmdlbiBhbiBkaWUgRWluaGFsdHVuZyB2b24gTGViZW5zbWl0dGVsLSB1bmQgR2V0csOkbmtldm9yc2NocmlmdGVuIHVudGVyc3TDvHR6ZW4sIHZvbiBkZXIgUmVnaXN0cmllcnVuZyBkZXIgRWlucmljaHR1bmcgw7xiZXIgZGFzIExpZWZlcmFudGVubWFuYWdlbWVudCBiaXMgaGluIHp1IHplcnRpZml6aWVydGVuIFNjaHVsdW5nZW4genVyIExlYmVuc21pdHRlbHNpY2hlcmhlaXQuCiAgICA8L3A+CjxwIHN0eWxlPSJtYXJnaW4tYm90dG9tOiA1cHg7Ij5adSB1bnNlcmVuIEFuZ2Vib3RlbiBmw7xyIExlYmVuc21pdHRlbC0gdW5kIEdldHLDpG5rZWltcG9ydGV1cmUgZ2Vow7ZyZW46PC9wPgogICAgPHVsPgogICAgICA8bGk+RkRBIEJldHJpZWJzcmVnaXN0cmllcnVuZzwvbGk+CjxsaT5FcnN0ZWxsdW5nIHVuZCBVbXNldHp1bmcgZGVzIEZvcmVpZ24gU3VwcGxpZXIgVmVyaWZpY2F0aW9uIFByb2dyYW0gKEZTVlApPC9saT4KPGxpPkRpZW5zdGxlaXN0dW5nZW4gZsO8ciBVbnRlcnN0w7x0enVuZyBiZWkgZGVyIEJlc2NobGFnbmFobWUgdW5kIEltcG9ydHdhcm51bmdzc2VydmljZTwvbGk+CjxsaT5CZXdlcnR1bmdlbiB2b24gRXRpa2V0dGVuIHVuZCBJbmhhbHRzc3RvZmZlbjwvbGk+CjxsaT5Gb29kIENhbm5pbmcgRXN0YWJsaXNobWVudCAoRkNFKSBEaWVuc3RsZWlzdHVuZ2VuPC9saT4KPGxpPkF1dG9tYXRpc2llcnRlIENvbXBsaWFuY2U6IHVuc2VyZSBpbm5vdmF0aXZlIFNvZnR3YXJlcGxhdHRmb3JtIGbDvHIgZGFzIExpZWZlcmtldHRlbnJpc2lrb21hbmFnZW1lbnQ8L2xpPgo8bGk+T25saW5lLVNjaHVsdW5nc3BsYXR0Zm9ybWVuIG1pdCBzZWxic3RnZXN0ZXVlcnRlbiwgemVydGlmaXppZXJ0ZW4gS3Vyc2VuPC9saT4KICAgIDwvdWw+CiAgPC9kaXY+[\/vc_raw_html][vc_btn title=&#8221;Entdecken Sie den Speisen- und Getr\u00e4nkeservice&#8221; color=&#8221;white&#8221; i_align=&#8221;right&#8221; i_icon_fontawesome=&#8221;fas fa-arrow-right&#8221; add_icon=&#8221;true&#8221; link=&#8221;url:https%3A%2F%2Fstaging.registrarcorp.com%2Fde%2Findustries%2Ffood-beverage%2F|&#8221; el_class=&#8221;secondary-btn&#8221;][\/vc_column_inner][\/vc_row_inner][\/vc_column][vc_column width=&#8221;1\/2&#8243;][vc_row_inner el_class=&#8221;compliance-details-col&#8221;][vc_column_inner][vc_single_image image=&#8221;3918&#8243; img_size=&#8221;616&#215;120&#8243;][vc_custom_heading text=&#8221;Nahrungserg\u00e4nzungsmittel&#8221; font_container=&#8221;tag:h2|font_size:24px|text_align:left|color:%23003873|line_height:40px&#8221; google_fonts=&#8221;font_family:Montserrat%3Aregular%2C700|font_style:700%20bold%20regular%3A700%3Anormal&#8221;][vc_raw_html]PGRpdiBjbGFzcz0iVXMtaW1wb3J0ZXJzLXVsbGkiPgogICAgPHA+CiBTY2jDvHR6ZW4gU2llIGRpZSBHZXN1bmRoZWl0IGRlciBWZXJicmF1Y2hlciBtaXQgRkRBLWtvbmZvcm1lbiBQcm9kdWt0ZW4uIFJlZ2lzdHJhciBDb3JwIHVudGVyc3TDvHR6dCBJbXBvcnRldXJlIGJlaSBkZXIgU2ljaGVyc3RlbGx1bmcgZGVyIEVpbmhhbHR1bmcgZGVyIExpZWZlcmFudGVudm9yc2NocmlmdGVuLCBkZXIgVmVybWVpZHVuZyB1bmQgVmVyd2FsdHVuZyB2b24gQmVzY2hsYWduYWhtZSwgZGVyIGVmZml6aWVudGVuIFNjaHVsdW5nIHZvbiBNaXRhcmJlaXRlcm4gdW5kIG1laHIuCiAgICA8L3A+CjxwIHN0eWxlPSJtYXJnaW4tYm90dG9tOiA1cHg7Ij5adSB1bnNlcmVuIEFuZ2Vib3RlbiBmw7xyIEltcG9ydGV1cmUgdm9uIE5haHJ1bmdzZXJnw6RuenVuZ3NtaXR0ZWxuIGdlaMO2cmVuOjwvcD4KICAgIDx1bD4KICAgICAgPGxpPkZEQSBCZXRyaWVic3JlZ2lzdHJpZXJ1bmc8L2xpPgo8bGk+RXJzdGVsbHVuZyBlaW5lcyBQcm9ncmFtbXMgenVyIFZlcmlmaXppZXJ1bmcgYXVzbMOkbmRpc2NoZXIgTGllZmVyYW50ZW4gKEZTVlApPC9saT4KPGxpPkRpZW5zdGxlaXN0dW5nZW4gZsO8ciBVbnRlcnN0w7x0enVuZyBiZWkgZGVyIEJlc2NobGFnbmFobWUgdW5kIEltcG9ydHdhcm51bmdlbjwvbGk+CjxsaT5CZXdlcnR1bmdlbiB2b24gRXRpa2V0dGVuIHVuZCBJbmhhbHRzc3RvZmZlbjwvbGk+CjxsaT5BdXRvbWF0aXNpZXJ0ZSBDb21wbGlhbmNlOiB1bnNlcmUgaW5ub3ZhdGl2ZSBTb2Z0d2FyZXBsYXR0Zm9ybSBmw7xyIGRhcyBMaWVmZXJrZXR0ZW5yaXNpa29tYW5hZ2VtZW50PC9saT4KICAgIDwvdWw+CiAgPC9kaXY+[\/vc_raw_html][vc_btn title=&#8221;Entdecken Sie die Dienstleistungen im Bereich Nahrungserg\u00e4nzungsmittel&#8221; color=&#8221;white&#8221; i_align=&#8221;right&#8221; i_icon_fontawesome=&#8221;fas fa-arrow-right&#8221; add_icon=&#8221;true&#8221; link=&#8221;url:https%3A%2F%2Fstaging.registrarcorp.com%2Fde%2Findustries%2Fdietary-supplements%2F|&#8221; el_class=&#8221;secondary-btn&#8221;][\/vc_column_inner][\/vc_row_inner][\/vc_column][\/vc_row][vc_row full_width=&#8221;stretch_row&#8221; css=&#8221;.vc_custom_1685686463874{background-color: #ffffff !important;}&#8221;][vc_column width=&#8221;1\/2&#8243;][vc_row_inner el_class=&#8221;compliance-details-col&#8221;][vc_column_inner][vc_single_image image=&#8221;3902&#8243; img_size=&#8221;616&#215;120&#8243;][vc_custom_heading text=&#8221;Medikamente&#8221; font_container=&#8221;tag:h2|font_size:24px|text_align:left|color:%23003873|line_height:40px&#8221; google_fonts=&#8221;font_family:Montserrat%3Aregular%2C700|font_style:700%20bold%20regular%3A700%3Anormal&#8221;][vc_raw_html]PGRpdiBjbGFzcz0iVXMtaW1wb3J0ZXJzLXVsbGkiPgogICAgPHA+CiBCcmluZ2VuIFNpZSBzaWNoZXJlIHVuZCBlZmZla3RpdmUgUHJvZHVrdGUgYXVmIGRlbiBNYXJrdC4gV2lyIGFyYmVpdGVuIG1pdCBBcnpuZWltaXR0ZWxoZXJzdGVsbGVybiB1bmQgSW1wb3J0ZXVyZW4genVzYW1tZW4sIHVtIGRpZSBGREEtUmVnaXN0cmllcnVuZ3NhbmZvcmRlcnVuZ2VuIHp1IGVyZsO8bGxlbiwgZGllIFByb2R1a3RrZW5uemVpY2hudW5nIHp1IGJld2VydGVuIHVuZCBNYXN0ZXJkYXRlaWVuIGFuIEF1ZnNpY2h0c2JlaMO2cmRlbiBlaW56dXJlaWNoZW4uCiAgICA8L3A+CjxwIHN0eWxlPSJtYXJnaW4tYm90dG9tOiA1cHg7Ij5adSB1bnNlcmVuIEFuZ2Vib3RlbiBmw7xyIEFyem5laW1pdHRlbGltcG9ydGV1cmUgZ2Vow7ZyZW46PC9wPgogICAgPHVsPgogICAgICA8bGk+RkRBLUVpbnJpY2h0dW5nc3JlZ2lzdHJpZXJ1bmcgdW5kIEVpbnJlaWNodW5nIHZvbiBQcm9kdWt0bGlzdGVuPC9saT4KPGxpPkJld2VydHVuZ2VuIHZvbiBFdGlrZXR0ZW4gdW5kIEluaGFsdHNzdG9mZmVuPC9saT4KPGxpPkRpZW5zdGxlaXN0dW5nZW4gZsO8ciBVbnRlcnN0w7x0enVuZyBiZWkgZGVyIEJlc2NobGFnbmFobWUgdW5kIEltcG9ydHdhcm51bmdlbjwvbGk+CjxsaT5VbnRlcnN0w7x0enVuZyBmw7xyIERydWcgTWFzdGVyIEZpbGUgKERNRik8L2xpPgogICAgPC91bD4KICA8L2Rpdj4=[\/vc_raw_html][vc_btn title=&#8221;Erfahren Sie mehr \u00fcber Arzneimitteldienstleistungen&#8221; color=&#8221;white&#8221; i_align=&#8221;right&#8221; i_icon_fontawesome=&#8221;fas fa-arrow-right&#8221; add_icon=&#8221;true&#8221; link=&#8221;url:https%3A%2F%2Fstaging.registrarcorp.com%2Fde%2Findustries%2Fdrugs%2F|&#8221; el_class=&#8221;secondary-btn&#8221;][\/vc_column_inner][\/vc_row_inner][\/vc_column][vc_column width=&#8221;1\/2&#8243;][vc_row_inner el_class=&#8221;compliance-details-col&#8221;][vc_column_inner][vc_single_image image=&#8221;3926&#8243; img_size=&#8221;616&#215;120&#8243;][vc_custom_heading text=&#8221;Medizinische Ger\u00e4te&#8221; font_container=&#8221;tag:h2|font_size:24px|text_align:left|color:%23003873|line_height:40px&#8221; google_fonts=&#8221;font_family:Montserrat%3Aregular%2C700|font_style:700%20bold%20regular%3A700%3Anormal&#8221;][vc_raw_html]PGRpdiBjbGFzcz0iVXMtaW1wb3J0ZXJzLXVsbGkiPgogICAgPHA+CiBFcmbDvGxsZW4gdW5kIMO8YmVydHJlZmZlbiBTaWUgc3RyZW5nZSByZWd1bGF0b3Jpc2NoZSBTdGFuZGFyZHMgZsO8ciBNZWRpemlucHJvZHVrdGUuIERhcyBUZWFtIHZvbiBSZWd1bGllcnVuZ3NzcGV6aWFsaXN0ZW4gdm9uIFJlZ2lzdHJhciBDb3JwIGthbm4gU2llIGJlaSBkZXIgRWlucmVpY2h1bmcgZWxla3Ryb25pc2NoZXIgdW5lcnfDvG5zY2h0ZXIgQmVyaWNodGUsIGRlciBSZWdpc3RyaWVydW5nIHZvbiBFaW5yaWNodHVuZ2VuIHVuZCBtZWhyIHVudGVyc3TDvHR6ZW4uCiAgICA8L3A+CjxwIHN0eWxlPSJtYXJnaW4tYm90dG9tOiA1cHg7Ij5adSB1bnNlcmVuIEFuZ2Vib3RlbiBmw7xyIEltcG9ydGV1cmUgdm9uIE1lZGl6aW5wcm9kdWt0ZW4gZ2Vow7ZyZW46PC9wPgogICAgPHVsPgogICAgICA8bGk+RkRBIEJldHJpZWJzcmVnaXN0cmllcnVuZzwvbGk+CjxsaT5CZXdlcnR1bmdlbiB2b24gRXRpa2V0dGVuIHVuZCBJbmhhbHRzc3RvZmZlbjwvbGk+CjxsaT5FbGVrdHJvbmlzY2hlIE1lZGl6aW5wcm9kdWt0ZWJlcmljaHRlcnN0YXR0dW5nIChlTURSKTwvbGk+CjxsaT5VbnRlcnN0w7x0enVuZyBkZXIgTWFzdGVyLURhdGVpIChNQUYpIGbDvHIgbWVkaXppbmlzY2hlIEdlcsOkdGU8L2xpPgo8bGk+QXV0b21hdGlzaWVydGUgQ29tcGxpYW5jZTogdW5zZXJlIGlubm92YXRpdmUgU29mdHdhcmVwbGF0dGZvcm0gZsO8ciBkYXMgTGllZmVya2V0dGVucmlzaWtvbWFuYWdlbWVudDwvbGk+CiAgICA8L3VsPgogIDwvZGl2Pg==[\/vc_raw_html][vc_btn title=&#8221;Entdecken Sie die Dienstleistungen f\u00fcr medizinische Ger\u00e4te&#8221; color=&#8221;white&#8221; i_align=&#8221;right&#8221; i_icon_fontawesome=&#8221;fas fa-arrow-right&#8221; add_icon=&#8221;true&#8221; link=&#8221;url:https%3A%2F%2Fstaging.registrarcorp.com%2Fde%2Findustries%2Fmedical-devices%2F|&#8221; el_class=&#8221;secondary-btn&#8221;][\/vc_column_inner][\/vc_row_inner][\/vc_column][\/vc_row][vc_row full_width=&#8221;stretch_row_content&#8221; content_placement=&#8221;middle&#8221; css=&#8221;.vc_custom_1685704196978{background-color: #ffffff !important;}&#8221;][vc_column width=&#8221;1\/4&#8243;][vc_single_image image=&#8221;4096&#8243; img_size=&#8221;258&#215;330&#8243;][\/vc_column][vc_column width=&#8221;1\/2&#8243;][vc_row_inner el_class=&#8221;compliance-details-col&#8221;][vc_column_inner][vc_single_image image=&#8221;3942&#8243; img_size=&#8221;616&#215;120&#8243;][vc_custom_heading text=&#8221;Kosmetika&#8221; font_container=&#8221;tag:h2|font_size:24px|text_align:left|color:%23003873|line_height:40px&#8221; google_fonts=&#8221;font_family:Montserrat%3Aregular%2C700|font_style:700%20bold%20regular%3A700%3Anormal&#8221;][vc_raw_html]PGRpdiBjbGFzcz0iVXMtaW1wb3J0ZXJzLXVsbGkiPgogICAgPHA+CiBCZXJlaXRlbiBTaWUgc2ljaCBhdWYgZGllIEVpbmhhbHR1bmcgbmV1ZXIgVm9yc2NocmlmdGVuIGbDvHIgS8O2cnBlcnBmbGVnZXByb2R1a3RlIHZvci4gV2lyIGJpZXRlbiBuZWJlbiB1bnNlcmVyIHByb3ByaWV0w6RyZW4gU29mdHdhcmUgZWluZSB2b2xsc3TDpG5kaWdlIFBhbGV0dGUgYW4ga29zbWV0aXNjaGVuLCB0ZWNobm9sb2dpZWbDpGhpZ2VuIERpZW5zdGxlaXN0dW5nZW4sIGRhbWl0IEltcG9ydGV1cmUgZGllIEZEQS1Wb3JzY2hyaWZ0ZW4gZWluaGFsdGVuIGvDtm5uZW4uCiAgICA8L3A+CjxwIHN0eWxlPSJtYXJnaW4tYm90dG9tOiA1cHg7Ij5adSB1bnNlcmVuIEFuZ2Vib3RlbiBmw7xyIEtvc21ldGlraW1wb3J0ZXVyZSBnZWjDtnJlbjo8L3A+CiAgICA8dWw+CiAgICAgIDxsaT5FaW5yZWljaHVuZ2VuIHZvbiBGREEtRWlucmljaHR1bmdzcmVnaXN0cmllcnVuZ2VuIHVuZCBQcm9kdWt0bGlzdGVuPC9saT4KPGxpPkJld2VydHVuZ2VuIHZvbiBFdGlrZXR0ZW4gdW5kIEluaGFsdHNzdG9mZmVuPC9saT4KPGxpPkRpZW5zdGxlaXN0dW5nZW4genVyIFVudGVyc3TDvHR6dW5nIGRlciBCZXNjaGxhZ25haG1lPC9saT4KPGxpPkNvc21ldHJpOiB1bnNlcmUgaW5ub3ZhdGl2ZSBLb3NtZXRpa2Zvcm11bGllcnVuZyB1bmQgcmVndWxhdG9yaXNjaGUgU29mdHdhcmVwbGF0dGZvcm08L2xpPgogICAgPC91bD4KICA8L2Rpdj4=[\/vc_raw_html][vc_btn title=&#8221;Erfahren Sie mehr \u00fcber Kosmetikdienste&#8221; color=&#8221;white&#8221; i_align=&#8221;right&#8221; i_icon_fontawesome=&#8221;fas fa-arrow-right&#8221; add_icon=&#8221;true&#8221; link=&#8221;url:https%3A%2F%2Fstaging.registrarcorp.com%2Fde%2Findustries%2Fcosmetics%2F|&#8221; el_class=&#8221;secondary-btn&#8221;][\/vc_column_inner][\/vc_row_inner][\/vc_column][vc_column width=&#8221;1\/4&#8243;][vc_single_image image=&#8221;4104&#8243; img_size=&#8221;258&#215;330&#8243; alignment=&#8221;right&#8221;][\/vc_column][\/vc_row][\/vc_section]\n<\/div>","protected":false},"excerpt":{"rendered":"<p>[vc_section el_class=&#8221;banner-section&#8221;][vc_row full_width=&#8221;stretch_row&#8221; css=&#8221;.vc_custom_1726756964127{padding-top: 40px !important;padding-bottom: 20px !important;background-color: #eeefef !important;}&#8221; el_class=&#8221;topContainer row-wdith hero-section&#8221; el_id=&#8221;headerRow&#8221;][vc_column width=&#8221;1\/2&#8243;][vc_column_text fnt_family=&#8221;Montserrat&#8221; fnt_size=&#8221;46px&#8221;] Compliance-L\u00f6sungen f\u00fcr Importeure. Jeder Schritt des Weges. [\/vc_column_text][vc_column_text fnt_family=&#8221;Montserrat&#8221; fnt_size=&#8221;24&#8243;]Der Import von Waren in die USA bedeutet, f\u00fcr die Compliance Ihres Unternehmens \u2013 und Ihrer Lieferanten \u2013 verantwortlich zu sein. Mit der regulatorischen Expertise von Registrar Corp und<\/p>\n","protected":false},"author":33,"featured_media":0,"parent":14654,"menu_order":0,"comment_status":"closed","ping_status":"closed","template":"page-templates\/page-sidebar-none.php","meta":{"_acf_changed":false,"content-type":"","footnotes":""},"class_list":["post-13278","page","type-page","status-publish","hentry"],"acf":[],"_links":{"self":[{"href":"https:\/\/staging.registrarcorp.com\/de\/wp-json\/wp\/v2\/pages\/13278","targetHints":{"allow":["GET"]}}],"collection":[{"href":"https:\/\/staging.registrarcorp.com\/de\/wp-json\/wp\/v2\/pages"}],"about":[{"href":"https:\/\/staging.registrarcorp.com\/de\/wp-json\/wp\/v2\/types\/page"}],"author":[{"embeddable":true,"href":"https:\/\/staging.registrarcorp.com\/de\/wp-json\/wp\/v2\/users\/33"}],"replies":[{"embeddable":true,"href":"https:\/\/staging.registrarcorp.com\/de\/wp-json\/wp\/v2\/comments?post=13278"}],"version-history":[{"count":0,"href":"https:\/\/staging.registrarcorp.com\/de\/wp-json\/wp\/v2\/pages\/13278\/revisions"}],"up":[{"embeddable":true,"href":"https:\/\/staging.registrarcorp.com\/de\/wp-json\/wp\/v2\/pages\/14654"}],"wp:attachment":[{"href":"https:\/\/staging.registrarcorp.com\/de\/wp-json\/wp\/v2\/media?parent=13278"}],"curies":[{"name":"wp","href":"https:\/\/api.w.org\/{rel}","templated":true}]}}