{"id":12809,"date":"2023-06-20T10:41:12","date_gmt":"2023-06-20T10:41:12","guid":{"rendered":"https:\/\/staging.registrarcorp.com\/certificate-of-registration\/"},"modified":"2025-02-17T20:55:41","modified_gmt":"2025-02-17T20:55:41","slug":"fda-certificate-registration","status":"publish","type":"page","link":"https:\/\/staging.registrarcorp.com\/de\/services\/fda-certificate-registration\/","title":{"rendered":"Registrierungszertifikat"},"content":{"rendered":"<div class=\"wpb-content-wrapper\">[vc_section el_class=&#8221;banner-section&#8221;][vc_row full_width=&#8221;stretch_row&#8221; content_placement=&#8221;middle&#8221; css=&#8221;.vc_custom_1726758894671{padding-top: 50px !important;padding-bottom: 25px !important;background-color: #ffffff !important;}&#8221; el_class=&#8221;topContainer row-wdith hero-section&#8221; el_id=&#8221;headerRow&#8221;][vc_column width=&#8221;1\/2&#8243;][vc_column_text]\n<h1 class=\"bnr-heading\">Holen Sie sich ein Zertifikat der FDA-Registrierung von<span style=\"color: #0081ff;\"> Registrar Corp.<\/span><\/h1>\n[\/vc_column_text][vc_column_text fnt_family=&#8221;Montserrat&#8221; fnt_size=&#8221;24&#8243;]Importeure und US-K\u00e4ufer von FDA-regulierten Waren verlangen h\u00e4ufig von ihren Lieferanten ein FDA-Registrierungszertifikat \u2013 ein Dokument, das die FDA nicht zur Verf\u00fcgung stellt. Um unseren Kunden zu helfen, ihre Compliance zu verifizieren, bieten wir als Drittanbieter Registrierungszertifikate kostenlos f\u00fcr Sie an.[\/vc_column_text][vc_btn title=&#8221;Holen Sie sich Ihr Registrierungszertifikat&#8221; color=&#8221;sky&#8221; i_align=&#8221;right&#8221; i_icon_fontawesome=&#8221;fas fa-arrow-right&#8221; add_icon=&#8221;true&#8221; el_class=&#8221;primary-btn&#8221; link=&#8221;url:%23already-registered|&#8221;][\/vc_column][vc_column width=&#8221;1\/2&#8243; el_class=&#8221;container-right&#8221;][vc_single_image image=&#8221;5868&#8243; img_size=&#8221;full&#8221; alignment=&#8221;center&#8221;][\/vc_column][\/vc_row][vc_row full_width=&#8221;stretch_row&#8221; content_placement=&#8221;middle&#8221; css=&#8221;.vc_custom_1687254289263{padding-top: 40px !important;padding-bottom: 20px !important;background-color: #f4f4f4 !important;}&#8221; el_class=&#8221;topContainer row-wdith&#8221;][vc_column width=&#8221;1\/2&#8243;][vc_column_text]\n<h2 class=\"bnr-heading2\">Wie erhalte ich ein Registrierungszertifikat?<\/h2>\n[\/vc_column_text][vc_column_text fnt_family=&#8221;Montserrat&#8221;]\n<div>\n<div class=\"p-main-list\">\n<div class=\"p-list-icon\"><img decoding=\"async\" class=\"alignnone size-full wp-image-1609\" src=\"https:\/\/staging.registrarcorp.com\/wp-content\/uploads\/2023\/06\/fda-reg-icon1.png\" alt=\"Herstellung\"\/><\/div>\n<p><span class=\"txt18\">Unternehmen, die Produkte herstellen, die von der U.S. Food and Drug Administration (FDA) reguliert werden, m\u00fcssen ihre Einrichtungen bei der FDA registrieren und ihre Registrierungen regelm\u00e4\u00dfig erneuern.<\/span><\/p>\n<\/div>\n<div class=\"p-main-list\">\n<div class=\"p-list-icon\"><img decoding=\"async\" class=\"alignnone size-full wp-image-1601\" src=\"https:\/\/staging.registrarcorp.com\/wp-content\/uploads\/2023\/06\/fda-reg-icon2.png\" alt=\"Duns\"\/><\/div>\n<p><span class=\"txt18\">Je nach Branche kann es auch erforderlich sein, eine Nummer des Data Universal Numbering System (DUNS) \u00fcber Dun &#038; Bradstreet zu erhalten und zu pflegen.<\/span><\/p>\n<\/div>\n<div class=\"p-main-list\">\n<div class=\"p-list-icon\"><img decoding=\"async\" class=\"alignnone wp-image-1593 size-full\" src=\"https:\/\/staging.registrarcorp.com\/wp-content\/uploads\/2023\/06\/fda-reg-icon3.png\" alt=\"FDA-Registrierung\"\/><\/div>\n<p><span class=\"txt18\">Sobald Ihre Einrichtung erfolgreich registriert wurde, erteilt die FDA Ihre Registrierungsnummer, aber kein Registrierungszertifikat, obwohl viele K\u00e4ufer oder Importeure eine Registrierungsbest\u00e4tigung von Lieferanten anfordern.<\/span><\/p>\n<\/div>\n<div class=\"p-main-list\">\n<div class=\"p-list-icon\"><img decoding=\"async\" class=\"alignnone wp-image-1585 size-full\" src=\"https:\/\/staging.registrarcorp.com\/wp-content\/uploads\/2023\/06\/fda-reg-icon4.png\" alt=\"best\u00e4tigenFDA\"\/><\/div>\n<p><span class=\"txt18\">Eine schnelle und einfache M\u00f6glichkeit, Ihre FDA-Registrierung zu best\u00e4tigen, besteht darin, ein Registrierungszertifikat von einem Dritten wie Registrar Corp. anzufordern.<\/span><\/p>\n<\/div>\n<\/div>\n[\/vc_column_text][\/vc_column][vc_column width=&#8221;1\/2&#8243; el_class=&#8221;container-right&#8221;][vc_single_image image=&#8221;5908&#8243; img_size=&#8221;full&#8221; alignment=&#8221;center&#8221;][\/vc_column][\/vc_row][vc_row full_width=&#8221;stretch_row&#8221; content_placement=&#8221;middle&#8221; css=&#8221;.vc_custom_1689353470126{padding-top: 40px !important;padding-bottom: 25px !important;background-color: #ffffff !important;}&#8221; el_class=&#8221;topContainer row-wdith&#8221; el_id=&#8221;already-registered&#8221;][vc_column width=&#8221;1\/2&#8243; el_class=&#8221;container-right&#8221;][vc_single_image image=&#8221;5916&#8243; img_size=&#8221;full&#8221; alignment=&#8221;center&#8221;][\/vc_column][vc_column width=&#8221;1\/2&#8243;][vc_column_text fnt_size=&#8221;32&#8243; el_class=&#8221;text-capitalize&#8221;]\n<div class=\"p-main-list\">\n<div class=\"p-list-icon\"><img decoding=\"async\" class=\"alignnone size-full wp-image-1609\" src=\"https:\/\/staging.registrarcorp.com\/wp-content\/uploads\/2023\/06\/fda-reg-icon5.png\" alt=\"FDA-Registrierung\"\/><\/div>\n<p><span class=\"bnr-heading2\">Bereits bei der FDA registriert?<\/span><\/p>\n<\/div>\n[\/vc_column_text][vc_column_text css=&#8221;.vc_custom_1739797682636{padding-left: 55px !important;}&#8221; fnt_family=&#8221;Montserrat&#8221;]\n<div class=\"txt18\">\n<p>Registrar Corp kann ein Registrierungszertifikat eines Dritten zur Best\u00e4tigung Ihrer g\u00fcltigen FDA-Registrierung f\u00fcr K\u00e4ufer, Zollmakler und Lieferanten bereitstellen. Wir bieten Registrierungszertifikate f\u00fcr die folgenden Branchen an:<\/p>\n<p>Nahrungsmittel, Getr\u00e4nke und Nahrungserg\u00e4nzungsmittel<a href=\"https:\/\/staging.registrarcorp.com\/de\/services\/fda-certificate-registration\/\">Zertifikat abrufen<\/a>Medikament<a href=\"https:\/\/staging.registrarcorp.com\/de\/services\/fda-certificate-registration\/drugs-certificate-of-u-s-fda-registration\/\">Zertifikat abrufen<\/a>Kosmetisch<a href=\"https:\/\/staging.registrarcorp.com\/de\/services\/fda-certificate-registration\/cosmetics-certificate-of-u-s-fda-registration\/\">Zertifikat abrufen<\/a><\/p>\n<\/div>\n[\/vc_column_text][\/vc_column][\/vc_row][vc_row full_width=&#8221;stretch_row&#8221; content_placement=&#8221;middle&#8221; css=&#8221;.vc_custom_1687254289263{padding-top: 40px !important;padding-bottom: 20px !important;background-color: #f4f4f4 !important;}&#8221; el_class=&#8221;topContainer row-wdith&#8221;][vc_column width=&#8221;1\/2&#8243;][vc_column_text fnt_size=&#8221;32&#8243; el_class=&#8221;text-capitalize&#8221;]\n<div class=\"p-main-list\">\n<div class=\"p-list-icon\"><img decoding=\"async\" class=\"alignnone size-full wp-image-1609\" src=\"https:\/\/staging.registrarcorp.com\/wp-content\/uploads\/2023\/06\/fda-reg-icon6.png\" alt=\"FDA-Registrierung\"\/><\/div>\n<p><span class=\"bnr-heading2\">Noch nicht bei der FDA registriert?<\/span><\/p>\n<\/div>\n[\/vc_column_text][vc_column_text css=&#8221;.vc_custom_1689353373413{padding-left: 55px !important;}&#8221; fnt_family=&#8221;Montserrat&#8221; fnt_size=&#8221;18px&#8221;]Registrar Corp unterst\u00fctzt alle von der FDA regulierten Branchen mit FDA-Registrierungsdiensten, einschlie\u00dflich Lebensmittel, Arzneimittel, Medizinprodukte, Kosmetika, Biologika und Strahlungsemissionsger\u00e4te (RED) oder Elektronikeinrichtungen.<\/p>\n<p>Wir fungieren als Ihr US-Vertreter f\u00fcr die FDA-Kommunikation und tragen dazu bei, die Einhaltung der FDA-Vorschriften durch Ihre Einrichtung sicherzustellen.<\/p>\n<p>Unsere FDA-Registrierungsdienste umfassen:<\/p>\n<ul>\n<li>Unterst\u00fctzung bei FDA-Registrierung und -Verl\u00e4ngerung<\/li>\n<li>Unterst\u00fctzung bei DUNS-Nummern<\/li>\n<li>Unterst\u00fctzung bei der Beschlagnahme<\/li>\n<li>Einreichung einer Vorank\u00fcndigung (Prior Notice)<\/li>\n<li>Schein-FDA-Inspektionen (gegen eine zus\u00e4tzliche erm\u00e4\u00dfigte Geb\u00fchr)<\/li>\n<li>\u00dcberpr\u00fcfung der MMR-Compliance<\/li>\n<li>Meldung elektronischer Medizinprodukte (eMDR)<\/li>\n<\/ul>\n<p>Sobald Ihre Einrichtung bei der FDA registriert wurde, k\u00f6nnen wir eine Registrierungsbescheinigung f\u00fcr Ihre Lebensmittel-, Arzneimittel- oder Kosmetikeinrichtung vorlegen.<br \/>\n[\/vc_column_text][vc_btn title=&#8221;Registrieren Sie Ihre Einrichtung noch heute&#8221; color=&#8221;sky&#8221; i_align=&#8221;right&#8221; i_icon_fontawesome=&#8221;fas fa-arrow-right&#8221; css=&#8221;.vc_custom_1724956090808{padding-left: 70px !important;}&#8221; add_icon=&#8221;true&#8221; el_class=&#8221;primary-btn&#8221; link=&#8221;url:https%3A%2F%2Fstaging.registrarcorp.com%2Fde%2Ffda-registration-form%2F|&#8221;][\/vc_column][vc_column width=&#8221;1\/2&#8243; el_class=&#8221;container-right&#8221;][vc_single_image image=&#8221;5941&#8243; img_size=&#8221;full&#8221; alignment=&#8221;center&#8221;][\/vc_column][\/vc_row][\/vc_section]\n<\/div>","protected":false},"excerpt":{"rendered":"<p>[vc_section el_class=&#8221;banner-section&#8221;][vc_row full_width=&#8221;stretch_row&#8221; content_placement=&#8221;middle&#8221; css=&#8221;.vc_custom_1726758894671{padding-top: 50px !important;padding-bottom: 25px !important;background-color: #ffffff !important;}&#8221; el_class=&#8221;topContainer row-wdith hero-section&#8221; el_id=&#8221;headerRow&#8221;][vc_column width=&#8221;1\/2&#8243;][vc_column_text] Holen Sie sich ein Zertifikat der FDA-Registrierung von Registrar Corp. [\/vc_column_text][vc_column_text fnt_family=&#8221;Montserrat&#8221; fnt_size=&#8221;24&#8243;]Importeure und US-K\u00e4ufer von FDA-regulierten Waren verlangen h\u00e4ufig von ihren Lieferanten ein FDA-Registrierungszertifikat \u2013 ein Dokument, das die FDA nicht zur Verf\u00fcgung stellt. Um unseren Kunden zu<\/p>\n","protected":false},"author":40,"featured_media":0,"parent":14829,"menu_order":0,"comment_status":"closed","ping_status":"closed","template":"page-templates\/page-sidebar-none.php","meta":{"_acf_changed":false,"content-type":"","footnotes":""},"class_list":["post-12809","page","type-page","status-publish","hentry"],"acf":[],"_links":{"self":[{"href":"https:\/\/staging.registrarcorp.com\/de\/wp-json\/wp\/v2\/pages\/12809","targetHints":{"allow":["GET"]}}],"collection":[{"href":"https:\/\/staging.registrarcorp.com\/de\/wp-json\/wp\/v2\/pages"}],"about":[{"href":"https:\/\/staging.registrarcorp.com\/de\/wp-json\/wp\/v2\/types\/page"}],"author":[{"embeddable":true,"href":"https:\/\/staging.registrarcorp.com\/de\/wp-json\/wp\/v2\/users\/40"}],"replies":[{"embeddable":true,"href":"https:\/\/staging.registrarcorp.com\/de\/wp-json\/wp\/v2\/comments?post=12809"}],"version-history":[{"count":0,"href":"https:\/\/staging.registrarcorp.com\/de\/wp-json\/wp\/v2\/pages\/12809\/revisions"}],"up":[{"embeddable":true,"href":"https:\/\/staging.registrarcorp.com\/de\/wp-json\/wp\/v2\/pages\/14829"}],"wp:attachment":[{"href":"https:\/\/staging.registrarcorp.com\/de\/wp-json\/wp\/v2\/media?parent=12809"}],"curies":[{"name":"wp","href":"https:\/\/api.w.org\/{rel}","templated":true}]}}