{"id":12700,"date":"2023-06-27T06:12:43","date_gmt":"2023-06-27T06:12:43","guid":{"rendered":"https:\/\/staging.registrarcorp.com\/iba-cosmetics\/"},"modified":"2024-10-01T18:11:57","modified_gmt":"2024-10-01T18:11:57","slug":"iba-cosmetics","status":"publish","type":"page","link":"https:\/\/staging.registrarcorp.com\/de\/services\/fda-registration\/iba-cosmetics\/","title":{"rendered":"IBA Kosmetika"},"content":{"rendered":"<div class=\"wpb-content-wrapper\">[vc_section el_class=&#8221;banner-section&#8221;][vc_row full_width=&#8221;stretch_row&#8221; content_placement=&#8221;top&#8221; disable_element=&#8221;yes&#8221; css=&#8221;.vc_custom_1709062389910{padding-top: 40px !important;background-color: #f4f4f4 !important;}&#8221;][vc_column][vc_single_image image=&#8221;26286&#8243; img_size=&#8221;full&#8221; alignment=&#8221;center&#8221; onclick=&#8221;custom_link&#8221; link=&#8221;https:\/\/staging.registrarcorp.com\/de\/services\/fda-registration\/cosmetics\/&#8221;][\/vc_column][\/vc_row][vc_row full_width=&#8221;stretch_row&#8221; css=&#8221;.vc_custom_1726758765454{padding-top: 70px !important;padding-bottom: 20px !important;background-color: #f4f4f4 !important;}&#8221; el_class=&#8221;topContainer row-wdith hero-section&#8221; el_id=&#8221;headerRow&#8221;][vc_column width=&#8221;1\/2&#8243;][vc_column_text fnt_family_h1=&#8221;Montserrat&#8221; fnt_size_h1=&#8221;46&#8243;]\n<h1><strong><span style=\"color: #003873;\">Bereiten Sie sich jetzt darauf vor, die neuen Anforderungen der US-amerikanischen FDA f\u00fcr<\/span> <span style=\"color: #0081ff;\">Kosmetikunternehmen zu erf\u00fcllen.<\/span><\/strong><\/h1>\n[\/vc_column_text][vc_column_text fnt_family=&#8221;Montserrat&#8221; fnt_size=&#8221;24&#8243;]Die Vereinigten Staaten haben k\u00fcrzlich den Modernization of Cosmetics Regulation Act von 2022 (MoCRA) erlassen, der die Regulierungsbeh\u00f6rde der U.S. Food and Drug Administration (FDA) \u00fcber die Kosmetikbranche erweitert. MoCRA verlangt von der FDA, umfangreiche neue Vorschriften f\u00fcr Unternehmen zu erlassen, die Kosmetika in den USA herstellen und vertreiben.<\/p>\n<p>Viele Vorschriften treten bereits 2023 in Kraft.[\/vc_column_text][vc_btn title=&#8221;Loslegen&#8221; color=&#8221;sky&#8221; i_align=&#8221;right&#8221; i_icon_fontawesome=&#8221;fas fa-arrow-right&#8221; add_icon=&#8221;true&#8221; el_class=&#8221;primary-btn&#8221; link=&#8221;url:https%3A%2F%2Fstaging.registrarcorp.com%2Fde%2Ffda-registration-form%2F%3Fflow_type%3Dcosmetics%26industry_type%3DCosmetics%26iba_path%3Dtrue|&#8221;][\/vc_column][vc_column width=&#8221;1\/2&#8243; el_class=&#8221;container-right&#8221;][vc_single_image image=&#8221;6544&#8243; img_size=&#8221;full&#8221; alignment=&#8221;center&#8221;][vc_single_image image=&#8221;6552&#8243; img_size=&#8221;full&#8221; alignment=&#8221;center&#8221;][\/vc_column][\/vc_row][\/vc_section][vc_row full_width=&#8221;stretch_row_content&#8221; css=&#8221;.vc_custom_1687855249229{padding-top: 60px !important;padding-bottom: 60px !important;background-color: #003873 !important;}&#8221; el_class=&#8221;font-white&#8221; el_id=&#8221;where-to-start&#8221;][vc_column][vc_row_inner content_placement=&#8221;middle&#8221; el_class=&#8221;font-white innter-text-content&#8221;][vc_column_inner][vc_custom_heading text=&#8221;Sie sind sich nicht sicher, wo Sie anfangen sollen? Registrar Corp macht die Einhaltung von Kosmetika schnell und einfach.&#8221; font_container=&#8221;tag:h2|font_size:46|text_align:center|color:%23ffffff&#8221; google_fonts=&#8221;font_family:Montserrat%3Aregular%2C700|font_style:700%20bold%20regular%3A700%3Anormal&#8221;][vc_column_text fnt_family=&#8221;Montserrat&#8221; fnt_size=&#8221;24&#8243; el_class=&#8221;font-white&#8221;]\n<p style=\"text-align: center;\">Wir werden:<\/p>\n<ul>\n<li style=\"text-align: center;\">Einrichtungen so schnell wie m\u00f6glich ordnungsgem\u00e4\u00df bei FDA registrieren<\/li>\n<li style=\"text-align: center;\">Als US-Agent f\u00fcr Einrichtungen au\u00dferhalb der USA fungieren.<\/li>\n<li style=\"text-align: center;\">Kosmetikproduktlisten einreichen und verwalten <\/li>\n<li style=\"text-align: center;\">Aktualisierungen bereit stellen, wenn die FDA zus\u00e4tzliche MoCRA-Richtlinien umsetzt<\/li>\n<\/ul>\n[\/vc_column_text][\/vc_column_inner][\/vc_row_inner][vc_row_inner content_placement=&#8221;middle&#8221;][vc_column_inner][vc_column_text fnt_family=&#8221;Montserrat&#8221; fnt_size=&#8221;24&#8243; el_class=&#8221;font-white&#8221;]\n<p style=\"text-align: center;\"><strong>IBA-Mitglieder: Nutzen Sie die Registrierungsdienste von Registrar Corp und erhalten Sie 10 % Rabatt.<\/strong><\/p>\n[\/vc_column_text][vc_btn title=&#8221;Loslegen&#8221; color=&#8221;sky&#8221; align=&#8221;center&#8221; i_align=&#8221;right&#8221; i_icon_fontawesome=&#8221;fas fa-arrow-right&#8221; add_icon=&#8221;true&#8221; link=&#8221;url:https%3A%2F%2Fstaging.registrarcorp.com%2Fde%2Ffda-registration-form%2F%3Fflow_type%3Dcosmetics%26industry_type%3DCosmetics%26iba_path%3Dtrue|&#8221; el_class=&#8221;primary-btn&#8221;][\/vc_column_inner][\/vc_row_inner][\/vc_column][\/vc_row][vc_section full_width=&#8221;stretch_row&#8221; css=&#8221;.vc_custom_1687865804816{background-color: #ffffff !important;}&#8221; el_id=&#8221;what-does-mocra&#8221;][vc_row full_width=&#8221;stretch_row&#8221; css=&#8221;.vc_custom_1687853762150{padding-top: 40px !important;padding-bottom: 20px !important;}&#8221;][vc_column width=&#8221;1\/2&#8243;][vc_column_text fnt_family_h2=&#8221;Montserrat&#8221; fnt_size_h2=&#8221;40&#8243;]\n<h2><span style=\"color: #003873;\"><strong>Was bedeutet MoCRA f\u00fcr Kosmetikunternehmen?<\/strong><\/span><\/h2>\n[\/vc_column_text][vc_column_text fnt_family=&#8221;Montserrat&#8221; fnt_size=&#8221;18&#8243;]Gem\u00e4\u00df MoCRA wird die FDA Vorschriften festlegen, die den gesamten Lebenszyklus Ihrer Kosmetikprodukte von der Herstellung bis zum Marketing beeinflussen. Zu den neuen Anforderungen geh\u00f6ren:<\/p>\n<ul>\n<li>Obligatorische FDA-Registrierung f\u00fcr Kosmetikeinrichtungen<\/li>\n<li>Obligatorische Produktlisten f\u00fcr jedes Kosmetikprodukt, das in den USA vermarktet wird<\/li>\n<li>Meldung unerw\u00fcnschter Ereignisse<\/li>\n<li>Einhaltung der von der FDA herausgegebenen Guten Herstellungspraxis (Good Manufacturing Practices, GMPs)<\/li>\n<li>Aufbewahrung von Aufzeichnungen, einschlie\u00dflich Aufzeichnungen zu unerw\u00fcnschten Ereignissen und Sicherheitsbegr\u00fcndung<\/li>\n<li>Obligatorische R\u00fcckrufe<\/li>\n<li>Deklaration von Duftstoffallergenen<\/li>\n<\/ul>\n<p>Obwohl die FDA noch keine Vorschriften f\u00fcr diese Anforderungen festgelegt hat, bietet das Gesetz allgemeine Einblicke, sodass Kosmetikunternehmen mit der Vorbereitung auf die neuen FDA-Anforderungen beginnen k\u00f6nnen.[\/vc_column_text][\/vc_column][vc_column width=&#8221;1\/2&#8243; el_class=&#8221;container-right&#8221;][vc_single_image image=&#8221;6560&#8243; img_size=&#8221;full&#8221; alignment=&#8221;center&#8221; css=&#8221;.vc_custom_1688384500880{padding-top: 15px !important;}&#8221;][\/vc_column][\/vc_row][\/vc_section][vc_section full_width=&#8221;stretch_row&#8221; css=&#8221;.vc_custom_1685426929622{padding-bottom: 50px !important;background-color: #eceff1 !important;}&#8221; el_class=&#8221;faq-accordion-section&#8221;][vc_row content_placement=&#8221;bottom&#8221; css=&#8221;.vc_custom_1700032773103{padding-top: 50px !important;}&#8221;][vc_column width=&#8221;2\/3&#8243;][vc_custom_heading text=&#8221;H\u00e4ufig gestellte Fragen&#8221; font_container=&#8221;tag:h2|font_size:40|text_align:left|color:%23003873&#8243; google_fonts=&#8221;font_family:Montserrat%3Aregular%2C700|font_style:700%20bold%20regular%3A700%3Anormal&#8221;][\/vc_column][vc_column width=&#8221;1\/3&#8243;][vc_single_image image=&#8221;1008&#8243; img_size=&#8221;medium&#8221; alignment=&#8221;right&#8221; el_class=&#8221;hide-row&#8221;][\/vc_column][\/vc_row][vc_row css=&#8221;.vc_custom_1684137364661{padding-bottom: 50px !important;}&#8221;][vc_column][vc_separator color=&#8221;black&#8221;][vc_tta_accordion section_title_tag=&#8221;h2&#8243; c_icon=&#8221;chevron&#8221; active_section=&#8221;1&#8243; no_fill=&#8221;true&#8221; css=&#8221;.vc_custom_1683291355932{background-color: #eceff1 !important;}&#8221; el_class=&#8221;accordion&#8221;][vc_tta_section title=&#8221;Was ist MoCRA?&#8221; tab_id=&#8221;what-is-MoCRA&#8221; el_class=&#8221;accordion-class&#8221;][vc_column_text fnt_family=&#8221;Montserrat&#8221; fnt_size=&#8221;24&#8243; grad_text_color1=&#8221;#003873&#8243;]MoCRA ist der Modernization of Cosmetics Regulation Act von 2022 und wurde am 29. Dezember 2022 in Kraft gesetzt. MoCRA ist die gr\u00f6\u00dfte Reform bestehender Kosmetikvorschriften in den Vereinigten Staaten seit 84 Jahren und legt viele neue Anforderungen fest, wie z. B.:<\/p>\n<ul>\n<li>Registrierung der Einrichtung<\/li>\n<li>Produktlisten<\/li>\n<li>Gute Herstellungspraxis (GMPs)<\/li>\n<li>Sicherheitsnachweis<\/li>\n<li>Neue Kennzeichnungsanforderungen<\/li>\n<li>Meldung unerw\u00fcnschter Ereignisse<\/li>\n<li>Aufbewahrung von Aufzeichnungen<\/li>\n<\/ul>\n[\/vc_column_text][\/vc_tta_section][vc_tta_section title=&#8221;Wie wird sich MoCRA auf Kosmetikeinrichtungen auswirken?&#8221; tab_id=&#8221;how-will-MoCRA-affect&#8221; el_class=&#8221;accordion-class&#8221;][vc_column_text]Unter MoCRA umfasst der Begriff \u201eEinrichtung\u201c jede Einrichtung, die in den Vereinigten Staaten vertriebene Kosmetikprodukte herstellt oder verarbeitet. Die Einrichtungen m\u00fcssen die von der FDA herausgegebenen GMPs registrieren und einhalten.[\/vc_column_text][\/vc_tta_section][vc_tta_section title=&#8221;Wer gilt als verantwortliche Person unter MoCRA?&#8221; tab_id=&#8221;who-is-considered&#8221; el_class=&#8221;accordion-class&#8221;][vc_column_text]\n<div class=\"vc_tta-panel-body\">\n<div class=\"wpb_text_column wpb_content_element \">\n<div class=\"wpb_wrapper\">\n<p>Der Begriff \u201everantwortliche Person\u201c bezeichnet den Hersteller, Verpacker oder Vertreiber eines Kosmetikprodukts, dessen Name auf dem Produktetikett gem\u00e4\u00df Abschnitt 609(a) des FD&amp;C Act oder Abschnitt 4(a) des Fair Packaging and Labeling Act steht.<\/p>\n<p>Die \u201everantwortliche Person\u201c ist verantwortlich f\u00fcr:<\/p>\n<ul>\n<li>Kosmetische Produktliste<\/li>\n<li>Unerw\u00fcnschte Ereignisse<\/li>\n<li>Sicherheitsnachweis<\/li>\n<li>Kennzeichnung<\/li>\n<li>Offenlegungen und Aufzeichnungen von Duftallergenen<\/li>\n<\/ul>\n<\/div>\n<\/div>\n<\/div>\n[\/vc_column_text][\/vc_tta_section][vc_tta_section title=&#8221;Gibt es Ausnahmen f\u00fcr die Einrichtungsregistrierung?&#8221; tab_id=&#8221;are-there-any-exemptions&#8221; el_class=&#8221;accordion-class&#8221;][vc_column_text]\n<div class=\"vc_tta-panel-body\">\n<div class=\"wpb_text_column wpb_content_element \">\n<div class=\"wpb_wrapper\">\n<p>Ja, kleine Unternehmen werden flexiblere und vereinfachtere Anforderungen haben. Die FDA definiert ein Kleinunternehmen als ein Unternehmen, dessen durchschnittlicher Bruttojahresumsatz in den USA in den letzten drei Jahren inflationsbereinigt weniger als 1.000.000 US-Dollar betrug. Dies gilt nicht f\u00fcr verantwortliche Personen oder Einrichtungen, die kosmetische Produkte herstellen, die:<\/p>\n<ul>\n<li>in Kontakt mit den Augen kommen,<\/li>\n<li>gespritzt werden,<\/li>\n<li>f\u00fcr den internen Gebrauch bestimmt sind,<\/li>\n<li>oder das Erscheinungsbild unter \u00fcblichen Einsatzbedingungen, l\u00e4nger als 24 Stunden ver\u00e4ndern.<\/li>\n<\/ul>\n<\/div>\n<\/div>\n<\/div>\n[\/vc_column_text][\/vc_tta_section][vc_tta_section title=&#8221;Wann sind Einrichtungsregistrierungen und Produktlisten erforderlich?&#8221; tab_id=&#8221;when-are-facility-registrations&#8221; el_class=&#8221;accordion-class&#8221;][vc_column_text]\n<div class=\"vc_tta-panel-body\">\n<div class=\"wpb_text_column wpb_content_element \">\n<div class=\"wpb_wrapper\">\n<p><span class=\"TextRun SCXW134910940 BCX0\" lang=\"EN-US\" xml:lang=\"EN-US\" data-contrast=\"none\"><span class=\"NormalTextRun SCXW134910940 BCX0\">F\u00fcr bestehende Einrichtungen sind die Einrichtungsregistrierung und Produktlisten bis zum 29. Dezember 2023 f\u00e4llig.<\/span><\/span><span class=\"TextRun SCXW134910940 BCX0\" lang=\"EN-US\" xml:lang=\"EN-US\" data-contrast=\"auto\"><span class=\"NormalTextRun SCXW134910940 BCX0\"> Neue Einrichtungen, die Kosmetikprodukte f\u00fcr den Vertrieb in den USA herstellen oder verarbeiten, m\u00fcssen sich innerhalb von 60 Tagen nach der Vermarktung des Produkts oder 60 Tagen nach Ablauf der Frist f\u00fcr bestehende Einrichtungen registrieren, je nachdem, welcher Zeitpunkt sp\u00e4ter liegt.<\/span><\/span><span class=\"EOP SCXW134910940 BCX0\" data-ccp-props=\"{&quot;201341983&quot;:0,&quot;335559739&quot;:0,&quot;335559740&quot;:259}\"><\/span><\/p>\n<\/div>\n<\/div>\n<\/div>\n[\/vc_column_text][\/vc_tta_section][vc_tta_section title=&#8221;Was passiert, wenn ich mehrere Kosmetikprodukte habe? Wie liste ich sie alle auf?&#8221; tab_id=&#8221;what-if-I-have-multiple&#8221; el_class=&#8221;accordion-class&#8221;][vc_column_text]\n<div class=\"vc_tta-panel-body\">\n<div class=\"wpb_text_column wpb_content_element \">\n<div class=\"wpb_wrapper\">\n<p><span class=\"TextRun SCXW233625468 BCX0\" lang=\"EN-US\" xml:lang=\"EN-US\" data-contrast=\"auto\"><span class=\"NormalTextRun SCXW233625468 BCX0\">MoCRA<\/span> <span class=\"NormalTextRun SCXW233625468 BCX0\">erlaubt<\/span><span class=\"NormalTextRun SCXW233625468 BCX0\"> \u201e<\/span><span class=\"NormalTextRun SCXW233625468 BCX0\">f <\/span><span class=\"NormalTextRun SCXW233625468 BCX0\">lexible <\/span><span class=\"NormalTextRun SCXW233625468 BCX0\">l<\/span><span class=\"NormalTextRun SCXW233625468 BCX0\">istings <\/span><span class=\"NormalTextRun SCXW233625468 BCX0\">.<\/span><span class=\"NormalTextRun SCXW233625468 BCX0\">\u201c<\/span><span class=\"NormalTextRun SCXW233625468 BCX0\"> F\u00fcr flexible Listen k\u00f6nnen <\/span><span class=\"NormalTextRun SCXW233625468 BCX0\">Unternehmen eine <\/span><span class=\"NormalTextRun SCXW233625468 BCX0\">einzige Liste f\u00fcr Kosmetikprodukte<\/span> <span class=\"NormalTextRun SCXW233625468 BCX0\">mit<\/span><span class=\"NormalTextRun SCXW233625468 BCX0\"> identischen Formulierungen oder Formulierungen einreichen, die sich nur in Bezug auf Farben, D\u00fcfte oder Aromen oder Inhaltsmenge unterscheiden.<\/span><\/span><span class=\"EOP SCXW233625468 BCX0\" data-ccp-props=\"{&quot;201341983&quot;:0,&quot;335559739&quot;:0,&quot;335559740&quot;:259}\"><\/span><\/p>\n<\/div>\n<\/div>\n<\/div>\n[\/vc_column_text][\/vc_tta_section][vc_tta_section title=&#8221;Was kann ich tun, um mich jetzt auf MoCRA vorzubereiten?&#8221; tab_id=&#8221;what-can-I-do&#8221; el_class=&#8221;accordion-class&#8221;][vc_column_text]\n<div class=\"vc_tta-panel-body\">\n<div class=\"wpb_text_column wpb_content_element \">\n<div class=\"wpb_wrapper\">\n<p><span class=\"TextRun SCXW252003706 BCX0\" lang=\"EN-US\" xml:lang=\"EN-US\" data-contrast=\"auto\"><span class=\"NormalTextRun SCXW252003706 BCX0\">Wenden Sie sich an die Registrar Corp<\/span>., <span class=\"NormalTextRun SCXW252003706 BCX0\">um zu <\/span><span class=\"NormalTextRun SCXW252003706 BCX0\">bestimmen<\/span><span class=\"NormalTextRun SCXW252003706 BCX0\">, welche<\/span><span class=\"NormalTextRun SCXW252003706 BCX0\"> Verantwortlichkeiten Ihr Unternehmen erf\u00fcllen muss, um die Vorschriften einzuhalten.<\/span><\/span><span class=\"EOP SCXW252003706 BCX0\" data-ccp-props=\"{&quot;201341983&quot;:0,&quot;335559739&quot;:0,&quot;335559740&quot;:259}\"><\/span><\/p>\n<\/div>\n<\/div>\n<\/div>\n[\/vc_column_text][\/vc_tta_section][vc_tta_section title=&#8221;Was sind die neuen Kennzeichnungsanforderungen?&#8221; tab_id=&#8221;what-are-the-new-labeling&#8221; el_class=&#8221;accordion-class&#8221;][vc_column_text]\n<ul>\n<li><strong>Eine Adresse in den<\/strong> USA,<\/li>\n<li><strong>eine US-<\/strong>Telefonnummer oder<\/li>\n<li>elektronische Kontaktinformationen, bei denen eine verantwortliche Person Meldungen von unerw\u00fcnschten Ereignissen erhalten kann.<\/li>\n<\/ul>\n<p>Kosmetikprodukte, die Duftallergene enthalten, m\u00fcssen ihre Kennzeichnung aktualisieren, um diese Allergene aufzulisten. Bei professionellen Kosmetikprodukten m\u00fcssen Etiketten eine klare und deutliche Aussage enthalten, dass das Produkt nur von lizenzierten Fachleuten verabreicht oder verwendet wird und den bestehenden Anforderungen an die Kosmetikkennzeichnung entspricht.[\/vc_column_text][\/vc_tta_section][vc_tta_section title=&#8221;Wann treten die neuen Kennzeichnungsanforderungen in Kraft?&#8221; tab_id=&#8221;when-do-the-new-labeling&#8221; el_class=&#8221;accordion-class&#8221;][vc_column_text]\n<div class=\"vc_tta-panel-body\">\n<div class=\"wpb_text_column wpb_content_element \">\n<div class=\"wpb_wrapper\">\n<p>Innerhalb von <strong>1 Jahr<\/strong>: Die Etiketten professioneller Kosmetikprodukte m\u00fcssen alle erforderlichen Informationen enthalten und darauf hinweisen, dass das Produkt nur von lizenzierten Fachleuten verwendet werden darf.<\/p>\n<p>Innerhalb von <strong>2 Jahren<\/strong>: Die Etiketten m\u00fcssen die Kontaktinformationen der verantwortlichen Person f\u00fcr unerw\u00fcnschte Meldungen enthalten und Duftallergene identifizieren, die von der FDA bestimmt wurden.<\/p>\n<\/div>\n<\/div>\n<\/div>\n[\/vc_column_text][\/vc_tta_section][\/vc_tta_accordion][\/vc_column][\/vc_row][\/vc_section]\n<\/div>","protected":false},"excerpt":{"rendered":"<p>[vc_section el_class=&#8221;banner-section&#8221;][vc_row full_width=&#8221;stretch_row&#8221; content_placement=&#8221;top&#8221; disable_element=&#8221;yes&#8221; css=&#8221;.vc_custom_1709062389910{padding-top: 40px !important;background-color: #f4f4f4 !important;}&#8221;][vc_column][vc_single_image image=&#8221;26286&#8243; img_size=&#8221;full&#8221; alignment=&#8221;center&#8221; onclick=&#8221;custom_link&#8221; link=&#8221;https:\/\/staging.registrarcorp.com\/de\/services\/fda-registration\/cosmetics\/&#8221;][\/vc_column][\/vc_row][vc_row full_width=&#8221;stretch_row&#8221; css=&#8221;.vc_custom_1726758765454{padding-top: 70px !important;padding-bottom: 20px !important;background-color: #f4f4f4 !important;}&#8221; el_class=&#8221;topContainer row-wdith hero-section&#8221; el_id=&#8221;headerRow&#8221;][vc_column width=&#8221;1\/2&#8243;][vc_column_text fnt_family_h1=&#8221;Montserrat&#8221; fnt_size_h1=&#8221;46&#8243;] Bereiten Sie sich jetzt darauf vor, die neuen Anforderungen der US-amerikanischen FDA f\u00fcr Kosmetikunternehmen zu erf\u00fcllen. [\/vc_column_text][vc_column_text fnt_family=&#8221;Montserrat&#8221; fnt_size=&#8221;24&#8243;]Die Vereinigten Staaten haben k\u00fcrzlich den Modernization<\/p>\n","protected":false},"author":33,"featured_media":0,"parent":12814,"menu_order":0,"comment_status":"closed","ping_status":"closed","template":"page-templates\/page-sidebar-none.php","meta":{"_acf_changed":false,"content-type":"","footnotes":""},"class_list":["post-12700","page","type-page","status-publish","hentry"],"acf":[],"_links":{"self":[{"href":"https:\/\/staging.registrarcorp.com\/de\/wp-json\/wp\/v2\/pages\/12700","targetHints":{"allow":["GET"]}}],"collection":[{"href":"https:\/\/staging.registrarcorp.com\/de\/wp-json\/wp\/v2\/pages"}],"about":[{"href":"https:\/\/staging.registrarcorp.com\/de\/wp-json\/wp\/v2\/types\/page"}],"author":[{"embeddable":true,"href":"https:\/\/staging.registrarcorp.com\/de\/wp-json\/wp\/v2\/users\/33"}],"replies":[{"embeddable":true,"href":"https:\/\/staging.registrarcorp.com\/de\/wp-json\/wp\/v2\/comments?post=12700"}],"version-history":[{"count":0,"href":"https:\/\/staging.registrarcorp.com\/de\/wp-json\/wp\/v2\/pages\/12700\/revisions"}],"up":[{"embeddable":true,"href":"https:\/\/staging.registrarcorp.com\/de\/wp-json\/wp\/v2\/pages\/12814"}],"wp:attachment":[{"href":"https:\/\/staging.registrarcorp.com\/de\/wp-json\/wp\/v2\/media?parent=12700"}],"curies":[{"name":"wp","href":"https:\/\/api.w.org\/{rel}","templated":true}]}}