{"id":12086,"date":"2023-07-06T11:47:59","date_gmt":"2023-07-06T11:47:59","guid":{"rendered":"https:\/\/staging.registrarcorp.com\/fda-registration-verification\/"},"modified":"2025-03-06T22:06:00","modified_gmt":"2025-03-06T22:06:00","slug":"verification","status":"publish","type":"page","link":"https:\/\/staging.registrarcorp.com\/de\/services\/fda-registration-verification\/","title":{"rendered":"Verifizierung der FDA-Registrierung"},"content":{"rendered":"<div class=\"wpb-content-wrapper\">[vc_row full_width=&#8221;stretch_row&#8221; css=&#8221;.vc_custom_1739881061448{padding-bottom: 30px !important;background-color: #ffffff !important;}&#8221; el_class=&#8221;hero-section pt-resp-topmost-section&#8221;][vc_column width=&#8221;1\/2&#8243;][vc_column_text]\n<h1><strong><span style=\"color: #003873;\">\u00dcberpr\u00fcfen Sie Ihre FDA-Registrierung kostenlos<\/span><span style=\"color: #0081ff;\"> bei Registrar Corp.<\/span><\/strong><\/h1>\n[\/vc_column_text][vc_column_text fnt_family=&#8221;Montserrat&#8221; fnt_size=&#8221;23px&#8221;]\n<ul>\n<li>Die FDA kann die Registrierung einer Einrichtung aus einer Reihe von Gr\u00fcnden ung\u00fcltig machen, von fehlenden aktuellen Informationen bis hin zu fehlenden Verl\u00e4ngerungsfristen.<\/li>\n<li>Ohne eine korrekte und vollst\u00e4ndige Registrierung drohen Ihrem Unternehmen erhebliche Geb\u00fchren, Bu\u00dfgelder oder Lieferverz\u00f6gerungen.<\/li>\n<li>Registrar Corp wird die FDA-Registrierung kostenlos \u00fcberpr\u00fcfen, damit Lieferanten schnell feststellen k\u00f6nnen, ob ihre Registrierungen g\u00fcltig sind und den Anforderungen der FDA entsprechen.<\/li>\n<\/ul>\n[\/vc_column_text][vc_btn title=&#8221;Ihre Registrierung \u00fcberpr\u00fcfen&#8221; style=&#8221;flat&#8221; shape=&#8221;square&#8221; color=&#8221;blue&#8221; size=&#8221;lg&#8221; align=&#8221;left&#8221; i_align=&#8221;right&#8221; i_icon_fontawesome=&#8221;fas fa-arrow-right&#8221; add_icon=&#8221;true&#8221; el_class=&#8221;primary-btn btnTextBold&#8221; link=&#8221;url:%23services|&#8221;][\/vc_column][vc_column width=&#8221;1\/2&#8243;][vc_single_image image=&#8221;7111&#8243; img_size=&#8221;large&#8221; alignment=&#8221;right&#8221;][\/vc_column][\/vc_row][vc_row full_width=&#8221;stretch_row&#8221; css=&#8221;.vc_custom_1689107805327{padding-top: 50px !important;padding-bottom: 50px !important;background-color: #eeefef !important;}&#8221; el_id=&#8221;services&#8221;][vc_column width=&#8221;1\/2&#8243;][vc_single_image image=&#8221;7119&#8243; img_size=&#8221;large&#8221;][\/vc_column][vc_column width=&#8221;1\/2&#8243;][vc_custom_heading text=&#8221;Nahrungsmittel, Getr\u00e4nke und Nahrungserg\u00e4nzungsmittel&#8221; font_container=&#8221;tag:h2|font_size:40px|text_align:left|color:%23003873|line_height:50px&#8221; google_fonts=&#8221;font_family:Montserrat%3Aregular%2C700|font_style:700%20bold%20regular%3A700%3Anormal&#8221;][vc_column_text fnt_family=&#8221;Montserrat&#8221; fnt_size=&#8221;18px&#8221;]\n<div class=\"p-main-list\">\n<div class=\"p-list-icon\"><img decoding=\"async\" class=\"alignnone size-full wp-image-6485\" src=\"https:\/\/staging.registrarcorp.com\/wp-content\/uploads\/2023\/07\/food-safety-plans-7.png\" alt=\"\" width=\"30\" height=\"30\" srcset=\"https:\/\/staging.registrarcorp.com\/wp-content\/uploads\/2023\/07\/food-safety-plans-7.png 60w, https:\/\/staging.registrarcorp.com\/wp-content\/uploads\/2023\/07\/food-safety-plans-7-150x150.png 150w, https:\/\/staging.registrarcorp.com\/wp-content\/uploads\/2023\/07\/food-safety-plans-7-600x600.png 600w\" sizes=\"(max-width: 30px) 100vw, 30px\" \/><\/div>\n<p>Lebensmitteleinrichtungen m\u00fcssen ihre FDA-Registrierungen zwischen dem 1. Oktober und dem 31. Dezember jedes geradzahligen Jahres erneuern.<\/p>\n<\/div>\n<div class=\"p-main-list\">\n<div class=\"p-list-icon\"><img decoding=\"async\" class=\"alignnone size-full wp-image-5966\" src=\"https:\/\/staging.registrarcorp.com\/wp-content\/uploads\/2023\/06\/fda-verification-icon2.png\" alt=\"\" width=\"30\" height=\"30\" srcset=\"https:\/\/staging.registrarcorp.com\/wp-content\/uploads\/2023\/06\/fda-verification-icon2.png 30w, https:\/\/staging.registrarcorp.com\/wp-content\/uploads\/2023\/06\/fda-verification-icon2-150x150.png 150w, https:\/\/staging.registrarcorp.com\/wp-content\/uploads\/2023\/06\/fda-verification-icon2-600x600.png 600w\" sizes=\"(max-width: 30px) 100vw, 30px\" \/><\/div>\n<p>Die FDA entfernt nicht konforme Registrierungen nach jedem Verl\u00e4ngerungszeitraum aus ihrer Datenbank.<\/p>\n<\/div>\n<div class=\"p-main-list\">\n<div class=\"p-list-icon\"><img decoding=\"async\" class=\"alignnone size-full wp-image-5892\" src=\"https:\/\/staging.registrarcorp.com\/wp-content\/uploads\/2023\/06\/fda-reg-icon3.png\" alt=\"\" width=\"30\" height=\"30\" srcset=\"https:\/\/staging.registrarcorp.com\/wp-content\/uploads\/2023\/06\/fda-reg-icon3.png 30w, https:\/\/staging.registrarcorp.com\/wp-content\/uploads\/2023\/06\/fda-reg-icon3-150x150.png 150w, https:\/\/staging.registrarcorp.com\/wp-content\/uploads\/2023\/06\/fda-reg-icon3-600x600.png 600w\" sizes=\"(max-width: 30px) 100vw, 30px\" \/><\/div>\n<p>Registrar Corp kann kostenlos\u00a0 \u00fcberpr\u00fcfen, ob die FDA-Registrierung Ihrer Lebensmitteleinrichtung weiterhin\u00a0 g\u00fcltig ist. F\u00fcllen Sie einfach das folgende Formular aus, um zu beginnen.<\/p>\n<\/div>\n[\/vc_column_text][vc_btn title=&#8221;Heute \u00fcberpr\u00fcfen&#8221; style=&#8221;flat&#8221; shape=&#8221;square&#8221; color=&#8221;blue&#8221; size=&#8221;lg&#8221; align=&#8221;left&#8221; i_align=&#8221;right&#8221; i_icon_fontawesome=&#8221;fas fa-arrow-right&#8221; css=&#8221;.vc_custom_1741177527790{padding-top: 20px !important;}&#8221; add_icon=&#8221;true&#8221; el_class=&#8221;primary-btn btnTextBold&#8221; link=&#8221;url:https%3A%2F%2Fstaging.registrarcorp.com%2Fde%2Fverify-your-us-fda-food-facility-registration%2F|&#8221;][\/vc_column][\/vc_row][vc_row full_width=&#8221;stretch_row&#8221; css=&#8221;.vc_custom_1689837011091{padding-top: 50px !important;padding-bottom: 50px !important;background-color: #ffffff !important;}&#8221; el_class=&#8221;medical-devices-section&#8221;][vc_column width=&#8221;1\/2&#8243;][vc_custom_heading text=&#8221;Medizinische Ger\u00e4te&#8221; font_container=&#8221;tag:h2|font_size:40px|text_align:left|color:%23003873|line_height:50px&#8221; google_fonts=&#8221;font_family:Montserrat%3Aregular%2C700|font_style:700%20bold%20regular%3A700%3Anormal&#8221;][vc_column_text fnt_family=&#8221;Montserrat&#8221; fnt_size=&#8221;18px&#8221;]\n<div class=\"p-main-list\">\n<div class=\"p-list-icon\"><img decoding=\"async\" class=\"alignnone size-full wp-image-6485\" src=\"https:\/\/staging.registrarcorp.com\/wp-content\/uploads\/2023\/07\/food-safety-plans-7.png\" alt=\"\" width=\"30\" height=\"30\" srcset=\"https:\/\/staging.registrarcorp.com\/wp-content\/uploads\/2023\/07\/food-safety-plans-7.png 60w, https:\/\/staging.registrarcorp.com\/wp-content\/uploads\/2023\/07\/food-safety-plans-7-150x150.png 150w, https:\/\/staging.registrarcorp.com\/wp-content\/uploads\/2023\/07\/food-safety-plans-7-600x600.png 600w\" sizes=\"(max-width: 30px) 100vw, 30px\" \/><\/div>\n<p>Medizinger\u00e4teunternehmen m\u00fcssen ihre FDA-Registrierungen j\u00e4hrlich zwischen dem 1. Oktober und dem 31. Dezember erneuern.<\/p>\n<\/div>\n<div class=\"p-main-list\">\n<div class=\"p-list-icon\"><img decoding=\"async\" class=\"alignnone size-full wp-image-5966\" src=\"https:\/\/staging.registrarcorp.com\/wp-content\/uploads\/2023\/06\/fda-verification-icon2.png\" alt=\"\" width=\"30\" height=\"30\" srcset=\"https:\/\/staging.registrarcorp.com\/wp-content\/uploads\/2023\/06\/fda-verification-icon2.png 30w, https:\/\/staging.registrarcorp.com\/wp-content\/uploads\/2023\/06\/fda-verification-icon2-150x150.png 150w, https:\/\/staging.registrarcorp.com\/wp-content\/uploads\/2023\/06\/fda-verification-icon2-600x600.png 600w\" sizes=\"(max-width: 30px) 100vw, 30px\" \/><\/div>\n<p>Die FDA entfernt nicht konforme Registrierungen aus ihrer Datenban, nach jeder Erneuerungsperiode.<\/p>\n<\/div>\n<div class=\"p-main-list\">\n<div class=\"p-list-icon\"><img decoding=\"async\" class=\"alignnone size-full wp-image-5892\" src=\"https:\/\/staging.registrarcorp.com\/wp-content\/uploads\/2023\/06\/fda-reg-icon3.png\" alt=\"\" width=\"30\" height=\"30\" srcset=\"https:\/\/staging.registrarcorp.com\/wp-content\/uploads\/2023\/06\/fda-reg-icon3.png 30w, https:\/\/staging.registrarcorp.com\/wp-content\/uploads\/2023\/06\/fda-reg-icon3-150x150.png 150w, https:\/\/staging.registrarcorp.com\/wp-content\/uploads\/2023\/06\/fda-reg-icon3-600x600.png 600w\" sizes=\"(max-width: 30px) 100vw, 30px\" \/><\/div>\n<p>Registrar Corp kann kostenlos \u00fcberpr\u00fcfen, ob die FDA-Registrierung Ihrer Einrichtung f\u00fcr medizinische Ger\u00e4te weiterhin g\u00fcltig ist. F\u00fcllen Sie einfach das folgende Formular aus, um zu beginnen.<\/p>\n<\/div>\n[\/vc_column_text][vc_btn title=&#8221;Heute \u00fcberpr\u00fcfen&#8221; style=&#8221;flat&#8221; shape=&#8221;square&#8221; color=&#8221;blue&#8221; size=&#8221;lg&#8221; align=&#8221;left&#8221; i_align=&#8221;right&#8221; i_icon_fontawesome=&#8221;fas fa-arrow-right&#8221; css=&#8221;.vc_custom_1689258644698{padding-top: 20px !important;}&#8221; add_icon=&#8221;true&#8221; el_class=&#8221;primary-btn btnTextBold&#8221; link=&#8221;url:https%3A%2F%2Fstaging.registrarcorp.com%2Fde%2Fservices%2Ffda-registration-verification%2Fmedical-verification%2F|&#8221;][\/vc_column][vc_column width=&#8221;1\/2&#8243;][vc_single_image image=&#8221;7127&#8243; img_size=&#8221;large&#8221; alignment=&#8221;right&#8221;][\/vc_column][\/vc_row][vc_row full_width=&#8221;stretch_row&#8221; css=&#8221;.vc_custom_1688646036296{padding-top: 50px !important;padding-bottom: 50px !important;background-color: #cde8fa !important;}&#8221;][vc_column width=&#8221;1\/2&#8243;][vc_single_image image=&#8221;7135&#8243; img_size=&#8221;large&#8221;][\/vc_column][vc_column width=&#8221;1\/2&#8243;][vc_custom_heading text=&#8221;Medikamente&#8221; font_container=&#8221;tag:h2|font_size:40px|text_align:left|color:%23003873|line_height:50px&#8221; google_fonts=&#8221;font_family:Montserrat%3Aregular%2C700|font_style:700%20bold%20regular%3A700%3Anormal&#8221;][vc_column_text fnt_family=&#8221;Montserrat&#8221; fnt_size=&#8221;18px&#8221;]\n<div class=\"p-main-list\">\n<div class=\"p-list-icon\"><img decoding=\"async\" class=\"alignnone size-full wp-image-6485\" src=\"https:\/\/staging.registrarcorp.com\/wp-content\/uploads\/2023\/07\/food-safety-plans-7.png\" alt=\"\" width=\"30\" height=\"30\" srcset=\"https:\/\/staging.registrarcorp.com\/wp-content\/uploads\/2023\/07\/food-safety-plans-7.png 60w, https:\/\/staging.registrarcorp.com\/wp-content\/uploads\/2023\/07\/food-safety-plans-7-150x150.png 150w, https:\/\/staging.registrarcorp.com\/wp-content\/uploads\/2023\/07\/food-safety-plans-7-600x600.png 600w\" sizes=\"(max-width: 30px) 100vw, 30px\" \/><\/div>\n<p>Alle Arzneimittelhersteller m\u00fcssen ihre FDA-Registrierungen j\u00e4hrlich zwischen dem 1. Oktober und dem 31. Dezember erneuern und eine Liste aller in den USA hergestellten Arzneimittelprodukte einreichen.<\/p>\n<\/div>\n<div class=\"p-main-list\">\n<div class=\"p-list-icon\"><img decoding=\"async\" class=\"alignnone size-full wp-image-5966\" src=\"https:\/\/staging.registrarcorp.com\/wp-content\/uploads\/2023\/06\/fda-verification-icon2.png\" alt=\"\" width=\"30\" height=\"30\" srcset=\"https:\/\/staging.registrarcorp.com\/wp-content\/uploads\/2023\/06\/fda-verification-icon2.png 30w, https:\/\/staging.registrarcorp.com\/wp-content\/uploads\/2023\/06\/fda-verification-icon2-150x150.png 150w, https:\/\/staging.registrarcorp.com\/wp-content\/uploads\/2023\/06\/fda-verification-icon2-600x600.png 600w\" sizes=\"(max-width: 30px) 100vw, 30px\" \/><\/div>\n<p>Die FDA entfernt nach jedem Verl\u00e4ngerungszeitraum nicht konforme Registrierungen und Listen aus ihrer Datenbank.<\/p>\n<\/div>\n<div class=\"p-main-list\">\n<div class=\"p-list-icon\"><img decoding=\"async\" class=\"alignnone size-full wp-image-5892\" src=\"https:\/\/staging.registrarcorp.com\/wp-content\/uploads\/2023\/06\/fda-reg-icon3.png\" alt=\"\" width=\"30\" height=\"30\" srcset=\"https:\/\/staging.registrarcorp.com\/wp-content\/uploads\/2023\/06\/fda-reg-icon3.png 30w, https:\/\/staging.registrarcorp.com\/wp-content\/uploads\/2023\/06\/fda-reg-icon3-150x150.png 150w, https:\/\/staging.registrarcorp.com\/wp-content\/uploads\/2023\/06\/fda-reg-icon3-600x600.png 600w\" sizes=\"(max-width: 30px) 100vw, 30px\" \/><\/div>\n<p>Registrar Corp kann kostenlos\u00a0 \u00fcberpr\u00fcfen, ob die FDA-Registrierung Ihrer Arzneimitteleinrichtung noch\u00a0 g\u00fcltig ist. F\u00fcllen Sie einfach das folgende Formular aus, um zu beginnen.<\/p>\n<\/div>\n[\/vc_column_text][vc_btn title=&#8221;Heute \u00fcberpr\u00fcfen&#8221; style=&#8221;flat&#8221; shape=&#8221;square&#8221; color=&#8221;blue&#8221; size=&#8221;lg&#8221; align=&#8221;left&#8221; i_align=&#8221;right&#8221; i_icon_fontawesome=&#8221;fas fa-arrow-right&#8221; css=&#8221;.vc_custom_1739791405382{padding-top: 20px !important;}&#8221; add_icon=&#8221;true&#8221; el_class=&#8221;primary-btn btnTextBold&#8221; link=&#8221;url:%23%2Fservices%2Ffda-registration-verification%2Fdrugs-verification%2F|&#8221;][\/vc_column][\/vc_row][vc_row full_width=&#8221;stretch_row&#8221; css=&#8221;.vc_custom_1727969499467{padding-bottom: 50px !important;background-color: #eceff1 !important;}&#8221; el_class=&#8221;faq-accordion-section&#8221;][vc_column][vc_custom_heading text=&#8221;H\u00e4ufig gestellte Fragen&#8221; font_container=&#8221;tag:h2|font_size:40px|text_align:left|color:%23003873&#8243; google_fonts=&#8221;font_family:Montserrat%3Aregular%2C700|font_style:700%20bold%20regular%3A700%3Anormal&#8221; css=&#8221;.vc_custom_1700032896779{border-bottom-width: 0.5px !important;padding-top: 50px !important;padding-bottom: 20px !important;border-bottom-color: #000000 !important;border-bottom-style: solid !important;}&#8221;][vc_tta_accordion style=&#8221;flat&#8221; shape=&#8221;square&#8221; c_icon=&#8221;chevron&#8221; active_section=&#8221;1&#8243; no_fill=&#8221;true&#8221;][vc_tta_section title=&#8221;Warum sollte ich meine FDA-Registrierung \u00fcberpr\u00fcfen?&#8221; tab_id=&#8221;faq1&#8243; el_class=&#8221;prior-faq-sec&#8221;][vc_column_text]Ung\u00fcltige FDA-Registrierungen k\u00f6nnen zu Verz\u00f6gerungen im Zolleinfuhrprozess f\u00fchren oder zu einer Beschlagnahme am Einreisehafen f\u00fchren. FDA-Registrierungsnummern k\u00f6nnen ung\u00fcltig gemacht werden, wenn:<\/p>\n<ul>\n<li>Nach einem Eigent\u00fcmerwechsel keine ordnungsgem\u00e4\u00dfe Neuregistrierung\u00a0erfolgt<\/li>\n<li>Die Registrierung wurde nicht von einer autorisierten Person eingereicht\u00a0<\/li>\n<li>Der US-Agent akzeptiert nicht Bezeichnung<\/li>\n<li>Die Registrierung der Einrichtung wird innerhalb des Erneuerungszeitraums der FDA nicht ordnungsgem\u00e4\u00df erneuert<\/li>\n<li>Die Nummer des Daten-Universalnummerierungssystems (DUNS) wurde nicht erhalten oder ist ung\u00fcltig<\/li>\n<\/ul>\n[\/vc_column_text][\/vc_tta_section][vc_tta_section title=&#8221;Wie \u00fcberpr\u00fcfe ich die FDA-Registrierung?&#8221; tab_id=&#8221;faq2&#8243; el_class=&#8221;prior-faq-sec&#8221;][vc_column_text]<span class=\"TextRun SCXW230291170 BCX2\" lang=\"EN\" xml:lang=\"EN\" data-contrast=\"none\"><span class=\"NormalTextRun SCXW230291170 BCX2\">Registrierungen von Lebensmittelbetrieben sind nicht \u00f6ffentlich zug\u00e4nglich und die \u00dcberpr\u00fcfung Ihres Registrierungsstatus \u00fcber die FDA-Website kann ein komplexer und zeitaufw\u00e4ndiger Prozess sein.<\/span><\/span><\/p>\n<p><span data-contrast=\"none\">Eine einfache und direkte M\u00f6glichkeit, Ihre FDA-Registrierungsnummer zu \u00fcberpr\u00fcfen, ist \u00fcber einen FDA-Compliance-Beratungspartner wie Registrar Corp. <\/span><span data-ccp-props=\"{&quot;201341983&quot;:0,&quot;335559739&quot;:160,&quot;335559740&quot;:276}\"><\/span><\/p>\n<p><span data-contrast=\"none\">Kontaktieren <a href=\"https:\/\/staging.registrarcorp.com\/de\/contact\/\">Sie uns<\/a> direkt oder f\u00fcllen Sie auf dieser Seite das Verifizierungsformular f\u00fcr Ihre Branche aus.<\/span><span data-ccp-props=\"{&quot;201341983&quot;:0,&quot;335559739&quot;:160,&quot;335559740&quot;:276}\"><\/span>[\/vc_column_text][\/vc_tta_section][\/vc_tta_accordion][\/vc_column][\/vc_row]\n<\/div>","protected":false},"excerpt":{"rendered":"<p>[vc_row full_width=&#8221;stretch_row&#8221; css=&#8221;.vc_custom_1739881061448{padding-bottom: 30px !important;background-color: #ffffff !important;}&#8221; el_class=&#8221;hero-section pt-resp-topmost-section&#8221;][vc_column width=&#8221;1\/2&#8243;][vc_column_text] \u00dcberpr\u00fcfen Sie Ihre FDA-Registrierung kostenlos bei Registrar Corp. [\/vc_column_text][vc_column_text fnt_family=&#8221;Montserrat&#8221; fnt_size=&#8221;23px&#8221;] Die FDA kann die Registrierung einer Einrichtung aus einer Reihe von Gr\u00fcnden ung\u00fcltig machen, von fehlenden aktuellen Informationen bis hin zu fehlenden Verl\u00e4ngerungsfristen. Ohne eine korrekte und vollst\u00e4ndige Registrierung drohen Ihrem Unternehmen erhebliche Geb\u00fchren,<\/p>\n","protected":false},"author":33,"featured_media":0,"parent":14829,"menu_order":0,"comment_status":"closed","ping_status":"closed","template":"page-templates\/page-sidebar-none.php","meta":{"_acf_changed":false,"content-type":"","footnotes":""},"class_list":["post-12086","page","type-page","status-publish","hentry"],"acf":[],"_links":{"self":[{"href":"https:\/\/staging.registrarcorp.com\/de\/wp-json\/wp\/v2\/pages\/12086","targetHints":{"allow":["GET"]}}],"collection":[{"href":"https:\/\/staging.registrarcorp.com\/de\/wp-json\/wp\/v2\/pages"}],"about":[{"href":"https:\/\/staging.registrarcorp.com\/de\/wp-json\/wp\/v2\/types\/page"}],"author":[{"embeddable":true,"href":"https:\/\/staging.registrarcorp.com\/de\/wp-json\/wp\/v2\/users\/33"}],"replies":[{"embeddable":true,"href":"https:\/\/staging.registrarcorp.com\/de\/wp-json\/wp\/v2\/comments?post=12086"}],"version-history":[{"count":0,"href":"https:\/\/staging.registrarcorp.com\/de\/wp-json\/wp\/v2\/pages\/12086\/revisions"}],"up":[{"embeddable":true,"href":"https:\/\/staging.registrarcorp.com\/de\/wp-json\/wp\/v2\/pages\/14829"}],"wp:attachment":[{"href":"https:\/\/staging.registrarcorp.com\/de\/wp-json\/wp\/v2\/media?parent=12086"}],"curies":[{"name":"wp","href":"https:\/\/api.w.org\/{rel}","templated":true}]}}