{"id":12068,"date":"2023-07-08T07:50:48","date_gmt":"2023-07-08T07:50:48","guid":{"rendered":"https:\/\/staging.registrarcorp.com\/color-additive-review-and-batch-certification\/"},"modified":"2024-10-03T19:26:33","modified_gmt":"2024-10-03T19:26:33","slug":"color-additives","status":"publish","type":"page","link":"https:\/\/staging.registrarcorp.com\/de\/services\/label-ingredients-review\/color-additives\/","title":{"rendered":"\u00dcberpr\u00fcfung und Chargenzertifizierung von Farbadditiven"},"content":{"rendered":"<div class=\"wpb-content-wrapper\">[vc_row full_width=&#8221;stretch_row&#8221; css=&#8221;.vc_custom_1726759153635{padding-top: 70px !important;background-color: #ffffff !important;}&#8221; el_class=&#8221;vertical-text-align hero-section&#8221;][vc_column width=&#8221;1\/2&#8243; css=&#8221;.vc_custom_1688990185635{padding-top: 50px !important;}&#8221; el_class=&#8221;color-additive-header&#8221;][vc_custom_heading text=&#8221;Halten Sie sich an die FDA-Farbadditive von Registrar Corp.&#8221; font_container=&#8221;tag:h1|font_size:46px|text_align:left|color:%23003873|line_height:56px&#8221; google_fonts=&#8221;font_family:Montserrat%3Aregular%2C700|font_style:700%20bold%20regular%3A700%3Anormal&#8221;][vc_column_text fnt_family=&#8221;Montserrat&#8221; fnt_size=&#8221;18px&#8221; fnt_family_h4=&#8221;Montserrat&#8221; fnt_size_h4=&#8221;24px&#8221;]Vermeiden Sie es, unz\u00e4hlige Stunden damit zu verschwenden, die umfangreichen Anforderungen der FDA an Farbadditive zu recherchieren, und lassen Sie sich von Experten beraten, welche Vorschriften f\u00fcr Ihre Produkte gelten. Registrar Corp. ist hier, um die schwere Arbeit f\u00fcr Sie zu erledigen.[\/vc_column_text][vc_btn title=&#8221;Holen Sie sich Ihre Farbadditiven-Bewertung&#8221; style=&#8221;flat&#8221; shape=&#8221;square&#8221; color=&#8221;blue&#8221; size=&#8221;lg&#8221; align=&#8221;left&#8221; i_align=&#8221;right&#8221; i_icon_fontawesome=&#8221;fas fa-arrow-right&#8221; css=&#8221;.vc_custom_1688802651726{padding-top: 20px !important;}&#8221; add_icon=&#8221;true&#8221; el_class=&#8221;primary-btn&#8221; link=&#8221;url:%23formSection|&#8221;][\/vc_column][vc_column width=&#8221;1\/2&#8243;][vc_single_image image=&#8221;7193&#8243; img_size=&#8221;552&#215;558&#8243; alignment=&#8221;right&#8221;][\/vc_column][\/vc_row][vc_row full_width=&#8221;stretch_row&#8221; css=&#8221;.vc_custom_1688803176733{padding-top: 50px !important;background-color: #eeefef !important;}&#8221; el_class=&#8221;vertical-text-align&#8221;][vc_column width=&#8221;1\/2&#8243;][vc_single_image image=&#8221;7201&#8243; img_size=&#8221;588&#215;537&#8243;][\/vc_column][vc_column width=&#8221;1\/2&#8243; el_class=&#8221;col-txt-center&#8221;][vc_custom_heading text=&#8221;\u00dcberpr\u00fcfung und Chargenzertifizierung von Farbadditiven&#8221; font_container=&#8221;tag:h2|font_size:32px|text_align:left|color:%23003873|line_height:56px&#8221; google_fonts=&#8221;font_family:Montserrat%3Aregular%2C700|font_style:700%20bold%20regular%3A700%3Anormal&#8221;][vc_column_text fnt_family=&#8221;Montserrat&#8221; fnt_size=&#8221;18px&#8221; fnt_family_h5=&#8221;Montserrat&#8221; fnt_size_h5=&#8221;18px&#8221;]Ein Farbzusatz ist jeder Farbstoff, jedes Pigment oder jede andere Substanz, die einem Produkt Farbe verleihen kann. Die FDA reguliert Farbzus\u00e4tze, die Lebensmitteln, Nahrungserg\u00e4nzungsmitteln, Arzneimitteln, Kosmetika und medizinischen Ger\u00e4ten zugesetzt werden, einschlie\u00dflich synthetischer Substanzen und Substanzen aus nat\u00fcrlichen Quellen.<\/p>\n<p>Farbzusatzstoffe m\u00fcssen dem FDA-Zulassungsverfahren unterzogen werden, bevor sie in Produkten verwendet werden, die von der Beh\u00f6rde reguliert werden. Die FDA kann Durchsetzungsma\u00dfnahmen gegen ein Unternehmen ergreifen, das Produkte vertreibt, die eine nicht zugelassene Farbe enthalten oder auf eine Weise verwendet werden, die nicht in der Verordnung beschrieben ist.<\/p>\n<p>Zu diesen Ma\u00dfnahmen k\u00f6nnen Warnschreiben, die Platzierung des Unternehmens bei der Einfuhrwarnung oder die Beschlagnahme und Ablehnung des Produkts im Hafen geh\u00f6ren.<br \/>\n[\/vc_column_text][\/vc_column][\/vc_row][vc_row full_width=&#8221;stretch_row&#8221; css=&#8221;.vc_custom_1704750454423{padding-top: 30px !important;padding-bottom: 50px !important;background-color: #eeefef !important;}&#8221; el_class=&#8221;vertical-text-align&#8221;][vc_column width=&#8221;1\/2&#8243; css=&#8221;.vc_custom_1688982816048{padding-right: 50px !important;}&#8221;][vc_column_text fnt_family=&#8221;Montserrat&#8221; fnt_size=&#8221;18px&#8221; fnt_family_h5=&#8221;Montserrat&#8221; fnt_size_h5=&#8221;18px&#8221;]Bei einigen synthetischen Farbzus\u00e4tzen h\u00e4ngt die Genehmigung f\u00fcr die Verwendung von dem erfolgreichen Abschluss der \u201eChargenzertifizierung\u201c ab. Nicht-US-Unternehmen m\u00fcssen f\u00fcr diesen Prozess einen US-Agent benennen.<\/p>\n<p>W\u00e4hrend des Chargenzertifizierungsprozesses muss der Hersteller Folgendes tun:<\/p>\n<ul>\n<li>Holt eine Probe des Farbzusatzes<\/li>\n<li>Sendet die Probe an die FDA<\/li>\n<li>Bezahlt eine Geb\u00fchr f\u00fcr die FDA, um die Probe gem\u00e4\u00df den in der Vorschrift beschriebenen Spezifikationen zu testen<\/li>\n<li>Ruft eine eindeutige Chargennummer ab, wenn die Farbe \u00fcberschritten wird<\/li>\n<\/ul>\n<p>Sich durch die verwirrenden Anforderungen f\u00fcr jedes Ihrer Farbadditive zurechtzufinden, ist herausfordernd und zeitaufw\u00e4ndig. Woher wissen Sie, ob ein Farbzusatz eine Chargenzertifizierung ben\u00f6tigt, nicht ben\u00f6tigt oder \u00fcberhaupt nicht zugelassen ist?[\/vc_column_text][\/vc_column][vc_column width=&#8221;1\/2&#8243; el_class=&#8221;col-txt-center&#8221;][vc_single_image image=&#8221;7209&#8243; img_size=&#8221;557&#215;454&#8243;][\/vc_column][\/vc_row][vc_row full_width=&#8221;stretch_row&#8221; css=&#8221;.vc_custom_1688803412380{padding-top: 50px !important;background-color: #003873 !important;}&#8221;][vc_column][vc_custom_heading text=&#8221;Registrar Corp kann helfen.&#8221; font_container=&#8221;tag:h2|font_size:32px|text_align:left|color:%23ffffff|line_height:50px&#8221; google_fonts=&#8221;font_family:Montserrat%3Aregular%2C700|font_style:700%20bold%20regular%3A700%3Anormal&#8221; css=&#8221;.vc_custom_1704751354373{margin-bottom: 0px !important;}&#8221;][\/vc_column][\/vc_row][vc_row full_width=&#8221;stretch_row&#8221; css=&#8221;.vc_custom_1688804278503{padding-bottom: 20px !important;background-color: #003873 !important;}&#8221; el_class=&#8221;vertical-text-align&#8221;][vc_column width=&#8221;1\/2&#8243;][vc_column_text fnt_family=&#8221;Montserrat&#8221; fnt_size=&#8221;24px&#8221; fnt_family_h5=&#8221;Montserrat&#8221; fnt_size_h5=&#8221;18px&#8221;]\n<p style=\"color: #ffffff;\">Wir vereinfachen die Vorschriften f\u00fcr Farbzusatzstoffe, indem wir Ihre Farbe mit Tausenden von Seiten innerhalb des Code of Federal Regulations sowie des Federal Register, Substances Added to Food Database, Labeling Guides und Warning Letters vergleichen, die von der US-amerikanischen FDA herausgegeben wurden.<\/p>\n<p style=\"color: #ffffff;\">Registrar Corp kann Ihre Farbzus\u00e4tze \u00fcberpr\u00fcfen, um festzustellen, ob sie von der FDA zugelassen wurden. In unserem Bericht werden alle zugelassenen Verwendungen und Spezifikationen beschrieben, die f\u00fcr Ihre Farbadditive erforderlich sind.<\/p>\n[\/vc_column_text][\/vc_column][vc_column width=&#8221;1\/2&#8243; el_class=&#8221;color-additive&#8221;][vc_column_text fnt_size=&#8221;24px&#8221;]<span style=\"font-size: 18.0pt;\"><span style=\"color: #ffffff;\">Wenn Ihr Farbzusatz der Chargenzertifizierungspflicht unterliegt, werden wir:<\/span>[\/vc_column_text][vc_column_text fnt_family=&#8221;Montserrat&#8221; fnt_size=&#8221;24px&#8221;]<\/span><\/p>\n<div class=\"p-main-list\">\n<div>\n<p style=\"color: #ffffff;\"><img decoding=\"async\" class=\"alignnone size-full wp-image-7230\" style=\"color: #333333;\" src=\"https:\/\/staging.registrarcorp.com\/wp-content\/uploads\/2023\/07\/help.png\" alt=\"\" width=\"50\" height=\"50\" srcset=\"https:\/\/staging.registrarcorp.com\/wp-content\/uploads\/2023\/07\/help.png 100w, https:\/\/staging.registrarcorp.com\/wp-content\/uploads\/2023\/07\/help-150x150.png 150w, https:\/\/staging.registrarcorp.com\/wp-content\/uploads\/2023\/07\/help-600x600.png 600w\" sizes=\"(max-width: 50px) 100vw, 50px\" \/><\/p>\n<\/div>\n<p><span style=\"color: #ffffff;\"><span style=\"font-size: 18.0pt;\">Ihnen bei der Beschaffung eines FDA-Kontos und Anmeldung im Online-System helfen<\/span><\/span><\/p>\n<\/div>\n<div class=\"p-main-list\">\n<div class=\"p-list-icon\"><img decoding=\"async\" class=\"alignnone size-full wp-image-7222\" src=\"https:\/\/staging.registrarcorp.com\/wp-content\/uploads\/2023\/07\/assist.png\" alt=\"\" width=\"50\" height=\"50\" srcset=\"https:\/\/staging.registrarcorp.com\/wp-content\/uploads\/2023\/07\/assist.png 100w, https:\/\/staging.registrarcorp.com\/wp-content\/uploads\/2023\/07\/assist-150x150.png 150w, https:\/\/staging.registrarcorp.com\/wp-content\/uploads\/2023\/07\/assist-600x600.png 600w\" sizes=\"(max-width: 50px) 100vw, 50px\" \/><\/div>\n<p><span style=\"color: #ffffff;\"><span style=\"font-size: 18.0pt;\">Sie bei der Einsendung von Proben unterst\u00fctzen\u00a0<\/span><\/span><\/p>\n<\/div>\n<div class=\"p-main-list\">\n<div class=\"p-list-icon\"><img decoding=\"async\" class=\"alignnone size-full wp-image-7214\" src=\"https:\/\/staging.registrarcorp.com\/wp-content\/uploads\/2023\/07\/serve.png\" alt=\"\" width=\"50\" height=\"50\" srcset=\"https:\/\/staging.registrarcorp.com\/wp-content\/uploads\/2023\/07\/serve.png 100w, https:\/\/staging.registrarcorp.com\/wp-content\/uploads\/2023\/07\/serve-150x150.png 150w, https:\/\/staging.registrarcorp.com\/wp-content\/uploads\/2023\/07\/serve-600x600.png 600w\" sizes=\"(max-width: 50px) 100vw, 50px\" \/><\/div>\n<p><span style=\"color: #ffffff;\"><span style=\"font-size: 18.0pt;\">Als Ihr Kommunikationskontakt und (falls zutreffend) als US-Agent dienen<\/span><\/span><\/p>\n<\/div>\n[\/vc_column_text][\/vc_column][\/vc_row][vc_row full_width=&#8221;stretch_row&#8221; css=&#8221;.vc_custom_1688803127667{padding-bottom: 50px !important;background-color: #003873 !important;}&#8221;][vc_column width=&#8221;1\/6&#8243;][\/vc_column][vc_column width=&#8221;2\/3&#8243; css=&#8221;.vc_custom_1685362239351{padding-top: 0px !important;}&#8221;][vc_btn title=&#8221;Beginnen Sie noch heute&#8221; style=&#8221;flat&#8221; shape=&#8221;square&#8221; color=&#8221;blue&#8221; size=&#8221;lg&#8221; align=&#8221;center&#8221; i_align=&#8221;right&#8221; i_icon_fontawesome=&#8221;fas fa-arrow-right&#8221; add_icon=&#8221;true&#8221; el_class=&#8221;primary-btn-white&#8221; link=&#8221;url:%23formSection|&#8221;][\/vc_column][vc_column width=&#8221;1\/6&#8243;][\/vc_column][\/vc_row][vc_row full_width=&#8221;stretch_row&#8221; css=&#8221;.vc_custom_1697469888310{padding-top: 30px !important;padding-bottom: 30px !important;background-color: #ffffff !important;}&#8221; el_id=&#8221;formSection&#8221;][vc_column width=&#8221;1\/2&#8243;][vc_column_text]\n<h2><span class=\"ui-provider fz b c d e f g h i j k l m n o p q r s t u v w x y z ab ac ae af ag ah ai aj ak\" dir=\"ltr\"><span style=\"color: #003873;\">Registrar Corp tr\u00e4gt dazu bei, die Vorschriften f\u00fcr Farbzus\u00e4tze zu vereinfachen.\u00a0<\/span><\/span><\/h2>\n[\/vc_column_text][\/vc_column][vc_column width=&#8221;1\/2&#8243; css=&#8221;.vc_custom_1697468877918{padding-top: 25px !important;padding-right: 25px !important;padding-bottom: 25px !important;padding-left: 25px !important;background-color: #003873 !important;}&#8221;][vc_raw_html]W2dyYXZpdHlmb3JtIGlkPSI2MCIgdGl0bGU9ImZhbHNlIiBkZXNjcmlwdGlvbj0iZmFsc2UiXQ==[\/vc_raw_html][\/vc_column][\/vc_row][vc_row full_width=&#8221;stretch_row&#8221; css=&#8221;.vc_custom_1727969514553{padding-bottom: 50px !important;background-color: #eceff1 !important;}&#8221; el_class=&#8221;faq-accordion-section&#8221;][vc_column][vc_single_image image=&#8221;3262&#8243; img_size=&#8221;medium&#8221; alignment=&#8221;right&#8221; css=&#8221;.vc_custom_1700033563340{margin-bottom: -105px !important;}&#8221; el_class=&#8221;hide-row&#8221;][vc_custom_heading text=&#8221;H\u00e4ufig gestellte Fragen&#8221; font_container=&#8221;tag:h2|font_size:40px|text_align:left|color:%23003873&#8243; google_fonts=&#8221;font_family:Montserrat%3Aregular%2C700|font_style:700%20bold%20regular%3A700%3Anormal&#8221; css=&#8221;.vc_custom_1700033595093{border-bottom-width: 0.5px !important;padding-top: 50px !important;padding-bottom: 20px !important;border-bottom-color: #000000 !important;border-bottom-style: solid !important;}&#8221;][vc_tta_accordion style=&#8221;flat&#8221; shape=&#8221;square&#8221; c_icon=&#8221;chevron&#8221; active_section=&#8221;1&#8243; no_fill=&#8221;true&#8221;][vc_tta_section title=&#8221;Was sind die f\u00fcr Farbzus\u00e4tze spezifischen FDA-Regeln?&#8221; tab_id=&#8221;faq1&#8243; el_class=&#8221;prior-faq-sec&#8221;][vc_column_text]Alle Farbadditive m\u00fcssen von der FDA f\u00fcr ihren Verwendungszweck zugelassen sein. Nach der Zulassung k\u00fcndigt die FDA eine Verordnung f\u00fcr den spezifischen Farbzusatzstoff an, die in Titel 21 des Code of Federal Regulations zu finden ist.<\/p>\n<p>Einige Farben sind allgemein zugelassen, w\u00e4hrend andere sehr spezifische zugelassene Verwendungen oder Einschr\u00e4nkungen f\u00fcr ihre Verwendung haben. Beta-Carotin kann zum Beispiel im Allgemeinen in Nahrungsmitteln verwendet werden, Spirulina-Extrakt darf jedoch nur in bestimmten Produktkategorien verwendet werden.[\/vc_column_text][\/vc_tta_section][vc_tta_section title=&#8221;Was ist Chargenzertifizierung?&#8221; tab_id=&#8221;faq2&#8243; el_class=&#8221;prior-faq-sec&#8221;][vc_column_text]<span data-contrast=\"none\">Dar\u00fcber hinaus erfordern einige Farbadditive eine \u201eChargenzertifizierung\u201c, bevor sie einem Endprodukt hinzugef\u00fcgt werden k\u00f6nnen, wobei die FDA eine Probe von jeder hergestellten Charge testet, um sicherzustellen, dass sie ihren Spezifikationen entspricht. Diese Farben werden nach der Zertifizierung mit \u201eFD&amp;C\u201c oder \u201eD&amp;C\u201c bezeichnet.<\/span><span data-ccp-props=\"{&quot;201341983&quot;:0,&quot;335559685&quot;:0,&quot;335559739&quot;:160,&quot;335559740&quot;:257}\"><\/span><\/p>\n<p><span data-contrast=\"none\">Die Zertifizierung umfasst strenge Regeln bez\u00fcglich der Herstellung und dann der \u201eKontrolle\u201c der Charge, sodass keine Verf\u00e4lschung auftritt, w\u00e4hrend die FDA die Probe testet. Auch die Kennzeichnung des Farbzusatzes selbst unterliegt besonderen inhaltlichen Anforderungen.\u00a0 Jeder Versto\u00df kann dazu f\u00fchren, dass die FDA die Charge ablehnt und die Zertifizierung verweigert.<\/span><span data-ccp-props=\"{&quot;201341983&quot;:0,&quot;335559685&quot;:0,&quot;335559739&quot;:160,&quot;335559740&quot;:257}\"><\/span><\/p>\n<p><span data-contrast=\"none\">Unternehmen m\u00fcssen sehr vorsichtig sein, um sicherzustellen, dass ihre Farben f\u00fcr die Verwendung in den USA zugelassen sind, da dies eine \u00e4u\u00dferst h\u00e4ufige Ursache f\u00fcr Beschlagnahme ist. Unternehmen m\u00fcssen auch darauf vorbereitet sein, nachzuweisen, dass alle zertifizierten Farben, die in ihren Produkten verwendet werden, aus FDA-zertifizierten Chargen mit der genauen Chargennummer stammen.<\/span><span data-ccp-props=\"{&quot;201341983&quot;:0,&quot;335559685&quot;:0,&quot;335559739&quot;:160,&quot;335559740&quot;:257}\"><\/span>[\/vc_column_text][\/vc_tta_section][vc_tta_section title=&#8221;Was sind die Geb\u00fchren f\u00fcr die Zertifizierung eines Farbzusatzes?&#8221; tab_id=&#8221;faq3&#8243; el_class=&#8221;prior-faq-sec&#8221;][vc_column_text]<span data-contrast=\"none\">Die FDA erhebt Geb\u00fchren basierend auf der Gr\u00f6\u00dfe der zu zertifizierenden Charge. F\u00fcr \u201eStraight Farben\u201c und \u201eLake Farben\u201c betr\u00e4gt die Geb\u00fchr 0,35 USD pro Pfund, jedoch nicht weniger als 224 USD. F\u00fcr Umverpackungen von zuvor zertifizierten Farbzus\u00e4tzen variiert die Geb\u00fchr: Chargen von 35 USD oder weniger; Chargen von mehr als 35 USD bis zu 35 USD plus 0,06 USD f\u00fcr jedes Pfund \u00fcber 100 GBP; und f\u00fcr Chargen von mehr als 89 USD plus 0,02 USD f\u00fcr jedes Pfund \u00fcber 1000 GBP. <\/span><span data-ccp-props=\"{&quot;201341983&quot;:0,&quot;335559685&quot;:0,&quot;335559739&quot;:160,&quot;335559740&quot;:257}\"><\/span><\/p>\n<p><span data-contrast=\"none\">Am 2. November 2022 schlug die FDA eine Erh\u00f6hung der Farbchargen-Zertifizierungsgeb\u00fchren vor, um die erh\u00f6hten Kosten f\u00fcr den Betrieb des Programms zu decken. Diese vorgeschlagene Erh\u00f6hung wurde bisher nicht abgeschlossen.<\/span><span data-ccp-props=\"{&quot;201341983&quot;:0,&quot;335559685&quot;:0,&quot;335559739&quot;:160,&quot;335559740&quot;:257}\"><\/span>[\/vc_column_text][\/vc_tta_section][vc_tta_section title=&#8221;Welche Verfahren muss ein Unternehmen befolgen, um Farben zu zertifizieren?&#8221; tab_id=&#8221;faq4&#8243; el_class=&#8221;prior-faq-sec&#8221;][vc_column_text]<span data-contrast=\"none\">Um Farben bei der FDA zu zertifizieren, muss ein Unternehmen ein Farbzusatzkonto bei der FDA einrichten. Nicht-US-Unternehmen m\u00fcssen auch einen US-Agenten benennen, der die Verantwortung f\u00fcr alle zur Zertifizierung eingereichten Proben \u00fcbernimmt.<\/span><span data-ccp-props=\"{&quot;201341983&quot;:0,&quot;335559685&quot;:0,&quot;335559739&quot;:160,&quot;335559740&quot;:257}\"><\/span><\/p>\n<p><span data-contrast=\"none\">Sobald das Color Additive Account eingerichtet ist, erh\u00e4lt ein Unternehmen Zugriff auf das Online-System der FDA, \u00fcber das Batch-Zertifizierungsanfragen eingereicht werden k\u00f6nnen. Um das Online-System nutzen zu k\u00f6nnen, m\u00fcssen die Zertifizierungsgeb\u00fchren an die FDA gesendet und dem Color Additive Account zugeschrieben werden.<\/span><span data-ccp-props=\"{&quot;201341983&quot;:0,&quot;335559685&quot;:0,&quot;335559739&quot;:160,&quot;335559740&quot;:257}\"><\/span><\/p>\n<p><span data-contrast=\"none\">Sobald die Geb\u00fchren eingegangen sind, kann ein Unternehmen Antr\u00e4ge einreichen und die Proben zur Pr\u00fcfung an die FDA senden. Der US-Agent verwendet auch das Online-System, um die Verantwortung f\u00fcr die Proben zu \u00fcbernehmen. Die FDA wird die Ergebnisse der Pr\u00fcfung im System ver\u00f6ffentlichen und per Post mit Papierzertifikaten f\u00fcr die Chargen nachverfolgen.<\/span><span data-ccp-props=\"{&quot;201341983&quot;:0,&quot;335559685&quot;:0,&quot;335559739&quot;:160,&quot;335559740&quot;:257}\"><\/span>[\/vc_column_text][\/vc_tta_section][vc_tta_section title=&#8221;Was sind Beispiele f\u00fcr Farbzus\u00e4tze, die eine Chargenzertifizierung erfordern?&#8221; tab_id=&#8221;faq5&#8243; el_class=&#8221;prior-faq-sec&#8221;][vc_column_text]<span data-contrast=\"none\">Viele weltweit verwendete Farbadditive unterliegen der Chargenzertifizierung durch die FDA. Es ist sehr \u00fcblich, dass Unternehmen, die Produkte mit diesen Farben in die USA versenden, festgenommene Sendungen und die Verweigerung der Einreise erleben, wenn sie nicht nachweisen k\u00f6nnen, dass die Produkte mit zertifizierten Farben hergestellt wurden.<\/span><span data-ccp-props=\"{&quot;201341983&quot;:0,&quot;335559685&quot;:0,&quot;335559739&quot;:160,&quot;335559740&quot;:257}\"><\/span><\/p>\n<p><span data-contrast=\"none\">Zum Beispiel m\u00fcssen Allura Red, Tartrazine und Sunset Yellow als FD&amp;C Red 40, FD&amp;C Yellow No. 5 und FD&amp;C Yellow No. 6 zertifiziert sein.<\/span><span data-ccp-props=\"{&quot;201341983&quot;:0,&quot;335559685&quot;:0,&quot;335559739&quot;:160,&quot;335559740&quot;:257}\"><\/span>[\/vc_column_text][\/vc_tta_section][vc_tta_section title=&#8221;Welche Mustergr\u00f6\u00dfe muss ich entnehmen?&#8221; tab_id=&#8221;faq6&#8243; el_class=&#8221;prior-faq-sec&#8221;][vc_column_text]<span data-contrast=\"none\">Eine gerade Farbe oder Seeprobe muss 4 Ounces betragen. Eine Umpack- oder Mischprobe muss 2 Ounces betragen. Die FDA bevorzugt, dass Unternehmen bestimmte Beh\u00e4lter verwenden, die die Beh\u00f6rde dem Unternehmen bei der Einrichtung des Farbadditivkontos zusendet. Die Nichtverwendung der Beh\u00e4lter der FDA kann den Prozess verz\u00f6gern oder zur Ablehnung der Probe f\u00fchren.<\/span><span data-ccp-props=\"{&quot;201341983&quot;:0,&quot;335559685&quot;:0,&quot;335559739&quot;:160,&quot;335559740&quot;:257}\"><\/span>[\/vc_column_text][\/vc_tta_section][vc_tta_section title=&#8221;Was muss ich tun, w\u00e4hrend die FDA meine Probe testet?&#8221; tab_id=&#8221;faq7&#8243; el_class=&#8221;prior-faq-sec&#8221;][vc_column_text]<span data-contrast=\"none\">Die FDA-Vorschriften verlangen, dass Ihre Charge bis zur Zertifizierung unter strenger Kontrolle gehalten wird. Es muss in Beh\u00e4ltern aufbewahrt werden, die eine Ver\u00e4nderung der Zusammensetzung verhindern, und unter der Kontrolle der Person bleiben, die die Zertifizierung beantragt.<\/span><span data-ccp-props=\"{&quot;201341983&quot;:0,&quot;335559685&quot;:0,&quot;335559739&quot;:160,&quot;335559740&quot;:257}\"><\/span><\/p>\n<p><span data-contrast=\"none\">Proben m\u00fcssen so gekennzeichnet sein, dass klar ist, dass sie bis zum Abschluss der Zertifizierung nicht verwendet werden d\u00fcrfen. Die FDA hat sich geweigert, Farbzus\u00e4tze zu zertifizieren, wenn die Beh\u00f6rde Grund zu der Annahme hat, dass sie nicht unter der Kontrolle des Antragstellers stehen.<\/span><span data-ccp-props=\"{&quot;201341983&quot;:0,&quot;335559685&quot;:0,&quot;335559739&quot;:160,&quot;335559740&quot;:257}\"><\/span><\/p>\n<p><span data-contrast=\"none\">Nach Abschluss der Zertifizierung muss die Charge so aufbewahrt werden, dass sie ihre ordnungsgem\u00e4\u00dfe Zusammensetzung beibeh\u00e4lt, bis sie in einem Lebensmittel, Arzneimittel oder Kosmetikum verwendet wird.<\/span><span data-ccp-props=\"{&quot;201341983&quot;:0,&quot;335559685&quot;:0,&quot;335559739&quot;:160,&quot;335559740&quot;:257}\"><\/span>[\/vc_column_text][\/vc_tta_section][vc_tta_section title=&#8221;Was ist eine \u201eeinzigartige Chargennummer\u201c?&#8221; tab_id=&#8221;faq8&#8243; el_class=&#8221;prior-faq-sec&#8221;][vc_column_text]<span data-contrast=\"none\">Wenn eine Charge erfolgreich ist und zertifiziert wird, weist die FDA der Charge eine eindeutige Chargennummer zu. Diese Nummer sollte der Kennzeichnung hinzugef\u00fcgt und referenziert werden, wenn die FDA um einen Nachweis der Zertifizierung bittet.<\/span><span data-ccp-props=\"{&quot;201341983&quot;:0,&quot;335559685&quot;:0,&quot;335559739&quot;:160,&quot;335559740&quot;:257}\"><\/span><\/p>\n<p><span data-contrast=\"none\">Jedes Unternehmen, das einen zertifizierbaren Farbzusatz zur Verwendung in einem f\u00fcr den US-amerikanischen Markt bestimmten Endprodukt kauft, sollte sicherstellen, dass ihm die eindeutige Chargennummer mitgeteilt wird, falls die FDA sie bei der Inspektion im Hafen anfordert.<\/span><span data-ccp-props=\"{&quot;201341983&quot;:0,&quot;335559685&quot;:0,&quot;335559739&quot;:160,&quot;335559740&quot;:257}\"><\/span>[\/vc_column_text][\/vc_tta_section][\/vc_tta_accordion][\/vc_column][\/vc_row]\n<\/div>","protected":false},"excerpt":{"rendered":"<p>[vc_row full_width=&#8221;stretch_row&#8221; css=&#8221;.vc_custom_1726759153635{padding-top: 70px !important;background-color: #ffffff !important;}&#8221; el_class=&#8221;vertical-text-align hero-section&#8221;][vc_column width=&#8221;1\/2&#8243; css=&#8221;.vc_custom_1688990185635{padding-top: 50px !important;}&#8221; el_class=&#8221;color-additive-header&#8221;][vc_custom_heading text=&#8221;Halten Sie sich an die FDA-Farbadditive von Registrar Corp.&#8221; font_container=&#8221;tag:h1|font_size:46px|text_align:left|color:%23003873|line_height:56px&#8221; google_fonts=&#8221;font_family:Montserrat%3Aregular%2C700|font_style:700%20bold%20regular%3A700%3Anormal&#8221;][vc_column_text fnt_family=&#8221;Montserrat&#8221; fnt_size=&#8221;18px&#8221; fnt_family_h4=&#8221;Montserrat&#8221; fnt_size_h4=&#8221;24px&#8221;]Vermeiden Sie es, unz\u00e4hlige Stunden damit zu verschwenden, die umfangreichen Anforderungen der FDA an Farbadditive zu recherchieren, und lassen Sie sich von Experten beraten, welche Vorschriften f\u00fcr<\/p>\n","protected":false},"author":33,"featured_media":0,"parent":13730,"menu_order":0,"comment_status":"closed","ping_status":"closed","template":"page-templates\/page-sidebar-none.php","meta":{"_acf_changed":false,"content-type":"","footnotes":""},"class_list":["post-12068","page","type-page","status-publish","hentry"],"acf":[],"_links":{"self":[{"href":"https:\/\/staging.registrarcorp.com\/de\/wp-json\/wp\/v2\/pages\/12068","targetHints":{"allow":["GET"]}}],"collection":[{"href":"https:\/\/staging.registrarcorp.com\/de\/wp-json\/wp\/v2\/pages"}],"about":[{"href":"https:\/\/staging.registrarcorp.com\/de\/wp-json\/wp\/v2\/types\/page"}],"author":[{"embeddable":true,"href":"https:\/\/staging.registrarcorp.com\/de\/wp-json\/wp\/v2\/users\/33"}],"replies":[{"embeddable":true,"href":"https:\/\/staging.registrarcorp.com\/de\/wp-json\/wp\/v2\/comments?post=12068"}],"version-history":[{"count":0,"href":"https:\/\/staging.registrarcorp.com\/de\/wp-json\/wp\/v2\/pages\/12068\/revisions"}],"up":[{"embeddable":true,"href":"https:\/\/staging.registrarcorp.com\/de\/wp-json\/wp\/v2\/pages\/13730"}],"wp:attachment":[{"href":"https:\/\/staging.registrarcorp.com\/de\/wp-json\/wp\/v2\/media?parent=12068"}],"curies":[{"name":"wp","href":"https:\/\/api.w.org\/{rel}","templated":true}]}}